{"id":15553,"date":"2024-10-25T12:20:56","date_gmt":"2024-10-25T16:20:56","guid":{"rendered":"https:\/\/triplex.com.bo\/?post_type=product&#038;p=15553"},"modified":"2025-04-03T09:44:28","modified_gmt":"2025-04-03T13:44:28","slug":"readmi-13c-128-4-ram","status":"publish","type":"product","link":"https:\/\/triplex.com.bo\/index.php\/product\/readmi-13c-128-4-ram\/","title":{"rendered":"READMI 13C 128\/4 RAM"},"content":{"rendered":"<table>\n<caption>\n<h2 class=\"title desk\">Caracter\u00edsticas<\/h2>\n<\/caption>\n<tbody>\n<tr>\n<td><strong>Pantalla<\/strong><\/td>\n<td><strong>C\u00e1mara<\/strong><\/td>\n<\/tr>\n<tr>\n<td>IPS 6,74\u2033<\/p>\n<p>Full HD+<\/p>\n<p>90 Hz<\/td>\n<td>C\u00e1mara triple<\/p>\n<ul>\n<li>C\u00e1mara principal de 50 MP<\/li>\n<li>Lente ultra gran angular de 8 MP<\/li>\n<li>Sensor de profunidad de 2 MP<\/li>\n<\/ul>\n<p>C\u00e1mara frontal de 8 MP<\/td>\n<\/tr>\n<tr>\n<td><strong>Procesador<\/strong><\/td>\n<td><strong>Memoria<\/strong><\/td>\n<\/tr>\n<tr>\n<td>MediaTek Helio G85<\/p>\n<p>&nbsp;<\/td>\n<td>Almacenamiento: 128GB<\/p>\n<p>RAM: 4 GB<\/td>\n<\/tr>\n<tr>\n<td><b>Bater\u00eda<\/b><\/td>\n<td><strong>Software<\/strong><\/td>\n<\/tr>\n<tr>\n<td>5.000 mAh<\/p>\n<p>Carga r\u00e1pida 18W<\/td>\n<td>MIUI 14<\/p>\n<p>Android 13<\/td>\n<\/tr>\n<tr>\n<td><strong>Conectividad<\/strong><\/td>\n<td><strong>Otros<\/strong><\/td>\n<\/tr>\n<tr>\n<td>Wi-Fi Direct<\/p>\n<p>Bluetooth 5.2<\/p>\n<p>USB-C\u00a0 3.1<\/p>\n<p>GPS<\/td>\n<td>Dimensiones en mil\u00edmetros:<\/p>\n<p>160 x 73,1 x 7,6 mm<\/td>\n<\/tr>\n<\/tbody>\n<\/table>\n","protected":false},"excerpt":{"rendered":"<p>Caracter\u00edsticas Pantalla C\u00e1mara IPS 6,74\u2033 Full HD+ 90 Hz C\u00e1mara triple C\u00e1mara principal de 50 MP Lente ultra gran angular de 8 MP Sensor de profunidad de 2 MP C\u00e1mara frontal de 8 MP Procesador Memoria MediaTek Helio G85 &nbsp; Almacenamiento: 128GB RAM: 4 GB Bater\u00eda Software 5.000 mAh Carga r\u00e1pida 18W MIUI 14 Android [&hellip;]<\/p>\n","protected":false},"featured_media":15554,"comment_status":"open","ping_status":"closed","template":"","meta":{"_acf_changed":false},"pwb-brand":[374],"product_brand":[],"product_cat":[339,195],"product_tag":[],"class_list":{"0":"post-15553","1":"product","2":"type-product","3":"status-publish","4":"has-post-thumbnail","6":"pwb-brand-xiaomi","7":"product_cat-tecnologia-celulares","8":"product_cat-tecnologia","10":"first","11":"outofstock","12":"shipping-taxable","13":"purchasable","14":"product-type-simple"},"acf":[],"brands":[{"id":374,"name":"XIAOMI","slug":"xiaomi"}],"_links":{"self":[{"href":"https:\/\/triplex.com.bo\/index.php\/wp-json\/wp\/v2\/product\/15553","targetHints":{"allow":["GET"]}}],"collection":[{"href":"https:\/\/triplex.com.bo\/index.php\/wp-json\/wp\/v2\/product"}],"about":[{"href":"https:\/\/triplex.com.bo\/index.php\/wp-json\/wp\/v2\/types\/product"}],"replies":[{"embeddable":true,"href":"https:\/\/triplex.com.bo\/index.php\/wp-json\/wp\/v2\/comments?post=15553"}],"wp:featuredmedia":[{"embeddable":true,"href":"https:\/\/triplex.com.bo\/index.php\/wp-json\/wp\/v2\/media\/15554"}],"wp:attachment":[{"href":"https:\/\/triplex.com.bo\/index.php\/wp-json\/wp\/v2\/media?parent=15553"}],"wp:term":[{"taxonomy":"pwb-brand","embeddable":true,"href":"https:\/\/triplex.com.bo\/index.php\/wp-json\/wp\/v2\/pwb-brand?post=15553"},{"taxonomy":"product_brand","embeddable":true,"href":"https:\/\/triplex.com.bo\/index.php\/wp-json\/wp\/v2\/product_brand?post=15553"},{"taxonomy":"product_cat","embeddable":true,"href":"https:\/\/triplex.com.bo\/index.php\/wp-json\/wp\/v2\/product_cat?post=15553"},{"taxonomy":"product_tag","embeddable":true,"href":"https:\/\/triplex.com.bo\/index.php\/wp-json\/wp\/v2\/product_tag?post=15553"}],"curies":[{"name":"wp","href":"https:\/\/api.w.org\/{rel}","templated":true}]}}