{"id":15531,"date":"2024-10-23T16:07:09","date_gmt":"2024-10-23T20:07:09","guid":{"rendered":"https:\/\/triplex.com.bo\/?post_type=product&#038;p=15531"},"modified":"2025-10-23T10:38:28","modified_gmt":"2025-10-23T14:38:28","slug":"samsung-a25-5g-128-6-ram","status":"publish","type":"product","link":"https:\/\/triplex.com.bo\/index.php\/product\/samsung-a25-5g-128-6-ram\/","title":{"rendered":"CELULAR SAMSUNG A25  5G 128\/6 RAM"},"content":{"rendered":"<div class=\"active\" role=\"tab\" data-role=\"collapsible\" data-collapsible=\"true\" aria-selected=\"false\" aria-expanded=\"true\">\n<div class=\"title\" tabindex=\"0\" data-role=\"trigger\">\n<h4>Descripci\u00f3n General<\/h4>\n<\/div>\n<\/div>\n<div class=\"description\" role=\"tabpanel\" data-role=\"content\" aria-hidden=\"false\">\n<div class=\"product attribute description\">\n<div class=\"value\">\n<div data-content-type=\"row\" data-appearance=\"contained\" data-element=\"main\">\n<div data-enable-parallax=\"0\" data-parallax-speed=\"0.5\" data-background-images=\"{}\" data-background-type=\"image\" data-video-loop=\"true\" data-video-play-only-visible=\"true\" data-video-lazy-load=\"true\" data-video-fallback-src=\"\" data-element=\"inner\">\n<div data-content-type=\"text\" data-appearance=\"default\" data-element=\"main\"><strong>Potenciado para brillar:<\/strong><\/div>\n<div data-content-type=\"text\" data-appearance=\"default\" data-element=\"main\">\n<p class=\"feature-benefit__title contrast-target\" data-font-size-mo=\"30\" data-font-size-pc=\"48\">Deslumbrante, la pantalla Super AMOLED de 6.5 pulgadas del Galaxy A25 5G emite colores intensos y detalles con un brillo de hasta 1.000 nits, al mismo tiempo que est\u00e1 mejorada con Vision Booster para disfrutar de una visibilidad n\u00edtida en exteriores. Adem\u00e1s, el Eye Comfort Shield reduce la luz azul da\u00f1ina para cuidar tus ojos de d\u00eda y de noche.<\/p>\n<div class=\"feature-benefit__desc-wrap\">\n<p class=\"feature-benefit__title contrast-target\" data-font-size-mo=\"30\" data-font-size-pc=\"48\"><strong>Dise\u00f1o que se distingue por su simplicidad:<br \/>\n<\/strong>Galaxy A25 5G se libera de componentes innecesarios y resalta su esencia de dise\u00f1o con una configuraci\u00f3n limpia de la c\u00e1mara, un perfil elegante, patrones \u00fanicos y un acabado esmerilado. Disponible en Azul Oscuro, Azul, Azul Claro y Amarillo.<\/p>\n<div class=\"feature-benefit__desc-wrap\">\n<section class=\"feature-benefit-text-only margin--48\">\n<div class=\"feature-benefit-text-only__content text-align--center\">\n<p class=\"feature-benefit-text-only__title headline-text-size--medium\"><strong>Videos estables, movimiento suave:<br \/>\n<\/strong>Estabilidad total. OIS y VDIS estabilizan tus videos con una asombrosa frecuencia de respuesta al movimiento de 500 Hz para que puedas capturar f\u00e1cilmente la sensaci\u00f3n cinematogr\u00e1fica durante los desplazamientos o en terrenos irregulares.<\/p>\n<div class=\"two-column__column\">\n<div class=\"two-column__content\">\n<div class=\"two-column__text\">\n<p class=\"feature-benefit__title contrast-target\" data-font-size-mo=\"30\" data-font-size-pc=\"48\"><strong>R\u00e1pido, espacioso y poderoso:<br \/>\n<\/strong>Todo lo que necesitas para hacer m\u00e1s con un potente procesador Exynos 1280, memoria de 6 GB y almacenamiento de 128 GB con soporte para 1 TB adicional con una tarjeta microSD, y todo acompa\u00f1ado de la velocidad del 5G.<\/p>\n<div class=\"feature-benefit__desc-wrap\">\n<p class=\"feature-benefit__title contrast-target\" data-font-size-mo=\"30\" data-font-size-pc=\"48\"><strong>Mantente activo con una bater\u00eda para 2 d\u00edas:<br \/>\n<\/strong>M\u00e1s tiempo para ser productivo con una bater\u00eda de 5,000 mAh (t\u00edpica) que dura 2 d\u00edas y se recarga r\u00e1pidamente con el cargador de carga Superr\u00e1pida.<\/p>\n<\/div>\n<\/div>\n<\/div>\n<\/div>\n<\/div>\n<\/section>\n<\/div>\n<\/div>\n<p>Caracter\u00edsticas:<\/p>\n<div class=\"feature-benefit__desc-wrap\">\n<ul class=\"ui-tabs-nav ui-helper-reset ui-helper-clearfix ui-widget-header ui-corner-all\" role=\"tablist\">\n<li>Procesador:\u00a0Exynos 1280 Octo-Core funcionando a 2,4 GHz.<\/li>\n<li>Sistema: Android 14 + Samsung One UI 6.0.<\/li>\n<li>Pantalla: Super AMOLED de 6,5 pulgadas, resoluci\u00f3n Full HD+ de 1080 x 2340 p\u00edxeles, 120 Hz, Gorilla Glass 5, 398,7 ppi.<\/li>\n<li>RAM: 6 GB.<\/li>\n<li>C\u00e1mara:\u00a050 MP (f\/1,8, OIS) + 8 MP (ultra gran angular, f\/2,2) + 2 MP (macro, f\/2,4, zoom digital 10x), enfoque autom\u00e1tico, flash, panor\u00e1mica, v\u00eddeo 4K, c\u00e1mara frontal de 13 MP (f\/2,2)<\/li>\n<li>Almacenamiento:\u00a0128 GB, (ampliable mediante MicroSDXC hasta 1 TB).<\/li>\n<li>Conectividad:\u00a0BT 5.3, GPS, Wi-Fi 802.11 a\/b\/g\/n\/ac\/ax (2,4\/5 GHz), Wi-Fi Direct, USB tipo C, reconocimiento facial, lector de huellas dactilares lateral.<\/li>\n<li>Bater\u00eda: 5000 mAh con carga r\u00e1pida de 25 W.<\/li>\n<\/ul>\n<p><strong><br \/>\n<\/strong><br \/>\nDimensiones\/Peso:<\/p>\n<ul>\n<li>Alto: 16.1 cm.<\/li>\n<li>Ancho: 7.65 cm.<\/li>\n<li>Grosor: 0.83 cm.<\/li>\n<li>peso de 197 g.<\/li>\n<\/ul>\n<\/div>\n<\/div>\n<\/div>\n<\/div>\n<\/div>\n<\/div>\n<\/div>\n","protected":false},"excerpt":{"rendered":"<p>Descripci\u00f3n General Potenciado para brillar: Deslumbrante, la pantalla Super AMOLED de 6.5 pulgadas del Galaxy A25 5G emite colores intensos y detalles con un brillo de hasta 1.000 nits, al mismo tiempo que est\u00e1 mejorada con Vision Booster para disfrutar de una visibilidad n\u00edtida en exteriores. Adem\u00e1s, el Eye Comfort Shield reduce la luz azul [&hellip;]<\/p>\n","protected":false},"featured_media":15540,"comment_status":"open","ping_status":"closed","template":"","meta":{"_acf_changed":false},"pwb-brand":[369],"product_brand":[],"product_cat":[339,195],"product_tag":[],"class_list":{"0":"post-15531","1":"product","2":"type-product","3":"status-publish","4":"has-post-thumbnail","6":"pwb-brand-samsung","7":"product_cat-tecnologia-celulares","8":"product_cat-tecnologia","10":"first","11":"outofstock","12":"shipping-taxable","13":"purchasable","14":"product-type-simple"},"acf":[],"brands":[{"id":369,"name":"SAMSUNG","slug":"samsung"}],"_links":{"self":[{"href":"https:\/\/triplex.com.bo\/index.php\/wp-json\/wp\/v2\/product\/15531","targetHints":{"allow":["GET"]}}],"collection":[{"href":"https:\/\/triplex.com.bo\/index.php\/wp-json\/wp\/v2\/product"}],"about":[{"href":"https:\/\/triplex.com.bo\/index.php\/wp-json\/wp\/v2\/types\/product"}],"replies":[{"embeddable":true,"href":"https:\/\/triplex.com.bo\/index.php\/wp-json\/wp\/v2\/comments?post=15531"}],"wp:featuredmedia":[{"embeddable":true,"href":"https:\/\/triplex.com.bo\/index.php\/wp-json\/wp\/v2\/media\/15540"}],"wp:attachment":[{"href":"https:\/\/triplex.com.bo\/index.php\/wp-json\/wp\/v2\/media?parent=15531"}],"wp:term":[{"taxonomy":"pwb-brand","embeddable":true,"href":"https:\/\/triplex.com.bo\/index.php\/wp-json\/wp\/v2\/pwb-brand?post=15531"},{"taxonomy":"product_brand","embeddable":true,"href":"https:\/\/triplex.com.bo\/index.php\/wp-json\/wp\/v2\/product_brand?post=15531"},{"taxonomy":"product_cat","embeddable":true,"href":"https:\/\/triplex.com.bo\/index.php\/wp-json\/wp\/v2\/product_cat?post=15531"},{"taxonomy":"product_tag","embeddable":true,"href":"https:\/\/triplex.com.bo\/index.php\/wp-json\/wp\/v2\/product_tag?post=15531"}],"curies":[{"name":"wp","href":"https:\/\/api.w.org\/{rel}","templated":true}]}}