{"id":15524,"date":"2024-10-18T16:04:16","date_gmt":"2024-10-18T20:04:16","guid":{"rendered":"https:\/\/triplex.com.bo\/?post_type=product&#038;p=15524"},"modified":"2025-03-24T11:23:58","modified_gmt":"2025-03-24T15:23:58","slug":"freezer-horizontal-700-ltrs-indurama","status":"publish","type":"product","link":"https:\/\/triplex.com.bo\/index.php\/product\/freezer-horizontal-700-ltrs-indurama\/","title":{"rendered":"FREEZER HORIZONTAL 700 LTS INDURAMA"},"content":{"rendered":"<div class=\"vtex-store-components-3-x-specificationsTableContainer vtex-store-components-3-x-specificationsTableContainer--TabbersEspecificaction mt9 mt0-l pl8-l\">\n<table class=\"vtex-store-components-3-x-specificationsTable vtex-store-components-3-x-specificationsTable--TabbersEspecificaction w-100 bg-base border-collapse\">\n<tbody class=\"vtex-store-components-3-x-specificationsTableBody vtex-store-components-3-x-specificationsTableBody--TabbersEspecificaction\">\n<tr class=\"vtex-store-components-3-x-specificationsTableRow vtex-store-components-3-x-specificationsTableRow--TabbersEspecificaction\">\n<td class=\"vtex-store-components-3-x-specificationItemProperty vtex-store-components-3-x-specificationItemProperty--TabbersEspecificaction w-50 b--muted-4 bb pa5\" data-specification=\"Especificaciones generales\">Especificaciones generales<\/td>\n<td class=\"vtex-store-components-3-x-specificationItemSpecifications vtex-store-components-3-x-specificationItemSpecifications--TabbersEspecificaction w-50 b--muted-4 bb pa5\" data-specification=\"Informaci\u00f3n General:\u2022 Disponible en blanco\u2022 Sistema Frost\u2022 Refrigerante R600\u2022Capacidad de hacer hielo 40 Kg en 24hZona Exterior:\u2022 Control de temperatura digital\u2022 Puerta con llave\u2022 Ruedas de alta resistenciaZona interior:\u2022 Sistema doble acci\u00f3n: congelador y enfriador\u2022 Iluminaci\u00f3n LED\u2022 Accsesorios\u2022 2 canastas met\u00e1lica\">\n<div>Informaci\u00f3n General:\u2022 Disponible en blanco\u2022 Sistema Frost\u2022 Refrigerante R600\u2022Capacidad de hacer hielo 40 Kg en 24hZona Exterior:\u2022 Control de temperatura digital\u2022 Puerta con llave\u2022 Ruedas de alta resistenciaZona interior:\u2022 Sistema doble acci\u00f3n: congelador y enfriador\u2022 Iluminaci\u00f3n LED\u2022 Accsesorios\u2022 2 canastas met\u00e1lica<\/div>\n<\/td>\n<\/tr>\n<\/tbody>\n<\/table>\n<\/div>\n<div class=\"vtex-store-components-3-x-specificationsTableContainer vtex-store-components-3-x-specificationsTableContainer--TabbersEspecificaction mt9 mt0-l pl8-l\">\n<table class=\"vtex-store-components-3-x-specificationsTable vtex-store-components-3-x-specificationsTable--TabbersEspecificaction w-100 bg-base border-collapse\">\n<tbody class=\"vtex-store-components-3-x-specificationsTableBody vtex-store-components-3-x-specificationsTableBody--TabbersEspecificaction\">\n<tr class=\"vtex-store-components-3-x-specificationsTableRow vtex-store-components-3-x-specificationsTableRow--TabbersEspecificaction\">\n<td class=\"vtex-store-components-3-x-specificationItemProperty vtex-store-components-3-x-specificationItemProperty--TabbersEspecificaction w-50 b--muted-4 bb pa5\" data-specification=\"C\u00f3digo\">\n<div>C\u00f3digo<\/div>\n<\/td>\n<td class=\"vtex-store-components-3-x-specificationItemSpecifications vtex-store-components-3-x-specificationItemSpecifications--TabbersEspecificaction w-50 b--muted-4 bb pa5\" data-specification=\"10004469\">\n<div>10004469<\/div>\n<\/td>\n<\/tr>\n<tr class=\"vtex-store-components-3-x-specificationsTableRow vtex-store-components-3-x-specificationsTableRow--TabbersEspecificaction\">\n<td class=\"vtex-store-components-3-x-specificationItemProperty vtex-store-components-3-x-specificationItemProperty--TabbersEspecificaction w-50 b--muted-4 bb pa5\" data-specification=\"Color\">\n<div>Color<\/div>\n<\/td>\n<td class=\"vtex-store-components-3-x-specificationItemSpecifications vtex-store-components-3-x-specificationItemSpecifications--TabbersEspecificaction w-50 b--muted-4 bb pa5\" data-specification=\"Blanco\">\n<div>Blanco<\/div>\n<\/td>\n<\/tr>\n<tr class=\"vtex-store-components-3-x-specificationsTableRow vtex-store-components-3-x-specificationsTableRow--TabbersEspecificaction\">\n<td class=\"vtex-store-components-3-x-specificationItemProperty vtex-store-components-3-x-specificationItemProperty--TabbersEspecificaction w-50 b--muted-4 bb pa5\" data-specification=\"Categorias\">\n<div>Categorias<\/div>\n<\/td>\n<td class=\"vtex-store-components-3-x-specificationItemSpecifications vtex-store-components-3-x-specificationItemSpecifications--TabbersEspecificaction w-50 b--muted-4 bb pa5\" data-specification=\"Congeladores\">\n<div>Congeladores<\/div>\n<\/td>\n<\/tr>\n<tr class=\"vtex-store-components-3-x-specificationsTableRow vtex-store-components-3-x-specificationsTableRow--TabbersEspecificaction\">\n<td class=\"vtex-store-components-3-x-specificationItemProperty vtex-store-components-3-x-specificationItemProperty--TabbersEspecificaction w-50 b--muted-4 bb pa5\" data-specification=\"Medidas del producto\">\n<div>Medidas del producto<\/div>\n<\/td>\n<td class=\"vtex-store-components-3-x-specificationItemSpecifications vtex-store-components-3-x-specificationItemSpecifications--TabbersEspecificaction w-50 b--muted-4 bb pa5\" data-specification=\"MEDIDAS PRODUCTOAlto: 84.5 cmAncho: 195cmProfundidad: 82cm\">\n<div>MEDIDAS PRODUCTOAlto: 84.5 cmAncho: 195cmProfundidad: 82cm<\/div>\n<\/td>\n<\/tr>\n<tr class=\"vtex-store-components-3-x-specificationsTableRow vtex-store-components-3-x-specificationsTableRow--TabbersEspecificaction\">\n<td class=\"vtex-store-components-3-x-specificationItemProperty vtex-store-components-3-x-specificationItemProperty--TabbersEspecificaction w-50 b--muted-4 bb pa5\" data-specification=\"Garant\u00eda\">\n<div>Garant\u00eda<\/div>\n<\/td>\n<td class=\"vtex-store-components-3-x-specificationItemSpecifications vtex-store-components-3-x-specificationItemSpecifications--TabbersEspecificaction w-50 b--muted-4 bb pa5\" data-specification=\"Garant\u00eda 1 a\u00f1o en el producto y 3 a\u00f1os en elcompresor\u2022 Cobertura de servicio en m\u00e1s de 1000 puntos a nivelnacional.\u2022 Repuestos originales de f\u00e1brica\u2022 Asesor\u00eda t\u00e9cnica\u2022 Venta de repuestos\u2022 Mantenimiento correctivo y preventivoInstalaci\u00f3n el\u00e9ctrica- La conexi\u00f3n el\u00e9ctrica debe ser de 115V y debe poseer conexi\u00f3n tener tierra.(Realizado por un t\u00e9cnico calificado)- El tomacorriente y el enchufe del producto debe ser tipo B (3 patas normal) y debe estarubicado a una distancia m\u00e1xima de 1,50 m del producto.- No debe existir variaciones fuerte de voltaje\u2022 No usar extensiones ni adaptadores m\u00faltiples.Colocaci\u00f3n del producto-Piso firme y nivelado que no este expuesto a la intemperie, luz solar.-Evitar fuentes directas de calor-Colocar a 15 cm de la parte posterior y 2 cm de los lados.\">\n<div>Garant\u00eda 1 a\u00f1o en el producto y 3 a\u00f1os en elcompresor\u2022 Cobertura de servicio en m\u00e1s de 1000 puntos a nivelnacional.\u2022 Repuestos originales de f\u00e1brica\u2022 Asesor\u00eda t\u00e9cnica\u2022 Venta de repuestos\u2022 Mantenimiento correctivo y preventivoInstalaci\u00f3n el\u00e9ctrica- La conexi\u00f3n el\u00e9ctrica debe ser de 115V y debe poseer conexi\u00f3n tener tierra.(Realizado por un t\u00e9cnico calificado)- El tomacorriente y el enchufe del producto debe ser tipo B (3 patas normal) y debe estarubicado a una distancia m\u00e1xima de 1,50 m del producto.- No debe existir variaciones fuerte de voltaje\u2022 No usar extensiones ni adaptadores m\u00faltiples.Colocaci\u00f3n del producto-Piso firme y nivelado que no este expuesto a la intemperie, luz solar.-Evitar fuentes directas de calor-Colocar a 15 cm de la parte posterior y 2 cm de los lados.<\/div>\n<\/td>\n<\/tr>\n<\/tbody>\n<\/table>\n<\/div>\n","protected":false},"excerpt":{"rendered":"<p>Especificaciones generales Informaci\u00f3n General:\u2022 Disponible en blanco\u2022 Sistema Frost\u2022 Refrigerante R600\u2022Capacidad de hacer hielo 40 Kg en 24hZona Exterior:\u2022 Control de temperatura digital\u2022 Puerta con llave\u2022 Ruedas de alta resistenciaZona interior:\u2022 Sistema doble acci\u00f3n: congelador y enfriador\u2022 Iluminaci\u00f3n LED\u2022 Accsesorios\u2022 2 canastas met\u00e1lica C\u00f3digo 10004469 Color Blanco Categorias Congeladores Medidas del producto MEDIDAS PRODUCTOAlto: 84.5 [&hellip;]<\/p>\n","protected":false},"featured_media":15526,"comment_status":"open","ping_status":"closed","template":"","meta":{"_acf_changed":false},"pwb-brand":[412],"product_brand":[],"product_cat":[172,142],"product_tag":[],"class_list":{"0":"post-15524","1":"product","2":"type-product","3":"status-publish","4":"has-post-thumbnail","6":"pwb-brand-indurama","7":"product_cat-refrigeradores-freezers","8":"product_cat-refrigeradores","10":"first","11":"outofstock","12":"shipping-taxable","13":"purchasable","14":"product-type-simple"},"acf":[],"brands":[{"id":412,"name":"indurama","slug":"indurama"}],"_links":{"self":[{"href":"https:\/\/triplex.com.bo\/index.php\/wp-json\/wp\/v2\/product\/15524","targetHints":{"allow":["GET"]}}],"collection":[{"href":"https:\/\/triplex.com.bo\/index.php\/wp-json\/wp\/v2\/product"}],"about":[{"href":"https:\/\/triplex.com.bo\/index.php\/wp-json\/wp\/v2\/types\/product"}],"replies":[{"embeddable":true,"href":"https:\/\/triplex.com.bo\/index.php\/wp-json\/wp\/v2\/comments?post=15524"}],"wp:featuredmedia":[{"embeddable":true,"href":"https:\/\/triplex.com.bo\/index.php\/wp-json\/wp\/v2\/media\/15526"}],"wp:attachment":[{"href":"https:\/\/triplex.com.bo\/index.php\/wp-json\/wp\/v2\/media?parent=15524"}],"wp:term":[{"taxonomy":"pwb-brand","embeddable":true,"href":"https:\/\/triplex.com.bo\/index.php\/wp-json\/wp\/v2\/pwb-brand?post=15524"},{"taxonomy":"product_brand","embeddable":true,"href":"https:\/\/triplex.com.bo\/index.php\/wp-json\/wp\/v2\/product_brand?post=15524"},{"taxonomy":"product_cat","embeddable":true,"href":"https:\/\/triplex.com.bo\/index.php\/wp-json\/wp\/v2\/product_cat?post=15524"},{"taxonomy":"product_tag","embeddable":true,"href":"https:\/\/triplex.com.bo\/index.php\/wp-json\/wp\/v2\/product_tag?post=15524"}],"curies":[{"name":"wp","href":"https:\/\/api.w.org\/{rel}","templated":true}]}}