{"id":15406,"date":"2024-08-20T09:48:13","date_gmt":"2024-08-20T13:48:13","guid":{"rendered":"https:\/\/triplex.com.bo\/?post_type=product&#038;p=15406"},"modified":"2025-05-24T11:22:47","modified_gmt":"2025-05-24T15:22:47","slug":"microondas-31ltrs-electrolux-gris","status":"publish","type":"product","link":"https:\/\/triplex.com.bo\/index.php\/product\/microondas-31ltrs-electrolux-gris\/","title":{"rendered":"MICROONDAS 31 LTS ELECTROLUX GRIS"},"content":{"rendered":"<p><strong>Funci\u00f3n fermentar<\/strong><\/p>\n<p>Acelera el proceso de fermentaci\u00f3n de masas y otras preparaciones.<\/p>\n<p><em>Prueba realizada con masa de pana. Beneficio percibido cuando la temperatura ambiente es interior a 20\u00b0C.<\/em><\/p>\n<p><strong>Funci\u00f3n mantener caliente<\/strong><\/p>\n<p>Disfruta lo mejor de cada comida manteniendo la temperatura en tus platos hasta el momento del consumo. Tus platos como reci\u00e9n preparados.<\/p>\n<p><strong>Funci\u00f3n sin olor<\/strong><\/p>\n<p>El sistema de recirculaci\u00f3n de aire interior suaviza los olores que dejan las preparaciones anteriores y mantiene el microondas siempre listo para la siguiente receta.<\/p>\n<p><strong>Panel de control intuitivo y f\u00e1cil de usar<\/strong><\/p>\n<p>El innovar panel inteligente ofrece 4 funciones diferentes para facilitar tus preparaciones diarias. Puedes seleccionar entre derretir, deshidratar, cocci\u00f3n delicada y cocci\u00f3n r\u00e1pida con un solo toque.<\/p>\n<ul class=\"ml-4\">\n<li><strong>Derretir:<\/strong> derrite chocolate y mantequilla f\u00e1cilmente y en el punto correcto.<\/li>\n<li><strong>Deshidratar: <\/strong>para hacer snacks de frutas o vegetales, o para deshidratar hierbas para conservarlas por m\u00e1s tiempo.<\/li>\n<li><strong>Cocci\u00f3n delicada: <\/strong>si desea preparar alimentos blandos, como pescado y algunos tipos de verduras.<\/li>\n<li><strong>Cocci\u00f3n r\u00e1pida: <\/strong>proporciona agilidad en la preparaci\u00f3n de alimentos firmes, como la carne de res y verduras como las papas.<\/li>\n<\/ul>\n<p><strong>Potencia<\/strong><\/p>\n<p>1450W de potencia, ideal para mejores resultados.<\/p>\n<p><strong>Especificaciones:<\/strong><\/p>\n<ul class=\"ml-4\">\n<li><strong>Di\u00e1metro del plato:<\/strong> 31.5 cm.<\/li>\n<li><strong>Tipo de abertura: <\/strong>Pulsador.<\/li>\n<li><strong>Tipo de panel: <\/strong>Membrana.<\/li>\n<li>Reloj digital.<\/li>\n<li>15 programas.<\/li>\n<li>10 niveles.<\/li>\n<\/ul>\n<h2 class=\"styles__Title-sc-1ysa3g7-1 bQwhED\"><b>Dimensiones:<\/b><\/h2>\n<div class=\"styles__Description-sc-1ysa3g7-2 gReGkh table-responsive\">\n<table class=\"table-striped tableDim\">\n<thead>\n<tr>\n<th>Dimensiones y peso<\/th>\n<th>Alto (cm)<\/th>\n<th>Ancho (cm)<\/th>\n<th>Profundidad (cm)<\/th>\n<th>Peso (kg)<\/th>\n<\/tr>\n<\/thead>\n<tbody>\n<tr>\n<td>Producto<\/td>\n<td>33.0<\/td>\n<td>52.0<\/td>\n<td>42.0<\/td>\n<td>15.14<\/td>\n<\/tr>\n<\/tbody>\n<\/table>\n<\/div>\n","protected":false},"excerpt":{"rendered":"<p>Funci\u00f3n fermentar Acelera el proceso de fermentaci\u00f3n de masas y otras preparaciones. Prueba realizada con masa de pana. Beneficio percibido cuando la temperatura ambiente es interior a 20\u00b0C. Funci\u00f3n mantener caliente Disfruta lo mejor de cada comida manteniendo la temperatura en tus platos hasta el momento del consumo. Tus platos como reci\u00e9n preparados. Funci\u00f3n sin [&hellip;]<\/p>\n","protected":false},"featured_media":15409,"comment_status":"open","ping_status":"closed","template":"","meta":{"_acf_changed":false},"pwb-brand":[207],"product_brand":[],"product_cat":[181,144],"product_tag":[],"class_list":{"0":"post-15406","1":"product","2":"type-product","3":"status-publish","4":"has-post-thumbnail","6":"pwb-brand-electrolux","7":"product_cat-hornos-microondas-2","8":"product_cat-hornos-microondas","10":"first","11":"outofstock","12":"shipping-taxable","13":"purchasable","14":"product-type-simple"},"acf":[],"brands":[{"id":207,"name":"Electrolux","slug":"electrolux"}],"_links":{"self":[{"href":"https:\/\/triplex.com.bo\/index.php\/wp-json\/wp\/v2\/product\/15406","targetHints":{"allow":["GET"]}}],"collection":[{"href":"https:\/\/triplex.com.bo\/index.php\/wp-json\/wp\/v2\/product"}],"about":[{"href":"https:\/\/triplex.com.bo\/index.php\/wp-json\/wp\/v2\/types\/product"}],"replies":[{"embeddable":true,"href":"https:\/\/triplex.com.bo\/index.php\/wp-json\/wp\/v2\/comments?post=15406"}],"wp:featuredmedia":[{"embeddable":true,"href":"https:\/\/triplex.com.bo\/index.php\/wp-json\/wp\/v2\/media\/15409"}],"wp:attachment":[{"href":"https:\/\/triplex.com.bo\/index.php\/wp-json\/wp\/v2\/media?parent=15406"}],"wp:term":[{"taxonomy":"pwb-brand","embeddable":true,"href":"https:\/\/triplex.com.bo\/index.php\/wp-json\/wp\/v2\/pwb-brand?post=15406"},{"taxonomy":"product_brand","embeddable":true,"href":"https:\/\/triplex.com.bo\/index.php\/wp-json\/wp\/v2\/product_brand?post=15406"},{"taxonomy":"product_cat","embeddable":true,"href":"https:\/\/triplex.com.bo\/index.php\/wp-json\/wp\/v2\/product_cat?post=15406"},{"taxonomy":"product_tag","embeddable":true,"href":"https:\/\/triplex.com.bo\/index.php\/wp-json\/wp\/v2\/product_tag?post=15406"}],"curies":[{"name":"wp","href":"https:\/\/api.w.org\/{rel}","templated":true}]}}