{"id":15344,"date":"2024-08-01T16:37:23","date_gmt":"2024-08-01T20:37:23","guid":{"rendered":"https:\/\/triplex.com.bo\/?post_type=product&#038;p=15344"},"modified":"2026-05-05T23:38:49","modified_gmt":"2026-05-06T03:38:49","slug":"secadora-7kgrs-electrica-electrolux","status":"publish","type":"product","link":"https:\/\/triplex.com.bo\/index.php\/product\/secadora-7kgrs-electrica-electrolux\/","title":{"rendered":"SECADORA 7KG ELECTRICA ELECTROLUX"},"content":{"rendered":"<h5>Ficha t\u00e9cnica<\/h5>\n<div>\n<table>\n<thead>\n<tr>\n<th>Atributo<\/th>\n<th>Detalle<\/th>\n<\/tr>\n<\/thead>\n<tbody>\n<tr>\n<td>Precio<\/td>\n<td><span class=\"price\">S\/ \u00a01,099.00<\/span><\/td>\n<\/tr>\n<tr>\n<td>Marca<\/td>\n<td>ELECTROLUX<\/td>\n<\/tr>\n<tr>\n<td>Modelo<\/td>\n<td>EDEJ07D2JSYW<\/td>\n<\/tr>\n<tr>\n<td>Alto<\/td>\n<td>68cm<\/td>\n<\/tr>\n<tr>\n<td>Ancho<\/td>\n<td>60cm<\/td>\n<\/tr>\n<tr>\n<td>Profundidad<\/td>\n<td>56.5cm<\/td>\n<\/tr>\n<tr>\n<td>Peso<\/td>\n<td>25 kg<\/td>\n<\/tr>\n<tr>\n<td>Alto empaque<\/td>\n<td>76cm<\/td>\n<\/tr>\n<tr>\n<td>Ancho empaque<\/td>\n<td>65.5cm<\/td>\n<\/tr>\n<tr>\n<td>Profundidad empaque<\/td>\n<td>58.5cm<\/td>\n<\/tr>\n<tr>\n<td>Peso con empaque<\/td>\n<td>28kg<\/td>\n<\/tr>\n<tr>\n<td>Tipo de panel<\/td>\n<td>Digital<\/td>\n<\/tr>\n<tr>\n<td>Capacidad de secado<\/td>\n<td>7 Kg, Edred\u00f3n, pesado, normal, Delicado, r\u00e1pido, time control, super seco, para guardar, plancha f\u00e1cil, econ\u00f3mico, aire frio)<\/td>\n<\/tr>\n<tr>\n<td>Cantidad de programas<\/td>\n<td>11<\/td>\n<\/tr>\n<tr>\n<td>Niveles de temperatura<\/td>\n<td>5<\/td>\n<\/tr>\n<tr>\n<td>Funciones destacadas<\/td>\n<td>Tipo de carga: Frontal<\/p>\n<p><label for=\"LHYIW6Q\" data-bind=\"attr: {for: uid}\"><span data-bind=\"attr: {'data-config-scope': $data.scopeLabel}, i18n: label\" data-config-scope=\"[STORE VIEW]\">Ciclos de secado: Evacuaci\u00f3n<\/span><\/label><\/td>\n<\/tr>\n<tr>\n<td>Funcion antiarrugas<\/td>\n<td>No<\/td>\n<\/tr>\n<tr>\n<td>Vapor<\/td>\n<td>No<\/td>\n<\/tr>\n<tr>\n<td>Potencia<\/td>\n<td>1250W<\/td>\n<\/tr>\n<tr>\n<td>Eficiencia energ\u00e9tica<\/td>\n<td>G<\/td>\n<\/tr>\n<tr>\n<td>Alimentaci\u00f3n<\/td>\n<td>Red el\u00e9ctrica<\/td>\n<\/tr>\n<tr>\n<td>Consumo<\/td>\n<td>5,06 kWh\/Ciclo<\/td>\n<\/tr>\n<tr>\n<td>Bloqueo de seguridad<\/td>\n<td>S\u00ed<\/td>\n<\/tr>\n<tr>\n<td>Color<\/td>\n<td>Blanco<\/td>\n<\/tr>\n<tr>\n<td>Consideraciones<\/td>\n<td>Material del tambor: Acero Inoxidable<\/td>\n<\/tr>\n<\/tbody>\n<\/table>\n<\/div>\n","protected":false},"excerpt":{"rendered":"<p>Ficha t\u00e9cnica Atributo Detalle Precio S\/ \u00a01,099.00 Marca ELECTROLUX Modelo EDEJ07D2JSYW Alto 68cm Ancho 60cm Profundidad 56.5cm Peso 25 kg Alto empaque 76cm Ancho empaque 65.5cm Profundidad empaque 58.5cm Peso con empaque 28kg Tipo de panel Digital Capacidad de secado 7 Kg, Edred\u00f3n, pesado, normal, Delicado, r\u00e1pido, time control, super seco, para guardar, plancha f\u00e1cil, [&hellip;]<\/p>\n","protected":false},"featured_media":18115,"comment_status":"open","ping_status":"closed","template":"","meta":{"_acf_changed":false},"pwb-brand":[207],"product_brand":[],"product_cat":[189,209,192],"product_tag":[430],"class_list":{"0":"post-15344","1":"product","2":"type-product","3":"status-publish","4":"has-post-thumbnail","6":"pwb-brand-electrolux","7":"product_cat-lavadoras-y-secadores","8":"product_cat-ofertas-especiales","9":"product_cat-lavanderia-secadoras","10":"product_tag-oferta","12":"first","13":"instock","14":"sale","15":"shipping-taxable","16":"purchasable","17":"product-type-simple"},"acf":[],"brands":[{"id":207,"name":"Electrolux","slug":"electrolux"}],"_links":{"self":[{"href":"https:\/\/triplex.com.bo\/index.php\/wp-json\/wp\/v2\/product\/15344","targetHints":{"allow":["GET"]}}],"collection":[{"href":"https:\/\/triplex.com.bo\/index.php\/wp-json\/wp\/v2\/product"}],"about":[{"href":"https:\/\/triplex.com.bo\/index.php\/wp-json\/wp\/v2\/types\/product"}],"replies":[{"embeddable":true,"href":"https:\/\/triplex.com.bo\/index.php\/wp-json\/wp\/v2\/comments?post=15344"}],"wp:featuredmedia":[{"embeddable":true,"href":"https:\/\/triplex.com.bo\/index.php\/wp-json\/wp\/v2\/media\/18115"}],"wp:attachment":[{"href":"https:\/\/triplex.com.bo\/index.php\/wp-json\/wp\/v2\/media?parent=15344"}],"wp:term":[{"taxonomy":"pwb-brand","embeddable":true,"href":"https:\/\/triplex.com.bo\/index.php\/wp-json\/wp\/v2\/pwb-brand?post=15344"},{"taxonomy":"product_brand","embeddable":true,"href":"https:\/\/triplex.com.bo\/index.php\/wp-json\/wp\/v2\/product_brand?post=15344"},{"taxonomy":"product_cat","embeddable":true,"href":"https:\/\/triplex.com.bo\/index.php\/wp-json\/wp\/v2\/product_cat?post=15344"},{"taxonomy":"product_tag","embeddable":true,"href":"https:\/\/triplex.com.bo\/index.php\/wp-json\/wp\/v2\/product_tag?post=15344"}],"curies":[{"name":"wp","href":"https:\/\/api.w.org\/{rel}","templated":true}]}}