{"id":15294,"date":"2024-07-16T14:54:32","date_gmt":"2024-07-16T18:54:32","guid":{"rendered":"https:\/\/triplex.com.bo\/?post_type=product&#038;p=15294"},"modified":"2025-07-07T16:07:50","modified_gmt":"2025-07-07T20:07:50","slug":"moto-boxer-bm-150-ug-todo-terreno-roja","status":"publish","type":"product","link":"https:\/\/triplex.com.bo\/index.php\/product\/moto-boxer-bm-150-ug-todo-terreno-roja\/","title":{"rendered":"MOTO BOXER BM 150 UG TODO TERRENO (2025)"},"content":{"rendered":"<p>Las motocicletas Boxer son motos Hechas Para Durar, una moto con potencia y resistencia en todo momento.<br \/>\nEspecificaciones T\u00e9cnicas:<br \/>\no CILINDRADA: 144.8CC<br \/>\no TORQUE M\u00c1XIMO: 12.3NM<br \/>\no POTENCIA: 11.8HP<br \/>\no TANQUE: 11LTS<br \/>\no VELOCIDADES: 5<br \/>\no Suspensi\u00f3n SNS: La amortiguaci\u00f3n SNS consiste en 2 resortes coaxiales montados en un amortiguador, lo que brinda una suspensi\u00f3n m\u00e1s absorbente y flexible.<br \/>\nOtros:<br \/>\no Cargador de celular<br \/>\no Guardafangos altos todo terreno<\/p>\n<p>Garant\u00eda de veh\u00edculo:<br \/>\no 20000km de recorrido o 12 meses de uso. (Lo que suceda primero)<br \/>\no 3 mantenimientos gratuitos que puedas realizarlos en cualquier STA de Motoland Importaciones. (1er 500 km, 2do 2.500 km y 3er 5.000 km)<br \/>\no Exige tu factura y con ella registra tu moto y sus mantenimientos en nuestra app: Motoland\u00a0Servicios.<\/p>\n","protected":false},"excerpt":{"rendered":"<p>Las motocicletas Boxer son motos Hechas Para Durar, una moto con potencia y resistencia en todo momento. Especificaciones T\u00e9cnicas: o CILINDRADA: 144.8CC o TORQUE M\u00c1XIMO: 12.3NM o POTENCIA: 11.8HP o TANQUE: 11LTS o VELOCIDADES: 5 o Suspensi\u00f3n SNS: La amortiguaci\u00f3n SNS consiste en 2 resortes coaxiales montados en un amortiguador, lo que brinda una suspensi\u00f3n [&hellip;]<\/p>\n","protected":false},"featured_media":15300,"comment_status":"open","ping_status":"closed","template":"","meta":{"_acf_changed":false},"pwb-brand":[418],"product_brand":[],"product_cat":[345],"product_tag":[],"class_list":{"0":"post-15294","1":"product","2":"type-product","3":"status-publish","4":"has-post-thumbnail","6":"pwb-brand-boxer","7":"product_cat-motos","9":"first","10":"outofstock","11":"shipping-taxable","12":"purchasable","13":"product-type-simple"},"acf":[],"brands":[{"id":418,"name":"BOXER","slug":"boxer"}],"_links":{"self":[{"href":"https:\/\/triplex.com.bo\/index.php\/wp-json\/wp\/v2\/product\/15294","targetHints":{"allow":["GET"]}}],"collection":[{"href":"https:\/\/triplex.com.bo\/index.php\/wp-json\/wp\/v2\/product"}],"about":[{"href":"https:\/\/triplex.com.bo\/index.php\/wp-json\/wp\/v2\/types\/product"}],"replies":[{"embeddable":true,"href":"https:\/\/triplex.com.bo\/index.php\/wp-json\/wp\/v2\/comments?post=15294"}],"wp:featuredmedia":[{"embeddable":true,"href":"https:\/\/triplex.com.bo\/index.php\/wp-json\/wp\/v2\/media\/15300"}],"wp:attachment":[{"href":"https:\/\/triplex.com.bo\/index.php\/wp-json\/wp\/v2\/media?parent=15294"}],"wp:term":[{"taxonomy":"pwb-brand","embeddable":true,"href":"https:\/\/triplex.com.bo\/index.php\/wp-json\/wp\/v2\/pwb-brand?post=15294"},{"taxonomy":"product_brand","embeddable":true,"href":"https:\/\/triplex.com.bo\/index.php\/wp-json\/wp\/v2\/product_brand?post=15294"},{"taxonomy":"product_cat","embeddable":true,"href":"https:\/\/triplex.com.bo\/index.php\/wp-json\/wp\/v2\/product_cat?post=15294"},{"taxonomy":"product_tag","embeddable":true,"href":"https:\/\/triplex.com.bo\/index.php\/wp-json\/wp\/v2\/product_tag?post=15294"}],"curies":[{"name":"wp","href":"https:\/\/api.w.org\/{rel}","templated":true}]}}