{"id":15277,"date":"2024-07-12T16:32:45","date_gmt":"2024-07-12T20:32:45","guid":{"rendered":"https:\/\/triplex.com.bo\/?post_type=product&#038;p=15277"},"modified":"2026-03-11T16:05:11","modified_gmt":"2026-03-11T20:05:11","slug":"termotanque-190-lts-50g-gn-rheem","status":"publish","type":"product","link":"https:\/\/triplex.com.bo\/index.php\/product\/termotanque-190-lts-50g-gn-rheem\/","title":{"rendered":"TERMOTANQUE 190 LTS (50G) GN RHEEM"},"content":{"rendered":"<p>Agua caliente a temperatura estable aun en climas fr\u00edos. Su equipamiento con tecnolog\u00eda avanzada de alta recuperaci\u00f3n garantiza la mayor seguridad y eficiencia de su categor\u00eda. Ideal para bajas presiones de agua.<\/p>\n<p>Elige Rheem y disfruta de todos sus beneficios.<\/p>\n<p><strong>Caracter\u00edsticas \u00fanicas y superiores<\/strong><\/p>\n<ul>\n<li>Estanque esmaltado de Porcelana Bi-Capa Rheemglas \u2122.<\/li>\n<li>Aislaci\u00f3n de poliuretano expandido de alta densidad de 25mm.<\/li>\n<li>\u00c1nodo de Magnesio protegiendo al 100% el tanque interior.<\/li>\n<li>Triple sistema de seguridad:<br \/>\n\u2013 Apagado autom\u00e1tico en caso de falta de flama.<br \/>\n\u2013 Sistema de corte por sobrecalentamiento.<br \/>\n\u2013 V\u00e1lvula de seguridad de sobre presi\u00f3n.<\/li>\n<li>Sistema de auto-limpieza patentado Everkleen, que evita la acumulaci\u00f3n de sales.<\/li>\n<li>Encendido piezoel\u00e9ctrico.<\/li>\n<li>Operaci\u00f3n sin pila.<\/li>\n<li>Quemador Gasmaster de acero zinc-alum que otorga la vida \u00fatil del termo.<\/li>\n<li>V\u00e1lvula de drenado facilita mantenci\u00f3n.<\/li>\n<\/ul>\n","protected":false},"excerpt":{"rendered":"<p>Agua caliente a temperatura estable aun en climas fr\u00edos. Su equipamiento con tecnolog\u00eda avanzada de alta recuperaci\u00f3n garantiza la mayor seguridad y eficiencia de su categor\u00eda. Ideal para bajas presiones de agua. Elige Rheem y disfruta de todos sus beneficios. Caracter\u00edsticas \u00fanicas y superiores Estanque esmaltado de Porcelana Bi-Capa Rheemglas \u2122. Aislaci\u00f3n de poliuretano expandido [&hellip;]<\/p>\n","protected":false},"featured_media":15274,"comment_status":"open","ping_status":"closed","template":"","meta":{"_acf_changed":false},"pwb-brand":[],"product_brand":[],"product_cat":[209,145],"product_tag":[],"class_list":{"0":"post-15277","1":"product","2":"type-product","3":"status-publish","4":"has-post-thumbnail","6":"product_cat-ofertas-especiales","7":"product_cat-calefones-termotanques","9":"first","10":"instock","11":"sale","12":"shipping-taxable","13":"purchasable","14":"product-type-simple"},"acf":[],"brands":[],"_links":{"self":[{"href":"https:\/\/triplex.com.bo\/index.php\/wp-json\/wp\/v2\/product\/15277","targetHints":{"allow":["GET"]}}],"collection":[{"href":"https:\/\/triplex.com.bo\/index.php\/wp-json\/wp\/v2\/product"}],"about":[{"href":"https:\/\/triplex.com.bo\/index.php\/wp-json\/wp\/v2\/types\/product"}],"replies":[{"embeddable":true,"href":"https:\/\/triplex.com.bo\/index.php\/wp-json\/wp\/v2\/comments?post=15277"}],"wp:featuredmedia":[{"embeddable":true,"href":"https:\/\/triplex.com.bo\/index.php\/wp-json\/wp\/v2\/media\/15274"}],"wp:attachment":[{"href":"https:\/\/triplex.com.bo\/index.php\/wp-json\/wp\/v2\/media?parent=15277"}],"wp:term":[{"taxonomy":"pwb-brand","embeddable":true,"href":"https:\/\/triplex.com.bo\/index.php\/wp-json\/wp\/v2\/pwb-brand?post=15277"},{"taxonomy":"product_brand","embeddable":true,"href":"https:\/\/triplex.com.bo\/index.php\/wp-json\/wp\/v2\/product_brand?post=15277"},{"taxonomy":"product_cat","embeddable":true,"href":"https:\/\/triplex.com.bo\/index.php\/wp-json\/wp\/v2\/product_cat?post=15277"},{"taxonomy":"product_tag","embeddable":true,"href":"https:\/\/triplex.com.bo\/index.php\/wp-json\/wp\/v2\/product_tag?post=15277"}],"curies":[{"name":"wp","href":"https:\/\/api.w.org\/{rel}","templated":true}]}}