{"id":15273,"date":"2024-07-12T16:24:24","date_gmt":"2024-07-12T20:24:24","guid":{"rendered":"https:\/\/triplex.com.bo\/?post_type=product&#038;p=15273"},"modified":"2026-03-11T16:07:01","modified_gmt":"2026-03-11T20:07:01","slug":"termotanque-152-lts-40g-gn-rheem","status":"publish","type":"product","link":"https:\/\/triplex.com.bo\/index.php\/product\/termotanque-152-lts-40g-gn-rheem\/","title":{"rendered":"TERMOTANQUE 152 LTS (40G) GN RHEEM"},"content":{"rendered":"<p>\u00bfBuscando un termotanque para tu negocio, casa de playa, hotel o gimnasio? Descubre este termotanque de 152 litros con capacidad recomendada para 6 duchas en simult\u00e1neo.<\/p>\n<p><strong>Caracter\u00edsticas:<\/strong><\/p>\n<ul>\n<li>Capacidad recomendable para 6 duchas<\/li>\n<li>Bi-capa Rheemglas: tanque interno esmaltado de porcelana<\/li>\n<li>Sistema Everkleen: elimina la acumulaci\u00f3n de sedimentos alargando su vida \u00fatil<\/li>\n<li>Tanque recubierto con espuma aislante R-Foam: conserva el agua caliente por m\u00e1s tiempo<\/li>\n<li>\u00c1nodo de magnesio protegiendo al 100% en el interior del tanque<\/li>\n<li>Sistema rompevientos: evita que se apague el calentador por corrientes de aire<\/li>\n<li>Deflector de gases calientes: aprovecha al m\u00e1ximo el calor de los gases de combusti\u00f3n, antes de ser descargados hacia el exterior.<\/li>\n<li>Triple sistema de seguridad: apagado autom\u00e1tico en caso de falta de flama, sistema de corte por sobrecalentamiento y v\u00e1lvula de seguridad de sobrepresi\u00f3n.<\/li>\n<li>V\u00e1lvula de drenado para vaciar el tanque y facilitar la limpieza interior<\/li>\n<\/ul>\n","protected":false},"excerpt":{"rendered":"<p>\u00bfBuscando un termotanque para tu negocio, casa de playa, hotel o gimnasio? Descubre este termotanque de 152 litros con capacidad recomendada para 6 duchas en simult\u00e1neo. Caracter\u00edsticas: Capacidad recomendable para 6 duchas Bi-capa Rheemglas: tanque interno esmaltado de porcelana Sistema Everkleen: elimina la acumulaci\u00f3n de sedimentos alargando su vida \u00fatil Tanque recubierto con espuma aislante [&hellip;]<\/p>\n","protected":false},"featured_media":15274,"comment_status":"open","ping_status":"closed","template":"","meta":{"_acf_changed":false},"pwb-brand":[],"product_brand":[],"product_cat":[209,183,145],"product_tag":[],"class_list":{"0":"post-15273","1":"product","2":"type-product","3":"status-publish","4":"has-post-thumbnail","6":"product_cat-ofertas-especiales","7":"product_cat-termotanques","8":"product_cat-calefones-termotanques","10":"first","11":"instock","12":"sale","13":"shipping-taxable","14":"purchasable","15":"product-type-simple"},"acf":[],"brands":[],"_links":{"self":[{"href":"https:\/\/triplex.com.bo\/index.php\/wp-json\/wp\/v2\/product\/15273","targetHints":{"allow":["GET"]}}],"collection":[{"href":"https:\/\/triplex.com.bo\/index.php\/wp-json\/wp\/v2\/product"}],"about":[{"href":"https:\/\/triplex.com.bo\/index.php\/wp-json\/wp\/v2\/types\/product"}],"replies":[{"embeddable":true,"href":"https:\/\/triplex.com.bo\/index.php\/wp-json\/wp\/v2\/comments?post=15273"}],"wp:featuredmedia":[{"embeddable":true,"href":"https:\/\/triplex.com.bo\/index.php\/wp-json\/wp\/v2\/media\/15274"}],"wp:attachment":[{"href":"https:\/\/triplex.com.bo\/index.php\/wp-json\/wp\/v2\/media?parent=15273"}],"wp:term":[{"taxonomy":"pwb-brand","embeddable":true,"href":"https:\/\/triplex.com.bo\/index.php\/wp-json\/wp\/v2\/pwb-brand?post=15273"},{"taxonomy":"product_brand","embeddable":true,"href":"https:\/\/triplex.com.bo\/index.php\/wp-json\/wp\/v2\/product_brand?post=15273"},{"taxonomy":"product_cat","embeddable":true,"href":"https:\/\/triplex.com.bo\/index.php\/wp-json\/wp\/v2\/product_cat?post=15273"},{"taxonomy":"product_tag","embeddable":true,"href":"https:\/\/triplex.com.bo\/index.php\/wp-json\/wp\/v2\/product_tag?post=15273"}],"curies":[{"name":"wp","href":"https:\/\/api.w.org\/{rel}","templated":true}]}}