{"id":15258,"date":"2024-07-08T11:46:03","date_gmt":"2024-07-08T15:46:03","guid":{"rendered":"https:\/\/triplex.com.bo\/?post_type=product&#038;p=15258"},"modified":"2026-03-04T21:01:04","modified_gmt":"2026-03-05T01:01:04","slug":"microondas-freidor-de-aire-27ltrs-white-westinghouse","status":"publish","type":"product","link":"https:\/\/triplex.com.bo\/index.php\/product\/microondas-freidor-de-aire-27ltrs-white-westinghouse\/","title":{"rendered":"MICROONDAS FREIDOR DE AIRE 27LTS WHITE WESTINGHOUSE"},"content":{"rendered":"<pre id=\"tw-target-text\" class=\"tw-data-text tw-text-large tw-ta\" dir=\"ltr\" data-placeholder=\"Traducci\u00f3n\" aria-label=\"Texto traducido\" data-ved=\"2ahUKEwi2voum45eHAxVUlZUCHUsnAhwQ3ewLegQIBRAU\"><span class=\"Y2IQFc\" lang=\"es\">Categor\u00eda Microondas, Grill, Convecci\u00f3n, Airfry\r\nCapacidad Litro 27L\r\nCavidad interior STS\r\nFuente de alimentaci\u00f3n 230V\/50Hz\r\nColor del producto Puerta y panel de control Negro y acero inoxidable\r\nColor del vidrio de la puerta principal Negro\r\nCaja exterior Negra\r\nControlador Tipo de control Control por teclado el\u00e9ctrico\r\nPantalla LED\r\nPotencia de salida MW 900W\r\nConsumo Potencia Parrilla 1000W\r\nConvecci\u00f3n 2100W\r\nFunci\u00f3n de cocci\u00f3n y descongelaci\u00f3n Auto Cook S\u00ed\r\nDescongelaci\u00f3n por tiempo S\u00ed\r\nDescongelaci\u00f3n autom\u00e1tica S\u00ed\r\nReloj de funci\u00f3n adicional S\u00ed\r\nTemporizador de cocina S\u00ed\r\nTemporizador (m\u00e1x. minutos y segundos) 95:00\r\nBloqueo para ni\u00f1os S\u00ed\r\nInicio r\u00e1pido S\u00ed\r\nAgregar seg. (+30 seg.) S\u00ed\r\nModo de ahorro de energ\u00eda S\u00ed\r\nFunci\u00f3n accesoria Rejilla alta S\u00ed\r\nL\u00e1mpara de horno con luz incandescente.\r\nPeso (Kg) Neto 15,8kg\r\nBruto (embalado) 17,05 kg\r\nDimensi\u00f3n (An) x (Pr) x \r\n(Mmm\r\nCavidad 330*322*251\r\nUnidad (incluye manija) 495*435*290\r\nEmbalado (cart\u00f3n) 541*463*319\r\nTama\u00f1o del plato giratorio \u00f8 cm \/ Material 288 mm \/ vidrio<\/span><\/pre>\n","protected":false},"excerpt":{"rendered":"<p>Categor\u00eda Microondas, Grill, Convecci\u00f3n, Airfry Capacidad Litro 27L Cavidad interior STS Fuente de alimentaci\u00f3n 230V\/50Hz Color del producto Puerta y panel de control Negro y acero inoxidable Color del vidrio de la puerta principal Negro Caja exterior Negra Controlador Tipo de control Control por teclado el\u00e9ctrico Pantalla LED Potencia de salida MW 900W Consumo Potencia [&hellip;]<\/p>\n","protected":false},"featured_media":15259,"comment_status":"open","ping_status":"closed","template":"","meta":{"_acf_changed":false},"pwb-brand":[208],"product_brand":[],"product_cat":[181,209,144],"product_tag":[],"class_list":{"0":"post-15258","1":"product","2":"type-product","3":"status-publish","4":"has-post-thumbnail","6":"pwb-brand-white-westinghouse","7":"product_cat-hornos-microondas-2","8":"product_cat-ofertas-especiales","9":"product_cat-hornos-microondas","11":"first","12":"instock","13":"sale","14":"shipping-taxable","15":"purchasable","16":"product-type-simple"},"acf":[],"brands":[{"id":208,"name":"White-Westinghousesss","slug":"white-westinghouse"}],"_links":{"self":[{"href":"https:\/\/triplex.com.bo\/index.php\/wp-json\/wp\/v2\/product\/15258","targetHints":{"allow":["GET"]}}],"collection":[{"href":"https:\/\/triplex.com.bo\/index.php\/wp-json\/wp\/v2\/product"}],"about":[{"href":"https:\/\/triplex.com.bo\/index.php\/wp-json\/wp\/v2\/types\/product"}],"replies":[{"embeddable":true,"href":"https:\/\/triplex.com.bo\/index.php\/wp-json\/wp\/v2\/comments?post=15258"}],"wp:featuredmedia":[{"embeddable":true,"href":"https:\/\/triplex.com.bo\/index.php\/wp-json\/wp\/v2\/media\/15259"}],"wp:attachment":[{"href":"https:\/\/triplex.com.bo\/index.php\/wp-json\/wp\/v2\/media?parent=15258"}],"wp:term":[{"taxonomy":"pwb-brand","embeddable":true,"href":"https:\/\/triplex.com.bo\/index.php\/wp-json\/wp\/v2\/pwb-brand?post=15258"},{"taxonomy":"product_brand","embeddable":true,"href":"https:\/\/triplex.com.bo\/index.php\/wp-json\/wp\/v2\/product_brand?post=15258"},{"taxonomy":"product_cat","embeddable":true,"href":"https:\/\/triplex.com.bo\/index.php\/wp-json\/wp\/v2\/product_cat?post=15258"},{"taxonomy":"product_tag","embeddable":true,"href":"https:\/\/triplex.com.bo\/index.php\/wp-json\/wp\/v2\/product_tag?post=15258"}],"curies":[{"name":"wp","href":"https:\/\/api.w.org\/{rel}","templated":true}]}}