{"id":15236,"date":"2024-07-04T14:32:20","date_gmt":"2024-07-04T18:32:20","guid":{"rendered":"https:\/\/triplex.com.bo\/?post_type=product&#038;p=15236"},"modified":"2025-03-24T14:22:59","modified_gmt":"2025-03-24T18:22:59","slug":"plancha-g-style-gse-oxy-active","status":"publish","type":"product","link":"https:\/\/triplex.com.bo\/index.php\/product\/plancha-g-style-gse-oxy-active\/","title":{"rendered":"PLANCHA GAMA-STYLE GSE OXY ACTIVE"},"content":{"rendered":"<div class=\"item-atributo row align-items-center\">\n<div class=\"col-4\"><strong>L\u00ednea:<\/strong><\/div>\n<div class=\"col-8\">\n<p>G-Style<\/p>\n<\/div>\n<\/div>\n<div class=\"item-atributo row align-items-center\">\n<div class=\"col-4\"><strong>Tama\u00f1o del pat\u00edn:<\/strong><\/div>\n<div class=\"col-8\">\n<p>30&#215;110 mm<\/p>\n<\/div>\n<\/div>\n<div class=\"item-atributo row align-items-center\">\n<div class=\"col-4\"><strong>Tecnolog\u00eda Principal:<\/strong><\/div>\n<div class=\"col-8\">\n<p>Oxy-Active<\/p>\n<\/div>\n<\/div>\n<div class=\"item-atributo row align-items-center\">\n<div class=\"col-4\"><strong>Voltaje:<\/strong><\/div>\n<div class=\"col-8\">\n<p>Bivolt 110\/220 volts<\/p>\n<\/div>\n<\/div>\n<div class=\"item-atributo row align-items-center\">\n<div class=\"col-4\"><strong>Temperatura M\u00e1xima:<\/strong><\/div>\n<div class=\"col-8\">\n<p>230\u00b0<\/p>\n<\/div>\n<\/div>\n<div class=\"item-atributo row align-items-center\">\n<div class=\"col-4\"><strong>Atributos adicionales:<\/strong><\/div>\n<div class=\"col-8\">\n<p>Cable Rotativo y Aro para colgar<\/p>\n<\/div>\n<\/div>\n<div class=\"item-atributo row align-items-center\">\n<div class=\"col-4\"><strong>Largo del Cable::<\/strong><\/div>\n<div class=\"col-8\">\n<p>2,5 mts<\/p>\n<\/div>\n<\/div>\n<div class=\"item-atributo row align-items-center\">\n<div class=\"col-4\"><strong>Cobertura del Pat\u00edn :<\/strong><\/div>\n<div class=\"col-8\">\n<p>Titanio<\/p>\n<h4>G-STYLE GSE OXY ACTIVE<\/h4>\n<div class=\"parrafo ul-tick \">\n<p>\u00bfQuieres una plancha de pelo que te ofrezca un alisado perfecto con una sola pasada? Entonces te presentamos la G-STYLE GSE OXY ACTIVE, una plancha de pelo profesional que cuenta con la tecnolog\u00eda Oxy-Active, que protege el cabello del calor y le aporta brillo y suavidad.<\/p>\n<p>La G-STYLE GSE OXY ACTIVE est\u00e1 equipada con placas SILK-CHROME de titanio, que tienen un tama\u00f1o de 30&#215;110 mm y se calientan de forma homog\u00e9nea y constante, asegurando un alisado perfecto con una sola pasada. Las placas son oscilantes, lo que significa que se adaptan al cabello en todos los movimientos necesarios para realizar el peinado, garantizando un planchado perfecto desde el inicio y evitando que tengas que pasar m\u00e1s veces por el mismo mech\u00f3n.<\/p>\n<p>La G-STYLE GSE OXY ACTIVE tiene una temperatura m\u00e1xima de 230\u00b0 y es ideal para tratamientos qu\u00edmicos y viajes, ya que cuenta con la tecnolog\u00eda AUTO BIVOLT, que permite usarla con un voltaje de 110\/220 volts. Adem\u00e1s, tiene un cable rotativo de 2,5 mts y un aro para colgarla, lo que te facilita el manejo y el almacenamiento de la plancha.<\/p>\n<p>No lo dudes m\u00e1s y hazte con la G-STYLE GSE OXY ACTIVE, la plancha de pelo profesional que te ofrece un alisado perfecto con una sola pasada.<\/p>\n<\/div>\n<\/div>\n<\/div>\n","protected":false},"excerpt":{"rendered":"<p>L\u00ednea: G-Style Tama\u00f1o del pat\u00edn: 30&#215;110 mm Tecnolog\u00eda Principal: Oxy-Active Voltaje: Bivolt 110\/220 volts Temperatura M\u00e1xima: 230\u00b0 Atributos adicionales: Cable Rotativo y Aro para colgar Largo del Cable:: 2,5 mts Cobertura del Pat\u00edn : Titanio G-STYLE GSE OXY ACTIVE \u00bfQuieres una plancha de pelo que te ofrezca un alisado perfecto con una sola pasada? Entonces [&hellip;]<\/p>\n","protected":false},"featured_media":15239,"comment_status":"open","ping_status":"closed","template":"","meta":{"_acf_changed":false},"pwb-brand":[415],"product_brand":[],"product_cat":[188],"product_tag":[],"class_list":{"0":"post-15236","1":"product","2":"type-product","3":"status-publish","4":"has-post-thumbnail","6":"pwb-brand-gama","7":"product_cat-cuidado-personal","9":"first","10":"outofstock","11":"shipping-taxable","12":"purchasable","13":"product-type-simple"},"acf":[],"brands":[{"id":415,"name":"GAMA","slug":"gama"}],"_links":{"self":[{"href":"https:\/\/triplex.com.bo\/index.php\/wp-json\/wp\/v2\/product\/15236","targetHints":{"allow":["GET"]}}],"collection":[{"href":"https:\/\/triplex.com.bo\/index.php\/wp-json\/wp\/v2\/product"}],"about":[{"href":"https:\/\/triplex.com.bo\/index.php\/wp-json\/wp\/v2\/types\/product"}],"replies":[{"embeddable":true,"href":"https:\/\/triplex.com.bo\/index.php\/wp-json\/wp\/v2\/comments?post=15236"}],"wp:featuredmedia":[{"embeddable":true,"href":"https:\/\/triplex.com.bo\/index.php\/wp-json\/wp\/v2\/media\/15239"}],"wp:attachment":[{"href":"https:\/\/triplex.com.bo\/index.php\/wp-json\/wp\/v2\/media?parent=15236"}],"wp:term":[{"taxonomy":"pwb-brand","embeddable":true,"href":"https:\/\/triplex.com.bo\/index.php\/wp-json\/wp\/v2\/pwb-brand?post=15236"},{"taxonomy":"product_brand","embeddable":true,"href":"https:\/\/triplex.com.bo\/index.php\/wp-json\/wp\/v2\/product_brand?post=15236"},{"taxonomy":"product_cat","embeddable":true,"href":"https:\/\/triplex.com.bo\/index.php\/wp-json\/wp\/v2\/product_cat?post=15236"},{"taxonomy":"product_tag","embeddable":true,"href":"https:\/\/triplex.com.bo\/index.php\/wp-json\/wp\/v2\/product_tag?post=15236"}],"curies":[{"name":"wp","href":"https:\/\/api.w.org\/{rel}","templated":true}]}}