{"id":15217,"date":"2024-07-01T15:41:51","date_gmt":"2024-07-01T19:41:51","guid":{"rendered":"https:\/\/triplex.com.bo\/?post_type=product&#038;p=15217"},"modified":"2025-04-15T12:20:21","modified_gmt":"2025-04-15T16:20:21","slug":"soporte-p-tv-32-70-con-doble-brazo-dt-2963","status":"publish","type":"product","link":"https:\/\/triplex.com.bo\/index.php\/product\/soporte-p-tv-32-70-con-doble-brazo-dt-2963\/","title":{"rendered":"SOPORTE P\/TV 32&#8243;-70&#8243; CON DOBLE BRAZO  DT-2963"},"content":{"rendered":"<p>El soporte fijo de pared para TV est\u00e1 dise\u00f1ado para adaptarse a cualquier televisor de pantalla plana de 23&#8243;-45&#8243; de<br \/>\nhasta 35 kg\/77 lbs y el grosor del acero es de solo 1,2 mm pero lo suficientemente resistente. Cuenta con un dise\u00f1o abierto que maximiza el flujo de aire al equipo y proporciona un acceso f\u00e1cil a la parte posterior de los componentes. Tambi\u00e9n permite el ajuste de desplazamiento lateral, haciendo que el televisor se deslice hacia la izquierda y hacia la derecha en la placa de pared para que quede colocado exactamente donde lo desea. Este soporte de posici\u00f3n fija<br \/>\nes perfecto para ver su televisor a la altura de los ojos.<\/p>\n<p>Cap. de peso: 35 Kl<br \/>\nMaterial: Acero<br \/>\nInclinaci\u00f3n: +5\u00b0 -18\u00b0<br \/>\nGiro: +90\u00b0 ~-90\u00b0<\/p>\n","protected":false},"excerpt":{"rendered":"<p>El soporte fijo de pared para TV est\u00e1 dise\u00f1ado para adaptarse a cualquier televisor de pantalla plana de 23&#8243;-45&#8243; de hasta 35 kg\/77 lbs y el grosor del acero es de solo 1,2 mm pero lo suficientemente resistente. Cuenta con un dise\u00f1o abierto que maximiza el flujo de aire al equipo y proporciona un acceso [&hellip;]<\/p>\n","protected":false},"featured_media":15211,"comment_status":"open","ping_status":"closed","template":"","meta":{"_acf_changed":false},"pwb-brand":[],"product_brand":[],"product_cat":[177,137],"product_tag":[],"class_list":{"0":"post-15217","1":"product","2":"type-product","3":"status-publish","4":"has-post-thumbnail","6":"product_cat-tv-y-video-soporte","7":"product_cat-audio","9":"first","10":"outofstock","11":"shipping-taxable","12":"purchasable","13":"product-type-simple"},"acf":[],"brands":[],"_links":{"self":[{"href":"https:\/\/triplex.com.bo\/index.php\/wp-json\/wp\/v2\/product\/15217","targetHints":{"allow":["GET"]}}],"collection":[{"href":"https:\/\/triplex.com.bo\/index.php\/wp-json\/wp\/v2\/product"}],"about":[{"href":"https:\/\/triplex.com.bo\/index.php\/wp-json\/wp\/v2\/types\/product"}],"replies":[{"embeddable":true,"href":"https:\/\/triplex.com.bo\/index.php\/wp-json\/wp\/v2\/comments?post=15217"}],"wp:featuredmedia":[{"embeddable":true,"href":"https:\/\/triplex.com.bo\/index.php\/wp-json\/wp\/v2\/media\/15211"}],"wp:attachment":[{"href":"https:\/\/triplex.com.bo\/index.php\/wp-json\/wp\/v2\/media?parent=15217"}],"wp:term":[{"taxonomy":"pwb-brand","embeddable":true,"href":"https:\/\/triplex.com.bo\/index.php\/wp-json\/wp\/v2\/pwb-brand?post=15217"},{"taxonomy":"product_brand","embeddable":true,"href":"https:\/\/triplex.com.bo\/index.php\/wp-json\/wp\/v2\/product_brand?post=15217"},{"taxonomy":"product_cat","embeddable":true,"href":"https:\/\/triplex.com.bo\/index.php\/wp-json\/wp\/v2\/product_cat?post=15217"},{"taxonomy":"product_tag","embeddable":true,"href":"https:\/\/triplex.com.bo\/index.php\/wp-json\/wp\/v2\/product_tag?post=15217"}],"curies":[{"name":"wp","href":"https:\/\/api.w.org\/{rel}","templated":true}]}}