{"id":15213,"date":"2024-07-01T15:34:26","date_gmt":"2024-07-01T19:34:26","guid":{"rendered":"https:\/\/triplex.com.bo\/?post_type=product&#038;p=15213"},"modified":"2025-03-21T16:10:33","modified_gmt":"2025-03-21T20:10:33","slug":"soporte-p-tv-32-65-con-doble-brazo-dt-52443","status":"publish","type":"product","link":"https:\/\/triplex.com.bo\/index.php\/product\/soporte-p-tv-32-65-con-doble-brazo-dt-52443\/","title":{"rendered":"SOPORTE P\/TV 32&#8243;-65&#8243; CON DOBLE BRAZO"},"content":{"rendered":"<p>El soporte para TV de movimiento completo se adapta a la mayor\u00eda de los televisores de pantalla plana de 32&#8243; a 65&#8243; de hasta 35 kg\/77 lbs. Sus capacidades de movimiento completo permiten una inclinaci\u00f3n de +10\u00b0 ~ -15\u00b0 y un giro de +90\u00b0 ~ -90\u00b0 de su televisor, lo que maximiza la flexibilidad para una visualizaci\u00f3n f\u00e1cil desde diferentes \u00e1ngulos<br \/>\nen la habitaci\u00f3n.<\/p>\n<p>Cap. de peso: 35 Kl<br \/>\nMaterial: Acero<br \/>\ninclinaci\u00f3n: 10\u00b0 -15\u00b0<br \/>\nGiro: +90\u00b0~ -90\u00b0<\/p>\n<p>&nbsp;<\/p>\n","protected":false},"excerpt":{"rendered":"<p>El soporte para TV de movimiento completo se adapta a la mayor\u00eda de los televisores de pantalla plana de 32&#8243; a 65&#8243; de hasta 35 kg\/77 lbs. Sus capacidades de movimiento completo permiten una inclinaci\u00f3n de +10\u00b0 ~ -15\u00b0 y un giro de +90\u00b0 ~ -90\u00b0 de su televisor, lo que maximiza la flexibilidad para [&hellip;]<\/p>\n","protected":false},"featured_media":15209,"comment_status":"open","ping_status":"closed","template":"","meta":{"_acf_changed":false},"pwb-brand":[],"product_brand":[],"product_cat":[177,137],"product_tag":[],"class_list":{"0":"post-15213","1":"product","2":"type-product","3":"status-publish","4":"has-post-thumbnail","6":"product_cat-tv-y-video-soporte","7":"product_cat-audio","9":"first","10":"outofstock","11":"shipping-taxable","12":"purchasable","13":"product-type-simple"},"acf":[],"brands":[],"_links":{"self":[{"href":"https:\/\/triplex.com.bo\/index.php\/wp-json\/wp\/v2\/product\/15213","targetHints":{"allow":["GET"]}}],"collection":[{"href":"https:\/\/triplex.com.bo\/index.php\/wp-json\/wp\/v2\/product"}],"about":[{"href":"https:\/\/triplex.com.bo\/index.php\/wp-json\/wp\/v2\/types\/product"}],"replies":[{"embeddable":true,"href":"https:\/\/triplex.com.bo\/index.php\/wp-json\/wp\/v2\/comments?post=15213"}],"wp:featuredmedia":[{"embeddable":true,"href":"https:\/\/triplex.com.bo\/index.php\/wp-json\/wp\/v2\/media\/15209"}],"wp:attachment":[{"href":"https:\/\/triplex.com.bo\/index.php\/wp-json\/wp\/v2\/media?parent=15213"}],"wp:term":[{"taxonomy":"pwb-brand","embeddable":true,"href":"https:\/\/triplex.com.bo\/index.php\/wp-json\/wp\/v2\/pwb-brand?post=15213"},{"taxonomy":"product_brand","embeddable":true,"href":"https:\/\/triplex.com.bo\/index.php\/wp-json\/wp\/v2\/product_brand?post=15213"},{"taxonomy":"product_cat","embeddable":true,"href":"https:\/\/triplex.com.bo\/index.php\/wp-json\/wp\/v2\/product_cat?post=15213"},{"taxonomy":"product_tag","embeddable":true,"href":"https:\/\/triplex.com.bo\/index.php\/wp-json\/wp\/v2\/product_tag?post=15213"}],"curies":[{"name":"wp","href":"https:\/\/api.w.org\/{rel}","templated":true}]}}