{"id":15143,"date":"2024-06-05T13:57:15","date_gmt":"2024-06-05T17:57:15","guid":{"rendered":"https:\/\/triplex.com.bo\/?post_type=product&#038;p=15143"},"modified":"2025-06-18T12:34:07","modified_gmt":"2025-06-18T16:34:07","slug":"lavadora-8kgrs-carga-frontal-indurama","status":"publish","type":"product","link":"https:\/\/triplex.com.bo\/index.php\/product\/lavadora-8kgrs-carga-frontal-indurama\/","title":{"rendered":"LAVADORA 8 KG CARGA FRONTAL INDURAMA"},"content":{"rendered":"<p>14 Programas de Lavado con sistema inteligente:<\/p>\n<p>Normal\/Colores<\/p>\n<p>Blancos<\/p>\n<p>Toallas<\/p>\n<p>Jeans<\/p>\n<p>Lavado R\u00e1pido<\/p>\n<p>Delicados<\/p>\n<p>Ropa de beb\u00e9<\/p>\n<p>Lavado de Tina<\/p>\n<p>Enguage y Centrifugado<\/p>\n<p>Ropa deportiva<\/p>\n<p>Tambor de acero inoxidable<br \/>\nGracias a su vapor elimina machas dif\u00edciles y deja la ropa libre de bacterias y agentes al\u00e9rgeno<br \/>\nSistema inteligente<br \/>\nSensor de carga, sugiere el programa de lavado seg\u00fan el peso de ropa<br \/>\nFiltro atrapa pelusas y de monedas<\/p>\n","protected":false},"excerpt":{"rendered":"<p>14 Programas de Lavado con sistema inteligente: Normal\/Colores Blancos Toallas Jeans Lavado R\u00e1pido Delicados Ropa de beb\u00e9 Lavado de Tina Enguage y Centrifugado Ropa deportiva Tambor de acero inoxidable Gracias a su vapor elimina machas dif\u00edciles y deja la ropa libre de bacterias y agentes al\u00e9rgeno Sistema inteligente Sensor de carga, sugiere el programa de [&hellip;]<\/p>\n","protected":false},"featured_media":15185,"comment_status":"open","ping_status":"closed","template":"","meta":{"_acf_changed":false},"pwb-brand":[412],"product_brand":[],"product_cat":[191,189],"product_tag":[],"class_list":{"0":"post-15143","1":"product","2":"type-product","3":"status-publish","4":"has-post-thumbnail","6":"pwb-brand-indurama","7":"product_cat-lavanderia-lavadoras","8":"product_cat-lavadoras-y-secadores","10":"first","11":"outofstock","12":"shipping-taxable","13":"purchasable","14":"product-type-simple"},"acf":[],"brands":[{"id":412,"name":"indurama","slug":"indurama"}],"_links":{"self":[{"href":"https:\/\/triplex.com.bo\/index.php\/wp-json\/wp\/v2\/product\/15143","targetHints":{"allow":["GET"]}}],"collection":[{"href":"https:\/\/triplex.com.bo\/index.php\/wp-json\/wp\/v2\/product"}],"about":[{"href":"https:\/\/triplex.com.bo\/index.php\/wp-json\/wp\/v2\/types\/product"}],"replies":[{"embeddable":true,"href":"https:\/\/triplex.com.bo\/index.php\/wp-json\/wp\/v2\/comments?post=15143"}],"wp:featuredmedia":[{"embeddable":true,"href":"https:\/\/triplex.com.bo\/index.php\/wp-json\/wp\/v2\/media\/15185"}],"wp:attachment":[{"href":"https:\/\/triplex.com.bo\/index.php\/wp-json\/wp\/v2\/media?parent=15143"}],"wp:term":[{"taxonomy":"pwb-brand","embeddable":true,"href":"https:\/\/triplex.com.bo\/index.php\/wp-json\/wp\/v2\/pwb-brand?post=15143"},{"taxonomy":"product_brand","embeddable":true,"href":"https:\/\/triplex.com.bo\/index.php\/wp-json\/wp\/v2\/product_brand?post=15143"},{"taxonomy":"product_cat","embeddable":true,"href":"https:\/\/triplex.com.bo\/index.php\/wp-json\/wp\/v2\/product_cat?post=15143"},{"taxonomy":"product_tag","embeddable":true,"href":"https:\/\/triplex.com.bo\/index.php\/wp-json\/wp\/v2\/product_tag?post=15143"}],"curies":[{"name":"wp","href":"https:\/\/api.w.org\/{rel}","templated":true}]}}