{"id":15139,"date":"2024-06-05T12:45:55","date_gmt":"2024-06-05T16:45:55","guid":{"rendered":"https:\/\/triplex.com.bo\/?post_type=product&#038;p=15139"},"modified":"2026-03-30T12:44:00","modified_gmt":"2026-03-30T16:44:00","slug":"televisor-led-lg-75-tv-webos-magig-remote","status":"publish","type":"product","link":"https:\/\/triplex.com.bo\/index.php\/product\/televisor-led-lg-75-tv-webos-magig-remote\/","title":{"rendered":"TV LED LG 75&#8243;\u00a0 TV"},"content":{"rendered":"<div class=\"c-compare-selling__group-head title\">\n<div class=\"cmp-title\">\n<h4 class=\"cmp-title__text\">Especificaciones clave<\/h4>\n<\/div>\n<\/div>\n<div class=\"c-compare-selling__spec\">\n<div class=\"c-compare-selling__table\">\n<ul class=\"c-compare-selling__spec-list\">\n<li class=\"text c-compare-selling__item\">\n<div class=\"cmp-text c-compare-selling__spec-name\">\n<p>Tipo de Pantalla<\/p>\n<\/div>\n<div class=\"cmp-text c-compare-selling__spec-desc\">\n<p>4K UHD<\/p>\n<\/div>\n<\/li>\n<li class=\"text c-compare-selling__item\">\n<div class=\"cmp-text c-compare-selling__spec-name\">\n<p>Tasa de Refresco<\/p>\n<\/div>\n<div class=\"cmp-text c-compare-selling__spec-desc\">\n<p>60Hz<\/p>\n<\/div>\n<\/li>\n<li class=\"text c-compare-selling__item\">\n<div class=\"cmp-text c-compare-selling__spec-name\">\n<p>Procesador de Imagen<\/p>\n<\/div>\n<div class=\"cmp-text c-compare-selling__spec-desc\">\n<p>4K Procesador Quad Core<\/p>\n<\/div>\n<\/li>\n<li class=\"text c-compare-selling__item\">\n<div class=\"cmp-text c-compare-selling__spec-name\">\n<p>HDR (Alto Rango Din\u00e1mico)<\/p>\n<\/div>\n<div class=\"cmp-text c-compare-selling__spec-desc\">\n<p>HDR10 \/ HLG<\/p>\n<\/div>\n<\/li>\n<li class=\"text c-compare-selling__item\">\n<div class=\"cmp-text c-compare-selling__spec-name\">\n<p>Dimensiones del televisor sin soporte (ancho x alto x profundidad, mm)<\/p>\n<\/div>\n<div class=\"cmp-text c-compare-selling__spec-desc\">\n<p>1 678 x 1 027 x 59,9<\/p>\n<div class=\"c-compare-selling__group-head title\">\n<div class=\"cmp-title\" data-cmp-data-layer=\"\">\n<h3 class=\"cmp-title__text\">Todas las especificaciones<\/h3>\n<\/div>\n<\/div>\n<div class=\"c-compare-selling__spec\">\n<div class=\"c-compare-selling__table\">\n<div class=\"c-compare-selling__table-head text\">\n<h4 class=\"cmp-text\" data-cmp-data-layer=\"\">IMAGEN (PANTALLA)<\/h4>\n<\/div>\n<ul class=\"c-compare-selling__spec-list\">\n<li class=\"text c-compare-selling__item\">\n<div class=\"cmp-text c-compare-selling__spec-name\">\n<p>Tipo de Pantalla<\/p>\n<\/div>\n<div class=\"cmp-text c-compare-selling__spec-desc\">\n<p>4K UHD<\/p>\n<\/div>\n<\/li>\n<li class=\"text c-compare-selling__item\">\n<div class=\"cmp-text c-compare-selling__spec-name\">\n<p>Resoluci\u00f3n de Pantalla<\/p>\n<\/div>\n<div class=\"cmp-text c-compare-selling__spec-desc\">\n<p>4K Ultra HD (3,840 x 2,160)<\/p>\n<\/div>\n<\/li>\n<li class=\"text c-compare-selling__item\">\n<div class=\"cmp-text c-compare-selling__spec-name\">\n<p>Tipo de Retroiluminaci\u00f3n<\/p>\n<\/div>\n<div class=\"cmp-text c-compare-selling__spec-desc\">\n<p>Directa<\/p>\n<\/div>\n<\/li>\n<li class=\"text c-compare-selling__item\">\n<div class=\"cmp-text c-compare-selling__spec-name\">\n<p>Tasa de Refresco<\/p>\n<\/div>\n<div class=\"cmp-text c-compare-selling__spec-desc\">\n<p>60Hz<\/p>\n<\/div>\n<\/li>\n<\/ul>\n<\/div>\n<div class=\"c-compare-selling__table\">\n<div class=\"c-compare-selling__table-head text\">\n<h4 class=\"cmp-text\" data-cmp-data-layer=\"\">IMAGEN (PROCESANDO)<\/h4>\n<\/div>\n<ul class=\"c-compare-selling__spec-list\">\n<li class=\"text c-compare-selling__item\">\n<div class=\"cmp-text c-compare-selling__spec-name\">\n<p>Procesador de Imagen<\/p>\n<\/div>\n<div class=\"cmp-text c-compare-selling__spec-desc\">\n<p>4K Procesador Quad Core<\/p>\n<\/div>\n<\/li>\n<li class=\"text c-compare-selling__item\">\n<div class=\"cmp-text c-compare-selling__spec-name\">\n<p>Escalador AI<\/p>\n<\/div>\n<div class=\"cmp-text c-compare-selling__spec-desc\">\n<p>Escalado a 4K<\/p>\n<\/div>\n<\/li>\n<li class=\"text c-compare-selling__item\">\n<div class=\"cmp-text c-compare-selling__spec-name\">\n<p>Mapeo Din\u00e1mico de Tonos<\/p>\n<\/div>\n<div class=\"cmp-text c-compare-selling__spec-desc\">\n<p>S\u00ed<\/p>\n<\/div>\n<\/li>\n<li class=\"text c-compare-selling__item\">\n<div class=\"cmp-text c-compare-selling__spec-name\">\n<p>Control de Brillo AI<\/p>\n<\/div>\n<div class=\"cmp-text c-compare-selling__spec-desc\">\n<p>S\u00ed<\/p>\n<\/div>\n<\/li>\n<li class=\"text c-compare-selling__item\">\n<div class=\"cmp-text c-compare-selling__spec-name\">\n<p>HDR (Alto Rango Din\u00e1mico)<\/p>\n<\/div>\n<div class=\"cmp-text c-compare-selling__spec-desc\">\n<p>HDR10 \/ HLG<\/p>\n<\/div>\n<\/li>\n<li class=\"text c-compare-selling__item\">\n<div class=\"cmp-text c-compare-selling__spec-name\">\n<p>FILMMAKER MODE\u2122<\/p>\n<\/div>\n<div class=\"cmp-text c-compare-selling__spec-desc\">\n<p>S\u00ed<\/p>\n<\/div>\n<\/li>\n<li class=\"text c-compare-selling__item\">\n<div class=\"cmp-text c-compare-selling__spec-name\">\n<p>Modo Imagen<\/p>\n<\/div>\n<div class=\"cmp-text c-compare-selling__spec-desc\">\n<p>9 modos (V\u00edvido, Est\u00e1ndar, Eco, Cine, Deportes, Juego, Cineasta, (ISF)Experto(Habitaci\u00f3n Luminosa), (ISF)Experto(Habitaci\u00f3n Oscura))<\/p>\n<\/div>\n<\/li>\n<\/ul>\n<\/div>\n<div class=\"c-compare-selling__table\">\n<div class=\"c-compare-selling__table-head text\">\n<h4 class=\"cmp-text\" data-cmp-data-layer=\"\">VIDEOJUEGOS<\/h4>\n<\/div>\n<ul class=\"c-compare-selling__spec-list\">\n<li class=\"text c-compare-selling__item\">\n<div class=\"cmp-text c-compare-selling__spec-name\">\n<p>Modo HGIG<\/p>\n<\/div>\n<div class=\"cmp-text c-compare-selling__spec-desc\">\n<p>S\u00ed<\/p>\n<\/div>\n<\/li>\n<li class=\"text c-compare-selling__item\">\n<div class=\"cmp-text c-compare-selling__spec-name\">\n<p>Optimizador de Juegos<\/p>\n<\/div>\n<div class=\"cmp-text c-compare-selling__spec-desc\">\n<p>S\u00ed<\/p>\n<\/div>\n<\/li>\n<li class=\"text c-compare-selling__item\">\n<div class=\"cmp-text c-compare-selling__spec-name\">\n<p>ALLM (Modo Autom\u00e1tico de Baja Latencia)<\/p>\n<\/div>\n<div class=\"cmp-text c-compare-selling__spec-desc\">\n<p>S\u00ed<\/p>\n<\/div>\n<\/li>\n<\/ul>\n<\/div>\n<div class=\"c-compare-selling__table\">\n<div class=\"c-compare-selling__table-head text\">\n<h4 class=\"cmp-text\" data-cmp-data-layer=\"\">SMART TV<\/h4>\n<\/div>\n<ul class=\"c-compare-selling__spec-list\">\n<li class=\"text c-compare-selling__item\">\n<div class=\"cmp-text c-compare-selling__spec-name\">\n<p>Galer\u00eda de arte<\/p>\n<\/div>\n<div class=\"cmp-text c-compare-selling__spec-desc\">\n<p>S\u00ed<\/p>\n<\/div>\n<\/li>\n<li class=\"text c-compare-selling__item\">\n<div class=\"cmp-text c-compare-selling__spec-name\">\n<p>Sistema Operativo (OS)<\/p>\n<\/div>\n<div class=\"cmp-text c-compare-selling__spec-desc\">\n<p>webOS 6.0<\/p>\n<\/div>\n<\/li>\n<li class=\"text c-compare-selling__item\">\n<div class=\"cmp-text c-compare-selling__spec-name\">\n<p>LG ThinQ\u00ae AI<\/p>\n<\/div>\n<div class=\"cmp-text c-compare-selling__spec-desc\">\n<p>S\u00ed<\/p>\n<\/div>\n<\/li>\n<li class=\"text c-compare-selling__item\">\n<div class=\"cmp-text c-compare-selling__spec-name\">\n<p>Home Dashboard<\/p>\n<\/div>\n<div class=\"cmp-text c-compare-selling__spec-desc\">\n<p>S\u00ed<\/p>\n<\/div>\n<\/li>\n<\/ul>\n<\/div>\n<div class=\"c-compare-selling__table\">\n<div class=\"c-compare-selling__table-head text\">\n<h4 class=\"cmp-text\" data-cmp-data-layer=\"\">SONIDO<\/h4>\n<\/div>\n<ul class=\"c-compare-selling__spec-list\">\n<li class=\"text c-compare-selling__item\">\n<div class=\"cmp-text c-compare-selling__spec-name\">\n<p>AI Sound<\/p>\n<\/div>\n<div class=\"cmp-text c-compare-selling__spec-desc\">\n<p>AI Sound (Virtual 5.1 Up-mix)<\/p>\n<\/div>\n<\/li>\n<li class=\"text c-compare-selling__item\">\n<div class=\"cmp-text c-compare-selling__spec-name\">\n<p>Clear Voice Pro<\/p>\n<\/div>\n<div class=\"cmp-text c-compare-selling__spec-desc\">\n<p>Clear Voice<\/p>\n<\/div>\n<\/li>\n<li class=\"text c-compare-selling__item\">\n<div class=\"cmp-text c-compare-selling__spec-name\">\n<p>LG Sonido Sync<\/p>\n<\/div>\n<div class=\"cmp-text c-compare-selling__spec-desc\">\n<p>S\u00ed<\/p>\n<\/div>\n<\/li>\n<li class=\"text c-compare-selling__item\">\n<div class=\"cmp-text c-compare-selling__spec-name\">\n<p>Modo audio Compartido<\/p>\n<\/div>\n<div class=\"cmp-text c-compare-selling__spec-desc\">\n<p>S\u00ed<\/p>\n<\/div>\n<\/li>\n<li class=\"text c-compare-selling__item\">\n<div class=\"cmp-text c-compare-selling__spec-name\">\n<p>Salida de Audio Simult\u00e1nea<\/p>\n<\/div>\n<div class=\"cmp-text c-compare-selling__spec-desc\">\n<p>S\u00ed<\/p>\n<\/div>\n<\/li>\n<li class=\"text c-compare-selling__item\">\n<div class=\"cmp-text c-compare-selling__spec-name\">\n<p>Conexi\u00f3n Bluetooth Surround<\/p>\n<\/div>\n<div class=\"cmp-text c-compare-selling__spec-desc\">\n<p>S\u00ed<\/p>\n<\/div>\n<\/li>\n<\/ul>\n<\/div>\n<div class=\"c-compare-selling__table\">\n<div class=\"c-compare-selling__table-head text\">\n<h4 class=\"cmp-text\" data-cmp-data-layer=\"\">ACCESIBILIDAD<\/h4>\n<\/div>\n<ul class=\"c-compare-selling__spec-list\">\n<li class=\"text c-compare-selling__item\">\n<div class=\"cmp-text c-compare-selling__spec-name\">\n<p>Contraste Alto<\/p>\n<\/div>\n<div class=\"cmp-text c-compare-selling__spec-desc\">\n<p>S\u00ed<\/p>\n<\/div>\n<\/li>\n<li class=\"text c-compare-selling__item\">\n<div class=\"cmp-text c-compare-selling__spec-name\">\n<p>Escala de Grises<\/p>\n<\/div>\n<div class=\"cmp-text c-compare-selling__spec-desc\">\n<p>S\u00ed<\/p>\n<\/div>\n<\/li>\n<li class=\"text c-compare-selling__item\">\n<div class=\"cmp-text c-compare-selling__spec-name\">\n<p>Colores invertidos<\/p>\n<\/div>\n<div class=\"cmp-text c-compare-selling__spec-desc\">\n<p>S\u00ed<\/p>\n<\/div>\n<\/li>\n<\/ul>\n<\/div>\n<div class=\"c-compare-selling__table\">\n<div class=\"c-compare-selling__table-head text\">\n<h4 class=\"cmp-text\" data-cmp-data-layer=\"\">DIMENSIONES Y PESO<\/h4>\n<\/div>\n<ul class=\"c-compare-selling__spec-list\">\n<li class=\"text c-compare-selling__item\">\n<div class=\"cmp-text c-compare-selling__spec-name\">\n<p>Dimensiones del televisor sin soporte (ancho x alto x profundidad, mm)<\/p>\n<\/div>\n<div class=\"cmp-text c-compare-selling__spec-desc\">\n<p>1 678 x 1 027 x 59,9<\/p>\n<\/div>\n<\/li>\n<\/ul>\n<\/div>\n<div class=\"c-compare-selling__table\">\n<div class=\"c-compare-selling__table-head text\">\n<h4 class=\"cmp-text\" data-cmp-data-layer=\"\">CONECTIVIDAD<\/h4>\n<\/div>\n<ul class=\"c-compare-selling__spec-list\">\n<li class=\"text c-compare-selling__item\">\n<div class=\"cmp-text c-compare-selling__spec-name\">\n<p>Soporte Bluetooth<\/p>\n<\/div>\n<div class=\"cmp-text c-compare-selling__spec-desc\">\n<p>S\u00ed (V5.0)<\/p>\n<\/div>\n<\/li>\n<li class=\"text c-compare-selling__item\">\n<div class=\"cmp-text c-compare-selling__spec-name\">\n<p>Simplink (HDMI CEC)<\/p>\n<\/div>\n<div class=\"cmp-text c-compare-selling__spec-desc\">\n<p>S\u00ed<\/p>\n<\/div>\n<\/li>\n<\/ul>\n<\/div>\n<\/div>\n<\/div>\n<\/li>\n<\/ul>\n<\/div>\n<\/div>\n","protected":false},"excerpt":{"rendered":"<p>Especificaciones clave Tipo de Pantalla 4K UHD Tasa de Refresco 60Hz Procesador de Imagen 4K Procesador Quad Core HDR (Alto Rango Din\u00e1mico) HDR10 \/ HLG Dimensiones del televisor sin soporte (ancho x alto x profundidad, mm) 1 678 x 1 027 x 59,9 Todas las especificaciones IMAGEN (PANTALLA) Tipo de Pantalla 4K UHD Resoluci\u00f3n de [&hellip;]<\/p>\n","protected":false},"featured_media":15142,"comment_status":"open","ping_status":"closed","template":"","meta":{"_acf_changed":false},"pwb-brand":[370],"product_brand":[],"product_cat":[178,284],"product_tag":[],"class_list":{"0":"post-15139","1":"product","2":"type-product","3":"status-publish","4":"has-post-thumbnail","6":"pwb-brand-lg","7":"product_cat-tv-y-video-televisores","8":"product_cat-tv","10":"first","11":"outofstock","12":"shipping-taxable","13":"purchasable","14":"product-type-simple"},"acf":[],"brands":[{"id":370,"name":"LG","slug":"lg"}],"_links":{"self":[{"href":"https:\/\/triplex.com.bo\/index.php\/wp-json\/wp\/v2\/product\/15139","targetHints":{"allow":["GET"]}}],"collection":[{"href":"https:\/\/triplex.com.bo\/index.php\/wp-json\/wp\/v2\/product"}],"about":[{"href":"https:\/\/triplex.com.bo\/index.php\/wp-json\/wp\/v2\/types\/product"}],"replies":[{"embeddable":true,"href":"https:\/\/triplex.com.bo\/index.php\/wp-json\/wp\/v2\/comments?post=15139"}],"wp:featuredmedia":[{"embeddable":true,"href":"https:\/\/triplex.com.bo\/index.php\/wp-json\/wp\/v2\/media\/15142"}],"wp:attachment":[{"href":"https:\/\/triplex.com.bo\/index.php\/wp-json\/wp\/v2\/media?parent=15139"}],"wp:term":[{"taxonomy":"pwb-brand","embeddable":true,"href":"https:\/\/triplex.com.bo\/index.php\/wp-json\/wp\/v2\/pwb-brand?post=15139"},{"taxonomy":"product_brand","embeddable":true,"href":"https:\/\/triplex.com.bo\/index.php\/wp-json\/wp\/v2\/product_brand?post=15139"},{"taxonomy":"product_cat","embeddable":true,"href":"https:\/\/triplex.com.bo\/index.php\/wp-json\/wp\/v2\/product_cat?post=15139"},{"taxonomy":"product_tag","embeddable":true,"href":"https:\/\/triplex.com.bo\/index.php\/wp-json\/wp\/v2\/product_tag?post=15139"}],"curies":[{"name":"wp","href":"https:\/\/api.w.org\/{rel}","templated":true}]}}