{"id":15031,"date":"2024-05-02T15:45:20","date_gmt":"2024-05-02T19:45:20","guid":{"rendered":"https:\/\/triplex.com.bo\/?post_type=product&#038;p=15031"},"modified":"2026-03-05T14:26:22","modified_gmt":"2026-03-05T18:26:22","slug":"cocina-indurama-6h-varese","status":"publish","type":"product","link":"https:\/\/triplex.com.bo\/index.php\/product\/cocina-indurama-6h-varese\/","title":{"rendered":"COCINA INDURAMA 6H VARESE"},"content":{"rendered":"<table>\n<tbody>\n<tr class=\"even\">\n<th class=\"name-field Alto\">Alto<\/th>\n<td class=\"value-field Alto\">95 cm<\/td>\n<\/tr>\n<tr>\n<th class=\"name-field Ancho\">Ancho<\/th>\n<td class=\"value-field Ancho\">76 cm<\/td>\n<\/tr>\n<tr class=\"even\">\n<th class=\"name-field Cajon-de-cocina\">Caj\u00f3n de cocina<\/th>\n<td class=\"value-field Cajon-de-cocina\">No<\/td>\n<\/tr>\n<tr>\n<th class=\"name-field Capacidad-del-horno\">Capacidad del horno<\/th>\n<td class=\"value-field Capacidad-del-horno\">109L<\/td>\n<\/tr>\n<tr class=\"even\">\n<th class=\"name-field Color\">Color<\/th>\n<td class=\"value-field Color\">Croma<\/td>\n<\/tr>\n<tr>\n<th class=\"name-field Corte-de-emergencia\">Corte de emergencia<\/th>\n<td class=\"value-field Corte-de-emergencia\">No<\/td>\n<\/tr>\n<tr class=\"even\">\n<th class=\"name-field Garantia\">Garant\u00eda<\/th>\n<td class=\"value-field Garantia\">12 MESES<\/td>\n<\/tr>\n<tr>\n<th class=\"name-field Horno\">Horno<\/th>\n<td class=\"value-field Horno\">S\u00ed<\/td>\n<\/tr>\n<tr class=\"even\">\n<th class=\"name-field Incluye\">Incluye<\/th>\n<td class=\"value-field Incluye\">Plancha Freidora yTermocontrol con V\u00e1lvula de Doble V\u00eda<\/td>\n<\/tr>\n<tr>\n<th class=\"name-field Incluye-tapa-de-cubierta\">Incluye tapa de cubierta<\/th>\n<td class=\"value-field Incluye-tapa-de-cubierta\">S\u00ed<\/td>\n<\/tr>\n<tr class=\"even\">\n<th class=\"name-field Luz-en-horno\">Luz en horno<\/th>\n<td class=\"value-field Luz-en-horno\">S\u00ed<\/td>\n<\/tr>\n<tr>\n<th class=\"name-field Material-de-quemadores\">Material de quemadores<\/th>\n<td class=\"value-field Material-de-quemadores\">Aluminio<\/td>\n<\/tr>\n<tr class=\"even\">\n<th class=\"name-field Modelo\">Modelo<\/th>\n<td class=\"value-field Modelo\">VARESE ZAF<\/td>\n<\/tr>\n<tr>\n<th class=\"name-field Numero-de-quemadores\">N\u00famero de quemadores<\/th>\n<td class=\"value-field Numero-de-quemadores\">6<\/td>\n<\/tr>\n<tr class=\"even\">\n<th class=\"name-field Parrilla\">Parrilla<\/th>\n<td class=\"value-field Parrilla\">S\u00ed<\/td>\n<\/tr>\n<tr>\n<th class=\"name-field Profundidad\">Profundidad<\/th>\n<td class=\"value-field Profundidad\">63.6 cm<\/td>\n<\/tr>\n<tr class=\"even\">\n<th class=\"name-field Seguro-para-ninos\">Seguro para ni\u00f1os<\/th>\n<td class=\"value-field Seguro-para-ninos\">No<\/td>\n<\/tr>\n<tr>\n<th class=\"name-field Temporizador\">Temporizador<\/th>\n<td class=\"value-field Temporizador\">S\u00ed<\/td>\n<\/tr>\n<tr class=\"even\">\n<th class=\"name-field Tipo-de-cocina\">Tipo de cocina<\/th>\n<td class=\"value-field Tipo-de-cocina\">De Pie a Gas<\/td>\n<\/tr>\n<tr>\n<th class=\"name-field Tipo-de-encendido\">Tipo de encendido<\/th>\n<td class=\"value-field Tipo-de-encendido\">El\u00e9ctrico en Hornillas y Horno<\/td>\n<\/tr>\n<tr class=\"even\">\n<th class=\"name-field Tipo-de-energia\">Tipo de energ\u00eda<\/th>\n<td class=\"value-field Tipo-de-energia\">Gas<\/td>\n<\/tr>\n<tr>\n<th class=\"name-field Tipo-de-panel\">Tipo de panel<\/th>\n<td class=\"value-field Tipo-de-panel\">An\u00e1logo<\/td>\n<\/tr>\n<\/tbody>\n<\/table>\n","protected":false},"excerpt":{"rendered":"<p>Alto 95 cm Ancho 76 cm Caj\u00f3n de cocina No Capacidad del horno 109L Color Croma Corte de emergencia No Garant\u00eda 12 MESES Horno S\u00ed Incluye Plancha Freidora yTermocontrol con V\u00e1lvula de Doble V\u00eda Incluye tapa de cubierta S\u00ed Luz en horno S\u00ed Material de quemadores Aluminio Modelo VARESE ZAF N\u00famero de quemadores 6 Parrilla [&hellip;]<\/p>\n","protected":false},"featured_media":15033,"comment_status":"open","ping_status":"closed","template":"","meta":{"_acf_changed":false},"pwb-brand":[412],"product_brand":[],"product_cat":[155,209,140],"product_tag":[],"class_list":{"0":"post-15031","1":"product","2":"type-product","3":"status-publish","4":"has-post-thumbnail","6":"pwb-brand-indurama","7":"product_cat-cocinas-piso","8":"product_cat-ofertas-especiales","9":"product_cat-cocinas","11":"first","12":"instock","13":"sale","14":"shipping-taxable","15":"purchasable","16":"product-type-simple"},"acf":[],"brands":[{"id":412,"name":"indurama","slug":"indurama"}],"_links":{"self":[{"href":"https:\/\/triplex.com.bo\/index.php\/wp-json\/wp\/v2\/product\/15031","targetHints":{"allow":["GET"]}}],"collection":[{"href":"https:\/\/triplex.com.bo\/index.php\/wp-json\/wp\/v2\/product"}],"about":[{"href":"https:\/\/triplex.com.bo\/index.php\/wp-json\/wp\/v2\/types\/product"}],"replies":[{"embeddable":true,"href":"https:\/\/triplex.com.bo\/index.php\/wp-json\/wp\/v2\/comments?post=15031"}],"wp:featuredmedia":[{"embeddable":true,"href":"https:\/\/triplex.com.bo\/index.php\/wp-json\/wp\/v2\/media\/15033"}],"wp:attachment":[{"href":"https:\/\/triplex.com.bo\/index.php\/wp-json\/wp\/v2\/media?parent=15031"}],"wp:term":[{"taxonomy":"pwb-brand","embeddable":true,"href":"https:\/\/triplex.com.bo\/index.php\/wp-json\/wp\/v2\/pwb-brand?post=15031"},{"taxonomy":"product_brand","embeddable":true,"href":"https:\/\/triplex.com.bo\/index.php\/wp-json\/wp\/v2\/product_brand?post=15031"},{"taxonomy":"product_cat","embeddable":true,"href":"https:\/\/triplex.com.bo\/index.php\/wp-json\/wp\/v2\/product_cat?post=15031"},{"taxonomy":"product_tag","embeddable":true,"href":"https:\/\/triplex.com.bo\/index.php\/wp-json\/wp\/v2\/product_tag?post=15031"}],"curies":[{"name":"wp","href":"https:\/\/api.w.org\/{rel}","templated":true}]}}