{"id":14927,"date":"2024-04-04T18:46:35","date_gmt":"2024-04-04T18:46:35","guid":{"rendered":"https:\/\/triplex.com.bo\/?post_type=product&#038;p=14927"},"modified":"2025-03-24T14:26:27","modified_gmt":"2025-03-24T18:26:27","slug":"depiladora-ga-ma-satin-usb","status":"publish","type":"product","link":"https:\/\/triplex.com.bo\/index.php\/product\/depiladora-ga-ma-satin-usb\/","title":{"rendered":"DEPILADORA GAMA SATIN USB"},"content":{"rendered":"<h4>Depiladora GA.MA Satin<\/h4>\n<div class=\"parrafo ul-tick \">\n<p>Si quieres lucir una piel suave y bella con un depilado espectacular, te recomiendo la depiladora Satin Bat, que tiene las siguientes propiedades:<\/p>\n<p>\u2022\u00a0 Cabezal depilador removible, que te permite limpiarlo f\u00e1cilmente.<\/p>\n<p>\u2022\u00a0 Carga USB, que te permite cargarla en cualquier lugar y momento, sin necesidad de enchufes ni cables.<\/p>\n<p>\u2022\u00a0 Autonom\u00eda de 90 minutos, que te garantiza una depilaci\u00f3n completa y duradera, sin interrupciones ni p\u00e9rdida de potencia.<\/p>\n<p>\u2022\u00a0 36 pinzas de acero inoxidable, que atrapan el vello m\u00e1s corto y fino, desde 0.5 mm, y lo arrancan de ra\u00edz, dejando tu piel lisa por m\u00e1s tiempo.<\/p>\n<p>\u2022\u00a0 Bot\u00f3n ON\/OFF, que te permite encender y apagar la depiladora con un solo toque, y ajustar la velocidad seg\u00fan tu preferencia y sensibilidad.<\/p>\n<p>\u2022\u00a0 Indicador de carga.<\/p>\n<p>La depiladora Satin Bat es una excelente opci\u00f3n para cuidar tu belleza y tu salud, ya que es hipoalerg\u00e9nica, ergon\u00f3mica y silenciosa. Adem\u00e1s, tiene un dise\u00f1o elegante y moderno, que te har\u00e1 sentir c\u00f3moda y segura.<\/p>\n<\/div>\n","protected":false},"excerpt":{"rendered":"<p>Depiladora GA.MA Satin Si quieres lucir una piel suave y bella con un depilado espectacular, te recomiendo la depiladora Satin Bat, que tiene las siguientes propiedades: \u2022\u00a0 Cabezal depilador removible, que te permite limpiarlo f\u00e1cilmente. \u2022\u00a0 Carga USB, que te permite cargarla en cualquier lugar y momento, sin necesidad de enchufes ni cables. \u2022\u00a0 Autonom\u00eda [&hellip;]<\/p>\n","protected":false},"featured_media":14926,"comment_status":"open","ping_status":"closed","template":"","meta":{"_acf_changed":false},"pwb-brand":[415],"product_brand":[],"product_cat":[188],"product_tag":[],"class_list":{"0":"post-14927","1":"product","2":"type-product","3":"status-publish","4":"has-post-thumbnail","6":"pwb-brand-gama","7":"product_cat-cuidado-personal","9":"first","10":"outofstock","11":"shipping-taxable","12":"purchasable","13":"product-type-simple"},"acf":[],"brands":[{"id":415,"name":"GAMA","slug":"gama"}],"_links":{"self":[{"href":"https:\/\/triplex.com.bo\/index.php\/wp-json\/wp\/v2\/product\/14927","targetHints":{"allow":["GET"]}}],"collection":[{"href":"https:\/\/triplex.com.bo\/index.php\/wp-json\/wp\/v2\/product"}],"about":[{"href":"https:\/\/triplex.com.bo\/index.php\/wp-json\/wp\/v2\/types\/product"}],"replies":[{"embeddable":true,"href":"https:\/\/triplex.com.bo\/index.php\/wp-json\/wp\/v2\/comments?post=14927"}],"wp:featuredmedia":[{"embeddable":true,"href":"https:\/\/triplex.com.bo\/index.php\/wp-json\/wp\/v2\/media\/14926"}],"wp:attachment":[{"href":"https:\/\/triplex.com.bo\/index.php\/wp-json\/wp\/v2\/media?parent=14927"}],"wp:term":[{"taxonomy":"pwb-brand","embeddable":true,"href":"https:\/\/triplex.com.bo\/index.php\/wp-json\/wp\/v2\/pwb-brand?post=14927"},{"taxonomy":"product_brand","embeddable":true,"href":"https:\/\/triplex.com.bo\/index.php\/wp-json\/wp\/v2\/product_brand?post=14927"},{"taxonomy":"product_cat","embeddable":true,"href":"https:\/\/triplex.com.bo\/index.php\/wp-json\/wp\/v2\/product_cat?post=14927"},{"taxonomy":"product_tag","embeddable":true,"href":"https:\/\/triplex.com.bo\/index.php\/wp-json\/wp\/v2\/product_tag?post=14927"}],"curies":[{"name":"wp","href":"https:\/\/api.w.org\/{rel}","templated":true}]}}