{"id":14893,"date":"2024-04-04T15:02:19","date_gmt":"2024-04-04T15:02:19","guid":{"rendered":"https:\/\/triplex.com.bo\/?post_type=product&#038;p=14893"},"modified":"2024-08-27T09:30:06","modified_gmt":"2024-08-27T13:30:06","slug":"refrigerador-2puertas-514ltrs-indurama","status":"publish","type":"product","link":"https:\/\/triplex.com.bo\/index.php\/product\/refrigerador-2puertas-514ltrs-indurama\/","title":{"rendered":"REFRIGERADOR 2PUERTAS 514LTRS INDURAMA"},"content":{"rendered":"<p>Si est\u00e1s buscando un refrigerador moderno para tu hogar: las refrigeradoras side by side. Estas modernas neveras cuentan con dos compartimientos separados, lo que las hace ideales para familias numerosas o para tener una amplia variedad de alimentos bajo tu control.<\/p>\n<p>Las refrigeradoras Side by Side cuentan con una tecnolog\u00eda que se caracteriza por tener dos puertas ubicadas una al lado de otra, permitiendo que tengas acceso directo a la parte superior e inferior del refrigerador sin tener que abrir la puerta completa. Esto significa que tendr\u00e1s una mayor eficiencia en el consumo de energ\u00eda, al igual que un mejor acceso a los alimentos. Adem\u00e1s, podr\u00e1s aprovechar la capacidad total del refrigerador.<\/p>\n<div class=\"cle-item\">\n<div class=\"cle-content active\" data-td-2=\"data-td-2\">\n<div id=\"caracteristicas\" class=\"col-12\" data-js=\"pdp-spec\">\n<table class=\"group Ficha-Tecnica table -striped text fz-15\" cellspacing=\"0\">\n<tbody>\n<tr class=\"even\">\n<th class=\"name-field Color\">\n<h5>Color<\/h5>\n<\/th>\n<td class=\"value-field Color\">Silver<\/td>\n<\/tr>\n<tr>\n<th class=\"name-field Numero-De-Puertas\">\n<h5>N\u00famero De Puertas<\/h5>\n<\/th>\n<td class=\"value-field Numero-De-Puertas\">2<\/td>\n<\/tr>\n<tr class=\"even\">\n<th class=\"name-field Dispensador-de-Hielo\">\n<h5>Dispensador de Hielo<\/h5>\n<\/th>\n<td class=\"value-field Dispensador-de-Hielo\">No<\/td>\n<\/tr>\n<tr>\n<th class=\"name-field Dispensador-de-Agua\">\n<h5>Dispensador de Agua<\/h5>\n<\/th>\n<td class=\"value-field Dispensador-de-Agua\">S\u00ed<\/td>\n<\/tr>\n<tr class=\"even\">\n<th class=\"name-field Numero-de-Bandejas\">\n<h5>N\u00famero de Bandejas<\/h5>\n<\/th>\n<td class=\"value-field Numero-de-Bandejas\">4<\/td>\n<\/tr>\n<tr>\n<th class=\"name-field Iluminacion\">\n<h5>Iluminaci\u00f3n<\/h5>\n<\/th>\n<td class=\"value-field Iluminacion\">S\u00ed<\/td>\n<\/tr>\n<tr class=\"even\">\n<th class=\"name-field Peso\">\n<h5>Peso<\/h5>\n<\/th>\n<td class=\"value-field Peso\">83 Kg<\/td>\n<\/tr>\n<tr>\n<th class=\"name-field Control-de-Temperatura\">\n<h5>Control de Temperatura<\/h5>\n<\/th>\n<td class=\"value-field Control-de-Temperatura\">Manual<\/td>\n<\/tr>\n<tr class=\"even\">\n<th class=\"name-field Diseno-de-refrigeradora\">\n<h5>Dise\u00f1o de refrigeradora<\/h5>\n<\/th>\n<td class=\"value-field Diseno-de-refrigeradora\">Side By Side<\/td>\n<\/tr>\n<tr>\n<th class=\"name-field Numero-de-compartimientos-en-puerta\">\n<h5>N\u00famero de compartimientos en puerta<\/h5>\n<\/th>\n<td class=\"value-field Numero-de-compartimientos-en-puerta\">3<\/td>\n<\/tr>\n<tr class=\"even\">\n<th class=\"name-field Garantia\">\n<h5>Garant\u00eda<\/h5>\n<\/th>\n<td class=\"value-field Garantia\">1 A\u00f1o<\/td>\n<\/tr>\n<tr>\n<th class=\"name-field Material-de-la-bandeja\">\n<h5>Material de la bandeja<\/h5>\n<\/th>\n<td class=\"value-field Material-de-la-bandeja\">Vidrio templado<\/td>\n<\/tr>\n<tr class=\"even\">\n<th class=\"name-field Alto\">\n<h5>Alto<\/h5>\n<\/th>\n<td class=\"value-field Alto\">180<\/td>\n<\/tr>\n<tr>\n<th class=\"name-field Ancho\">\n<h5>Ancho<\/h5>\n<\/th>\n<td class=\"value-field Ancho\">91<\/td>\n<\/tr>\n<tr class=\"even\">\n<th class=\"name-field Profundidad\">\n<h5>Profundidad<\/h5>\n<\/th>\n<td class=\"value-field Profundidad\">66<\/td>\n<\/tr>\n<tr>\n<th class=\"name-field Numero-de-Cajones\">\n<h5>N\u00famero de Cajones<\/h5>\n<\/th>\n<td class=\"value-field Numero-de-Cajones\">2<\/td>\n<\/tr>\n<tr class=\"even\">\n<th class=\"name-field Incluye\">\n<h5>Incluye<\/h5>\n<\/th>\n<td class=\"value-field Incluye\">Manual de uso<\/td>\n<\/tr>\n<\/tbody>\n<\/table>\n<\/div>\n<\/div>\n<\/div>\n","protected":false},"excerpt":{"rendered":"<p>Si est\u00e1s buscando un refrigerador moderno para tu hogar: las refrigeradoras side by side. Estas modernas neveras cuentan con dos compartimientos separados, lo que las hace ideales para familias numerosas o para tener una amplia variedad de alimentos bajo tu control. Las refrigeradoras Side by Side cuentan con una tecnolog\u00eda que se caracteriza por tener [&hellip;]<\/p>\n","protected":false},"featured_media":14897,"comment_status":"open","ping_status":"closed","template":"","meta":{"_acf_changed":false},"pwb-brand":[412],"product_brand":[],"product_cat":[385,142],"product_tag":[],"class_list":{"0":"post-14893","1":"product","2":"type-product","3":"status-publish","4":"has-post-thumbnail","6":"pwb-brand-indurama","7":"product_cat-refrigeradores-refrigeradores","8":"product_cat-refrigeradores","10":"first","11":"outofstock","12":"shipping-taxable","13":"purchasable","14":"product-type-simple"},"acf":[],"brands":[{"id":412,"name":"indurama","slug":"indurama"}],"_links":{"self":[{"href":"https:\/\/triplex.com.bo\/index.php\/wp-json\/wp\/v2\/product\/14893","targetHints":{"allow":["GET"]}}],"collection":[{"href":"https:\/\/triplex.com.bo\/index.php\/wp-json\/wp\/v2\/product"}],"about":[{"href":"https:\/\/triplex.com.bo\/index.php\/wp-json\/wp\/v2\/types\/product"}],"replies":[{"embeddable":true,"href":"https:\/\/triplex.com.bo\/index.php\/wp-json\/wp\/v2\/comments?post=14893"}],"wp:featuredmedia":[{"embeddable":true,"href":"https:\/\/triplex.com.bo\/index.php\/wp-json\/wp\/v2\/media\/14897"}],"wp:attachment":[{"href":"https:\/\/triplex.com.bo\/index.php\/wp-json\/wp\/v2\/media?parent=14893"}],"wp:term":[{"taxonomy":"pwb-brand","embeddable":true,"href":"https:\/\/triplex.com.bo\/index.php\/wp-json\/wp\/v2\/pwb-brand?post=14893"},{"taxonomy":"product_brand","embeddable":true,"href":"https:\/\/triplex.com.bo\/index.php\/wp-json\/wp\/v2\/product_brand?post=14893"},{"taxonomy":"product_cat","embeddable":true,"href":"https:\/\/triplex.com.bo\/index.php\/wp-json\/wp\/v2\/product_cat?post=14893"},{"taxonomy":"product_tag","embeddable":true,"href":"https:\/\/triplex.com.bo\/index.php\/wp-json\/wp\/v2\/product_tag?post=14893"}],"curies":[{"name":"wp","href":"https:\/\/api.w.org\/{rel}","templated":true}]}}