{"id":14793,"date":"2024-03-26T15:12:11","date_gmt":"2024-03-26T15:12:11","guid":{"rendered":"https:\/\/triplex.com.bo\/?post_type=product&#038;p=14793"},"modified":"2025-09-09T09:57:45","modified_gmt":"2025-09-09T13:57:45","slug":"cassette-18000btu-inverter-white-westinghouse","status":"publish","type":"product","link":"https:\/\/triplex.com.bo\/index.php\/product\/cassette-18000btu-inverter-white-westinghouse\/","title":{"rendered":"CASSETTE 18000BTU INVERTER WHITE WESTINGHOUSE"},"content":{"rendered":"<p>Aire acondicionado tipo cassette, dise\u00f1ado para salas de conferencias, oficinas, hoteles, caf\u00e9s, etc. Cuenta con un panel de flujo de aire de 360 \u200b\u200bgrados con control de paletas independiente para garantizar que el aire se distribuya en cada esquina de los ambientes.<\/p>\n<p>Est\u00e1 dise\u00f1ado con un perfil muy bajo, que lo hace perfecto para usar en huecos de techo poco profundos, donde un cassette est\u00e1ndar ser\u00eda demasiado espacioso. El panel de elevaci\u00f3n de la unidad interior es extra\u00edble. Se puede levantar hasta un m\u00e1ximo de 4 metros, lo que facilita mucho el proceso de limpieza.<\/p>\n<p>Cuenta con sistema Inverter, permite ahorrar en el consumo de energ\u00eda el\u00e9ctrica, es decir que a mayor horas de uso de forma continua mayor ahorro de energ\u00eda. Trabaja con gas refrigerante ecol\u00f3gico R410a<\/p>\n<table class=\"woocommerce-product-attributes shop_attributes\">\n<tbody>\n<tr class=\"woocommerce-product-attributes-item woocommerce-product-attributes-item--attribute_pa_alimentacion\">\n<th class=\"woocommerce-product-attributes-item__label\">Alimentaci\u00f3n<\/th>\n<td class=\"woocommerce-product-attributes-item__value\">220-240v, 1Ph, 50Hz\/380-415v, 3Ph, 50Hz<\/td>\n<\/tr>\n<tr class=\"woocommerce-product-attributes-item woocommerce-product-attributes-item--attribute_pa_capacidad\">\n<th class=\"woocommerce-product-attributes-item__label\">Capacidad<\/th>\n<td class=\"woocommerce-product-attributes-item__value\">18000 Btu&#8217;s<\/td>\n<\/tr>\n<tr class=\"woocommerce-product-attributes-item woocommerce-product-attributes-item--attribute_pa_consumo-de-enfriamiento\">\n<th class=\"woocommerce-product-attributes-item__label\">Consumo de enfriamiento<\/th>\n<td class=\"woocommerce-product-attributes-item__value\">3950 W<\/td>\n<\/tr>\n<tr class=\"woocommerce-product-attributes-item woocommerce-product-attributes-item--attribute_pa_corriente-nom-enfriamiento\">\n<th class=\"woocommerce-product-attributes-item__label\">Corriente Nom. Enfriamiento<\/th>\n<td class=\"woocommerce-product-attributes-item__value\">6.3 A<\/td>\n<\/tr>\n<tr class=\"woocommerce-product-attributes-item woocommerce-product-attributes-item--attribute_pa_eer\">\n<th class=\"woocommerce-product-attributes-item__label\">EER<\/th>\n<td class=\"woocommerce-product-attributes-item__value\">2.67 W\/W<\/td>\n<\/tr>\n<tr class=\"woocommerce-product-attributes-item woocommerce-product-attributes-item--attribute_pa_capacidad-de-calefaccion\">\n<th class=\"woocommerce-product-attributes-item__label\">Capacidad de calefacci\u00f3n<\/th>\n<td class=\"woocommerce-product-attributes-item__value\">20000 Btu&#8217;s<\/td>\n<\/tr>\n<tr class=\"woocommerce-product-attributes-item woocommerce-product-attributes-item--attribute_pa_consumo-de-calefaccion\">\n<th class=\"woocommerce-product-attributes-item__label\">Consumo de calefacci\u00f3n<\/th>\n<td class=\"woocommerce-product-attributes-item__value\">3500 W<\/td>\n<\/tr>\n<tr class=\"woocommerce-product-attributes-item woocommerce-product-attributes-item--attribute_pa_corriente-nom-calefaccion\">\n<th class=\"woocommerce-product-attributes-item__label\">Corriente Nom. Calefacci\u00f3n<\/th>\n<td class=\"woocommerce-product-attributes-item__value\">5.7 A<\/td>\n<\/tr>\n<tr class=\"woocommerce-product-attributes-item woocommerce-product-attributes-item--attribute_pa_cop\">\n<th class=\"woocommerce-product-attributes-item__label\">COP<\/th>\n<td class=\"woocommerce-product-attributes-item__value\">3.18 W\/W<\/td>\n<\/tr>\n<tr class=\"woocommerce-product-attributes-item woocommerce-product-attributes-item--attribute_pa_consumo-maximo\">\n<th class=\"woocommerce-product-attributes-item__label\">Consumo m\u00e1ximo<\/th>\n<td class=\"woocommerce-product-attributes-item__value\">4150 W<\/td>\n<\/tr>\n<tr class=\"woocommerce-product-attributes-item woocommerce-product-attributes-item--attribute_pa_corriente-maxima\">\n<th class=\"woocommerce-product-attributes-item__label\">Corriente m\u00e1xima<\/th>\n<td class=\"woocommerce-product-attributes-item__value\">10 A<\/td>\n<\/tr>\n<tr class=\"woocommerce-product-attributes-item woocommerce-product-attributes-item--attribute_pa_corriente-de-arranque\">\n<th class=\"woocommerce-product-attributes-item__label\">Corriente de arranque<\/th>\n<td class=\"woocommerce-product-attributes-item__value\">\/<\/td>\n<\/tr>\n<tr class=\"woocommerce-product-attributes-item woocommerce-product-attributes-item--attribute_pa_compresor\">\n<th class=\"woocommerce-product-attributes-item__label\">Compresor<\/th>\n<td class=\"woocommerce-product-attributes-item__value\">GMCC \u2013 ATF250D22UMT<\/td>\n<\/tr>\n<tr class=\"woocommerce-product-attributes-item woocommerce-product-attributes-item--attribute_pa_capacidad-de-compresor\">\n<th class=\"woocommerce-product-attributes-item__label\">Capacidad de compresor<\/th>\n<td class=\"woocommerce-product-attributes-item__value\">7645 W<\/td>\n<\/tr>\n<tr class=\"woocommerce-product-attributes-item woocommerce-product-attributes-item--attribute_pa_nivel-de-ruido-int\">\n<th class=\"woocommerce-product-attributes-item__label\">Nivel de ruido int.<\/th>\n<td class=\"woocommerce-product-attributes-item__value\">50.5\/47.5\/43.5 dB(A)<\/td>\n<\/tr>\n<tr class=\"woocommerce-product-attributes-item woocommerce-product-attributes-item--attribute_pa_nivel-de-ruido-ext\">\n<th class=\"woocommerce-product-attributes-item__label\">Nivel de ruido ext.<\/th>\n<td class=\"woocommerce-product-attributes-item__value\">61 dB(A)<\/td>\n<\/tr>\n<tr class=\"woocommerce-product-attributes-item woocommerce-product-attributes-item--attribute_pa_gas-refrigerante\">\n<th class=\"woocommerce-product-attributes-item__label\">Gas Refrigerante<\/th>\n<td class=\"woocommerce-product-attributes-item__value\">R410a<\/td>\n<\/tr>\n<tr class=\"woocommerce-product-attributes-item woocommerce-product-attributes-item--attribute_pa_presion-del-gas\">\n<th class=\"woocommerce-product-attributes-item__label\">Presi\u00f3n del Gas<\/th>\n<td class=\"woocommerce-product-attributes-item__value\">4.2\/1.5 MPa<\/td>\n<\/tr>\n<tr class=\"woocommerce-product-attributes-item woocommerce-product-attributes-item--attribute_pa_caneria-liquido-gas\">\n<th class=\"woocommerce-product-attributes-item__label\">Ca\u00f1er\u00eda l\u00edquido\/gas<\/th>\n<td class=\"woocommerce-product-attributes-item__value\">9.52mm(3\/8in)\/19mm(3\/4in)<\/td>\n<\/tr>\n<tr class=\"woocommerce-product-attributes-item woocommerce-product-attributes-item--attribute_pa_dimensiones-unidad-int\">\n<th class=\"woocommerce-product-attributes-item__label\">Dimensiones unidad Int.<\/th>\n<td class=\"woocommerce-product-attributes-item__value\">840mm x 840mm x 245mm (WxDxH)<\/td>\n<\/tr>\n<tr class=\"woocommerce-product-attributes-item woocommerce-product-attributes-item--attribute_pa_dimensiones-unidad-ext\">\n<th class=\"woocommerce-product-attributes-item__label\">Dimensiones unidad Ext.<\/th>\n<td class=\"woocommerce-product-attributes-item__value\">946mm x 410mm x 810mm (WxDxH)<\/td>\n<\/tr>\n<tr class=\"woocommerce-product-attributes-item woocommerce-product-attributes-item--attribute_pa_peso-neto-bruto-int\">\n<th class=\"woocommerce-product-attributes-item__label\">Peso neto\/bruto Int.<\/th>\n<td class=\"woocommerce-product-attributes-item__value\">24.5\/29 Kg<\/td>\n<\/tr>\n<tr class=\"woocommerce-product-attributes-item woocommerce-product-attributes-item--attribute_pa_peso-neto-bruto-ext\">\n<th class=\"woocommerce-product-attributes-item__label\">Peso neto\/bruto Ext.<\/th>\n<td class=\"woocommerce-product-attributes-item__value\">77.9\/82.7 Kg<\/td>\n<\/tr>\n<\/tbody>\n<\/table>\n","protected":false},"excerpt":{"rendered":"<p>Dise\u00f1ado con alta capacidad y dise\u00f1o elegante para utilizarlo en salas de conferencias, oficinas, hoteles, caf\u00e9s, etc.<\/p>\n","protected":false},"featured_media":14790,"comment_status":"open","ping_status":"closed","template":"","meta":{"_acf_changed":false},"pwb-brand":[208],"product_brand":[],"product_cat":[259,139],"product_tag":[],"class_list":{"0":"post-14793","1":"product","2":"type-product","3":"status-publish","4":"has-post-thumbnail","6":"pwb-brand-white-westinghouse","7":"product_cat-comercial","8":"product_cat-climatizacion","10":"first","11":"outofstock","12":"shipping-taxable","13":"purchasable","14":"product-type-simple"},"acf":[],"brands":[{"id":208,"name":"White-Westinghousesss","slug":"white-westinghouse"}],"_links":{"self":[{"href":"https:\/\/triplex.com.bo\/index.php\/wp-json\/wp\/v2\/product\/14793","targetHints":{"allow":["GET"]}}],"collection":[{"href":"https:\/\/triplex.com.bo\/index.php\/wp-json\/wp\/v2\/product"}],"about":[{"href":"https:\/\/triplex.com.bo\/index.php\/wp-json\/wp\/v2\/types\/product"}],"replies":[{"embeddable":true,"href":"https:\/\/triplex.com.bo\/index.php\/wp-json\/wp\/v2\/comments?post=14793"}],"wp:featuredmedia":[{"embeddable":true,"href":"https:\/\/triplex.com.bo\/index.php\/wp-json\/wp\/v2\/media\/14790"}],"wp:attachment":[{"href":"https:\/\/triplex.com.bo\/index.php\/wp-json\/wp\/v2\/media?parent=14793"}],"wp:term":[{"taxonomy":"pwb-brand","embeddable":true,"href":"https:\/\/triplex.com.bo\/index.php\/wp-json\/wp\/v2\/pwb-brand?post=14793"},{"taxonomy":"product_brand","embeddable":true,"href":"https:\/\/triplex.com.bo\/index.php\/wp-json\/wp\/v2\/product_brand?post=14793"},{"taxonomy":"product_cat","embeddable":true,"href":"https:\/\/triplex.com.bo\/index.php\/wp-json\/wp\/v2\/product_cat?post=14793"},{"taxonomy":"product_tag","embeddable":true,"href":"https:\/\/triplex.com.bo\/index.php\/wp-json\/wp\/v2\/product_tag?post=14793"}],"curies":[{"name":"wp","href":"https:\/\/api.w.org\/{rel}","templated":true}]}}