{"id":14774,"date":"2024-03-12T14:13:55","date_gmt":"2024-03-12T14:13:55","guid":{"rendered":"https:\/\/triplex.com.bo\/?post_type=product&#038;p=14774"},"modified":"2026-02-20T21:19:31","modified_gmt":"2026-02-21T01:19:31","slug":"hervidora-electrica-acero-1-7l-oster","status":"publish","type":"product","link":"https:\/\/triplex.com.bo\/index.php\/product\/hervidora-electrica-acero-1-7l-oster\/","title":{"rendered":"HERVIDORA ELECTRICA ACERO 1.7 LT OSTER"},"content":{"rendered":"<p>El hervidor el\u00e9ctrico Oster\u00ae con su dise\u00f1o moderno de acero inoxidable brinda durabilidad, uso f\u00e1cil y el estilo que necesitas en tu cocina. \u00a1Te permite hervir el agua en tan solo unos minutos! Adem\u00e1s, es muy seguro, porque contiene protecci\u00f3n que impide que hierva el agua hasta secarse.<\/p>\n<ul>\n<li>Apagado autom\u00e1tico para mayor seguridad<\/li>\n<li>Hervidor inal\u00e1mbrico de 360\u00b0 permite colocar en la base desde cualquier \u00e1ngulo para mayor comodidad<\/li>\n<li>Interruptor iluminado que indica cuando el hervidor est\u00e1 encendido o apagado<\/li>\n<li>El filtro de agua extra\u00edble ayuda a eliminar las part\u00edculas de calcio para brindar mejores resultados<\/li>\n<li>Gran capacidad de hasta 1,7 l de agua<\/li>\n<li>Su dise\u00f1o moderno a\u00f1ade el toque decorativo en la cocina<\/li>\n<li>Su pr\u00e1ctica \u00e1rea para almacenar el cable permite enrollar el cable sobrante bajo la base<\/li>\n<li>El elemento de calentamiento cerrado ayudar a evitar la acumulaci\u00f3n de residuos calc\u00e1reos y facilita la limpieza<\/li>\n<\/ul>\n","protected":false},"excerpt":{"rendered":"<p>El hervidor el\u00e9ctrico Oster\u00ae con su dise\u00f1o moderno de acero inoxidable brinda durabilidad, uso f\u00e1cil y el estilo que necesitas en tu cocina. \u00a1Te permite hervir el agua en tan solo unos minutos! Adem\u00e1s, es muy seguro, porque contiene protecci\u00f3n que impide que hierva el agua hasta secarse. Apagado autom\u00e1tico para mayor seguridad Hervidor inal\u00e1mbrico [&hellip;]<\/p>\n","protected":false},"featured_media":14777,"comment_status":"open","ping_status":"closed","template":"","meta":{"_acf_changed":false},"pwb-brand":[235],"product_brand":[],"product_cat":[157,163],"product_tag":[],"class_list":{"0":"post-14774","1":"product","2":"type-product","3":"status-publish","4":"has-post-thumbnail","6":"pwb-brand-oster","7":"product_cat-electromenor","8":"product_cat-electromenor-hervidoras","10":"first","11":"outofstock","12":"shipping-taxable","13":"purchasable","14":"product-type-simple"},"acf":[],"brands":[{"id":235,"name":"OSTER","slug":"oster"}],"_links":{"self":[{"href":"https:\/\/triplex.com.bo\/index.php\/wp-json\/wp\/v2\/product\/14774","targetHints":{"allow":["GET"]}}],"collection":[{"href":"https:\/\/triplex.com.bo\/index.php\/wp-json\/wp\/v2\/product"}],"about":[{"href":"https:\/\/triplex.com.bo\/index.php\/wp-json\/wp\/v2\/types\/product"}],"replies":[{"embeddable":true,"href":"https:\/\/triplex.com.bo\/index.php\/wp-json\/wp\/v2\/comments?post=14774"}],"wp:featuredmedia":[{"embeddable":true,"href":"https:\/\/triplex.com.bo\/index.php\/wp-json\/wp\/v2\/media\/14777"}],"wp:attachment":[{"href":"https:\/\/triplex.com.bo\/index.php\/wp-json\/wp\/v2\/media?parent=14774"}],"wp:term":[{"taxonomy":"pwb-brand","embeddable":true,"href":"https:\/\/triplex.com.bo\/index.php\/wp-json\/wp\/v2\/pwb-brand?post=14774"},{"taxonomy":"product_brand","embeddable":true,"href":"https:\/\/triplex.com.bo\/index.php\/wp-json\/wp\/v2\/product_brand?post=14774"},{"taxonomy":"product_cat","embeddable":true,"href":"https:\/\/triplex.com.bo\/index.php\/wp-json\/wp\/v2\/product_cat?post=14774"},{"taxonomy":"product_tag","embeddable":true,"href":"https:\/\/triplex.com.bo\/index.php\/wp-json\/wp\/v2\/product_tag?post=14774"}],"curies":[{"name":"wp","href":"https:\/\/api.w.org\/{rel}","templated":true}]}}