{"id":14564,"date":"2024-01-29T14:09:17","date_gmt":"2024-01-29T14:09:17","guid":{"rendered":"https:\/\/triplex.com.bo\/?post_type=product&#038;p=14564"},"modified":"2025-11-07T22:38:48","modified_gmt":"2025-11-08T02:38:48","slug":"campana-isla-electrolux-90cm","status":"publish","type":"product","link":"https:\/\/triplex.com.bo\/index.php\/product\/campana-isla-electrolux-90cm\/","title":{"rendered":"CAMPANA ISLA ELECTROLUX 90CM"},"content":{"rendered":"<ul>\n<li><strong>Cocina libre de humo y olores<\/strong>: Renueva el aire en menos de 2 minutos*<\/li>\n<li><strong>Alto Poder de Succi\u00f6n<\/strong>: Eficiencia superior en la retenci\u00f6n de humo y grasas durante la preparaci\u00f6n de tus comidas. cocina libre de humo y olores indeseables.<\/li>\n<li><strong>Panel Full Touch<\/strong>: Una interfaz diferenciada y m\u00e1s intuitiva, proporciona una mejor performance y experiencia de usuario. 3 Velocidades, Timer de entre 5 a 15 min.<\/li>\n<li><strong>Luz LED<\/strong>: Permite crear una atm\u00f6sfera diferente seg\u00fcn Ia ocasi6n. Brinda mayor claridad y visibilidad al cocinar, realzando el color de los alimentos sin modificarlos.<\/li>\n<li><strong>Filtraci\u00f6n Dual<\/strong>: Los Filtros de Aluminio extrafbles capturan y retienen hasta un 75%* de la grasa. El Filtro de carb\u00f6n activado mantiene tu cocina libre de olores no deseados. Aptos para Lavavajillas.<\/li>\n<\/ul>\n","protected":false},"excerpt":{"rendered":"<p>Cocina libre de humo y olores: Renueva el aire en menos de 2 minutos* Alto Poder de Succi\u00f6n: Eficiencia superior en la retenci\u00f6n de humo y grasas durante la preparaci\u00f6n de tus comidas. cocina libre de humo y olores indeseables. Panel Full Touch: Una interfaz diferenciada y m\u00e1s intuitiva, proporciona una mejor performance y experiencia [&hellip;]<\/p>\n","protected":false},"featured_media":14565,"comment_status":"open","ping_status":"closed","template":"","meta":{"_acf_changed":false},"pwb-brand":[207],"product_brand":[],"product_cat":[146,187],"product_tag":[],"class_list":{"0":"post-14564","1":"product","2":"type-product","3":"status-publish","4":"has-post-thumbnail","6":"pwb-brand-electrolux","7":"product_cat-campanas-extractoras","8":"product_cat-extractores","10":"first","11":"outofstock","12":"shipping-taxable","13":"purchasable","14":"product-type-simple"},"acf":[],"brands":[{"id":207,"name":"Electrolux","slug":"electrolux"}],"_links":{"self":[{"href":"https:\/\/triplex.com.bo\/index.php\/wp-json\/wp\/v2\/product\/14564","targetHints":{"allow":["GET"]}}],"collection":[{"href":"https:\/\/triplex.com.bo\/index.php\/wp-json\/wp\/v2\/product"}],"about":[{"href":"https:\/\/triplex.com.bo\/index.php\/wp-json\/wp\/v2\/types\/product"}],"replies":[{"embeddable":true,"href":"https:\/\/triplex.com.bo\/index.php\/wp-json\/wp\/v2\/comments?post=14564"}],"wp:featuredmedia":[{"embeddable":true,"href":"https:\/\/triplex.com.bo\/index.php\/wp-json\/wp\/v2\/media\/14565"}],"wp:attachment":[{"href":"https:\/\/triplex.com.bo\/index.php\/wp-json\/wp\/v2\/media?parent=14564"}],"wp:term":[{"taxonomy":"pwb-brand","embeddable":true,"href":"https:\/\/triplex.com.bo\/index.php\/wp-json\/wp\/v2\/pwb-brand?post=14564"},{"taxonomy":"product_brand","embeddable":true,"href":"https:\/\/triplex.com.bo\/index.php\/wp-json\/wp\/v2\/product_brand?post=14564"},{"taxonomy":"product_cat","embeddable":true,"href":"https:\/\/triplex.com.bo\/index.php\/wp-json\/wp\/v2\/product_cat?post=14564"},{"taxonomy":"product_tag","embeddable":true,"href":"https:\/\/triplex.com.bo\/index.php\/wp-json\/wp\/v2\/product_tag?post=14564"}],"curies":[{"name":"wp","href":"https:\/\/api.w.org\/{rel}","templated":true}]}}