{"id":14537,"date":"2024-01-16T19:39:08","date_gmt":"2024-01-16T19:39:08","guid":{"rendered":"https:\/\/triplex.com.bo\/?post_type=product&#038;p=14537"},"modified":"2024-08-17T16:43:50","modified_gmt":"2024-08-17T20:43:50","slug":"celular-apple-iphone-15-pro-512-gb","status":"publish","type":"product","link":"https:\/\/triplex.com.bo\/index.php\/product\/celular-apple-iphone-15-pro-512-gb\/","title":{"rendered":"CELULAR APPLE Iphone 15 Pro 512 Gb"},"content":{"rendered":"<p>Color de Referencia<\/p>\n<div class=\"techspecs-column\" role=\"cell\" aria-colspan=\"2\">\n<p>\u00a1Espera hasta experimentar la c\u00e1mara principal del Apple iPhone 15 Plus!\u00a0Su impresionante resoluci\u00f3n s\u00faper alta de 48 MB significa que puedes tomar fotograf\u00edas espectaculares con un nivel de detalle sorprendente.\u00a0El telezoom 2x te permite acercar a tus sujetos, todo gracias a la alta resoluci\u00f3n.\u00a0Simplemente toque la pantalla para mover el \u00e1rea de enfoque donde desee, incluso despu\u00e9s de haber tomado una foto.\u00a0La segunda lente de la c\u00e1mara dual ofrece un \u00e1ngulo ultra gran angular con un campo de visi\u00f3n de 120 grados.<\/p>\n<p>Pantalla con colores brillantes e isla din\u00e1mica<\/p>\n<p>La pantalla Super Retina XDR le da al iPhone 15 Plus bordes excepcionalmente delgados.\u00a0Gracias a la tecnolog\u00eda OLED, puedes ver el contenido con una definici\u00f3n n\u00edtida, con ricos contrastes y colores vivos.\u00a0El chip A16 Bionic de alto rendimiento ofrece soporte con procesamiento de im\u00e1genes.<\/p>\n<p>Anteriormente reservado para los modelos Pro, Dynamic Island ahora est\u00e1 disponible por primera vez en un modelo est\u00e1ndar de Apple.\u00a0Este recorte para la c\u00e1mara frontal de 12 MP tambi\u00e9n sirve como elemento de visualizaci\u00f3n y control y puede cambiar de forma como por arte de magia.\u00a0Puede mostrarle si su vuelo est\u00e1 programado, cu\u00e1nto tiempo queda antes de que suene el cron\u00f3metro o cu\u00e1nto tiempo m\u00e1s se reproducir\u00e1 su canci\u00f3n actual.<\/p>\n<p><strong>Detalles<\/strong><\/p>\n<ul>\n<li>Tama\u00f1o (An x Al x Pr): 77,8 x 160,9 x 7,8 mm<\/li>\n<li>Peso: 201 gramos<\/li>\n<li>Color: negro<\/li>\n<\/ul>\n<p><strong>Caracter\u00edsticas<\/strong><\/p>\n<ul>\n<li>Chip bi\u00f3nico A16<\/li>\n<li>Pantalla S\u00faper Retina XDR<\/li>\n<li>Pantalla OLED de 6,7\u2033 (17 cm en diagonal)*<\/li>\n<li>2.796 x 1.290 p\u00edxeles a 460 ppp<\/li>\n<li>Isla din\u00e1mica<\/li>\n<li>Sistema operativo: iOS 17<\/li>\n<li>Memoria interna: 256 GB<\/li>\n<li>Est\u00e1ndar de radio m\u00f3vil: 5 G**<\/li>\n<li>Escudo cer\u00e1mico (frontal), vidrio coloreado (trasero)<\/li>\n<li>Cubierta ole\u00f3fuga<\/li>\n<li>Tono verdadero<\/li>\n<li>Color amplio (P3)<\/li>\n<li>Relaci\u00f3n de contraste t\u00edpica: 2.000.000:1<\/li>\n<li>Brillo t\u00edpico m\u00e1ximo de 1000 nits, brillo m\u00e1ximo de 1600 nits (HDR), brillo m\u00e1ximo de 2000 nits (exteriores)<\/li>\n<li>Soporte para visualizaci\u00f3n de m\u00faltiples idiomas y caracteres simult\u00e1neamente<\/li>\n<li>Sistema de doble c\u00e1mara: c\u00e1mara principal de 48 MP y ultra gran angular de 12 MP<\/li>\n<li>C\u00e1mara TrueDepth con 12 MP<\/li>\n<li>Zoom \u00f3ptico de 2x, zoom \u00f3ptico de 2x, rango de zoom \u00f3ptico de 4x<\/li>\n<li>Zoom digital de hasta 10x<\/li>\n<li>Iluminaci\u00f3n de retratos con seis efectos.<\/li>\n<li>Estabilizaci\u00f3n de imagen \u00f3ptica por cambio de sensor<\/li>\n<li>Flash de tono verdadero<\/li>\n<li>Panor\u00e1mica (hasta 63 MP)<\/li>\n<li>Cubierta de lente de cristal de zafiro<\/li>\n<li>P\u00edxeles de enfoque 100% (ancho)<\/li>\n<li>Modo nocturno<\/li>\n<li>Fusi\u00f3n profunda<\/li>\n<li>HDR inteligente 5<\/li>\n<li>Estilos fotogr\u00e1ficos<\/li>\n<li>Geoetiquetado de fotos<\/li>\n<li>Estabilizaci\u00f3n de imagen autom\u00e1tica<\/li>\n<li>Modo de r\u00e1faga<\/li>\n<li>Modo cinematogr\u00e1fico hasta 4K HDR a 30 fps<\/li>\n<li>Grabaci\u00f3n de v\u00eddeo HDR con Dolby Vision hasta 4K a 60 fps<\/li>\n<li>Grabaci\u00f3n de v\u00eddeo 4K a 24 fps, 25 fps, 30 fps o 60 fps<\/li>\n<li>Zoom de audio<\/li>\n<li>V\u00eddeo de toma r\u00e1pida<\/li>\n<li>Soporte de v\u00eddeo en c\u00e1mara lenta para 1080p a 120 fps o 240 fps<\/li>\n<li>Enfoque autom\u00e1tico continuo<\/li>\n<li>Toma fotos de 8 MP mientras grabas videos 4K<\/li>\n<li>compatible con Siri<\/li>\n<li>identificaci\u00f3n facial<\/li>\n<li>pago de manzana<\/li>\n<li>Toque h\u00e1ptico<\/li>\n<li>GPS, GLONASS, Galileo, QZSS y BeiDou<\/li>\n<li>Br\u00fajula digital<\/li>\n<li>Microubicaci\u00f3n de iBeacon<\/li>\n<li>Doble SIM (Nano SIM y eSIM)***<\/li>\n<li>Bar\u00f3metro<\/li>\n<li>Giroscopio con alto rango din\u00e1mico<\/li>\n<li>Sensores de aceleraci\u00f3n, proximidad, luz ambiental.<\/li>\n<li>Carga inal\u00e1mbrica hasta 15 W****<\/li>\n<li>Clasificaci\u00f3n IP68 seg\u00fan la norma IEC 60529 (profundidad m\u00e1xima de 6 metros durante hasta 30 minutos)*****<\/li>\n<li>Versi\u00f3n de Bluetooth\u00ae: 5.3<\/li>\n<li>Chip de banda ultraancha de segunda generaci\u00f3n******<\/li>\n<li>NFC con modo lector<\/li>\n<li>Tarjetas Express con reserva de marcha<\/li>\n<li>Bater\u00eda de iones de litio integrada (reproducci\u00f3n de v\u00eddeo de hasta 20 horas, reproducci\u00f3n de v\u00eddeo en streaming de hasta 16 horas, reproducci\u00f3n de audio de hasta 80 horas)<\/li>\n<li>Puerto USB-C<\/li>\n<li>Est\u00e1ndar USB: 2.0<\/li>\n<li>M\u00e1x.\u00a0velocidad de transferencia de datos: 480 Mbit\/s<\/li>\n<\/ul>\n<p><strong>Incluido en la entrega<\/strong><\/p>\n<ul>\n<li>Tel\u00e9fono inteligente Apple iPhone 15 Plus<\/li>\n<li>Cable de carga USB\u2011C (1 m)<\/li>\n<\/ul>\n<\/div>\n","protected":false},"excerpt":{"rendered":"<p>Color de Referencia \u00a1Espera hasta experimentar la c\u00e1mara principal del Apple iPhone 15 Plus!\u00a0Su impresionante resoluci\u00f3n s\u00faper alta de 48 MB significa que puedes tomar fotograf\u00edas espectaculares con un nivel de detalle sorprendente.\u00a0El telezoom 2x te permite acercar a tus sujetos, todo gracias a la alta resoluci\u00f3n.\u00a0Simplemente toque la pantalla para mover el \u00e1rea de [&hellip;]<\/p>\n","protected":false},"featured_media":14532,"comment_status":"open","ping_status":"closed","template":"","meta":{"_acf_changed":false},"pwb-brand":[372],"product_brand":[],"product_cat":[339,195],"product_tag":[],"class_list":{"0":"post-14537","1":"product","2":"type-product","3":"status-publish","4":"has-post-thumbnail","6":"pwb-brand-iphone","7":"product_cat-tecnologia-celulares","8":"product_cat-tecnologia","10":"first","11":"instock","12":"shipping-taxable","13":"purchasable","14":"product-type-simple"},"acf":[],"brands":[{"id":372,"name":"IPHONE","slug":"iphone"}],"_links":{"self":[{"href":"https:\/\/triplex.com.bo\/index.php\/wp-json\/wp\/v2\/product\/14537","targetHints":{"allow":["GET"]}}],"collection":[{"href":"https:\/\/triplex.com.bo\/index.php\/wp-json\/wp\/v2\/product"}],"about":[{"href":"https:\/\/triplex.com.bo\/index.php\/wp-json\/wp\/v2\/types\/product"}],"replies":[{"embeddable":true,"href":"https:\/\/triplex.com.bo\/index.php\/wp-json\/wp\/v2\/comments?post=14537"}],"wp:featuredmedia":[{"embeddable":true,"href":"https:\/\/triplex.com.bo\/index.php\/wp-json\/wp\/v2\/media\/14532"}],"wp:attachment":[{"href":"https:\/\/triplex.com.bo\/index.php\/wp-json\/wp\/v2\/media?parent=14537"}],"wp:term":[{"taxonomy":"pwb-brand","embeddable":true,"href":"https:\/\/triplex.com.bo\/index.php\/wp-json\/wp\/v2\/pwb-brand?post=14537"},{"taxonomy":"product_brand","embeddable":true,"href":"https:\/\/triplex.com.bo\/index.php\/wp-json\/wp\/v2\/product_brand?post=14537"},{"taxonomy":"product_cat","embeddable":true,"href":"https:\/\/triplex.com.bo\/index.php\/wp-json\/wp\/v2\/product_cat?post=14537"},{"taxonomy":"product_tag","embeddable":true,"href":"https:\/\/triplex.com.bo\/index.php\/wp-json\/wp\/v2\/product_tag?post=14537"}],"curies":[{"name":"wp","href":"https:\/\/api.w.org\/{rel}","templated":true}]}}