{"id":14534,"date":"2024-01-16T19:17:04","date_gmt":"2024-01-16T19:17:04","guid":{"rendered":"https:\/\/triplex.com.bo\/?post_type=product&#038;p=14534"},"modified":"2026-03-04T18:19:23","modified_gmt":"2026-03-04T22:19:23","slug":"celular-apple-iphone-15-plus-128-gb","status":"publish","type":"product","link":"https:\/\/triplex.com.bo\/index.php\/product\/celular-apple-iphone-15-plus-128-gb\/","title":{"rendered":"CELULAR IPHONE 15 \/128 GB"},"content":{"rendered":"<p>Color de Referencia<\/p>\n<div class=\"techspecs-column\" role=\"cell\" aria-colspan=\"2\">\n<p>El iPhone 15 de 128GB, llevando la innovaci\u00f3n a un nuevo nivel. Con un dise\u00f1o elegante y prestaciones de vanguardia, este dispositivo redefine lo que es posible en un tel\u00e9fono inteligente.<\/p>\n<p><strong>Caracter\u00edsticas:<br \/>\n<\/strong><\/p>\n<p><strong>PANTALLA<\/strong>:<\/p>\n<p>OLED 6,1&#8243; Super Retina XDR<\/p>\n<p>2.556 x 1.179 px (460 ppp)<\/p>\n<p>Hasta 2.000 nits<\/p>\n<p>True Tone, HDR<\/p>\n<p>PROCESADOR:<\/p>\n<p>Apple A16 Bionic<\/p>\n<p><strong>ALMACENAMIENTO<\/strong>:<\/p>\n<p>&nbsp;<\/p>\n<p>128 \u00a0GB<\/p>\n<p><strong>MEMORIA RAM:<\/strong><\/p>\n<p>6 GB<\/p>\n<p><strong>SOFTWARE:<\/strong><\/p>\n<p>iOS 17<\/p>\n<p><strong>C\u00c1MARAS TRASERAS:<\/strong><\/p>\n<p>Principal: 48 MP, 26 mm, f\/1.6<\/p>\n<p>Ultra gran angular: 12 MP, 13 mm, f\/2.4<\/p>\n<p>(Teleobjetivo 2x de 12 MP gracias al sensor Quad Pixel)<\/p>\n<p>Zoom \u00f3ptico 2x<\/p>\n<p><strong>C\u00c1MARA FRONTAL:<\/strong><\/p>\n<p>True Depth 12 MP, f \/1.<\/p>\n<p><strong>BATER\u00cdA:<br \/>\n<\/strong>3.349 mAh<\/p>\n<p><strong>CONECTIVIDAD:<\/strong><\/p>\n<p>USB-C (USB 2, hasta 480 Mbps)<\/p>\n<p><strong>DIMENSIONES Y PESO:<\/strong><\/p>\n<p>147,6 x 71,6 x 7,8 mm<\/p>\n<p>171 g<\/p>\n<p><strong>Importante:<\/strong><\/p>\n<p>Las caracter\u00edsticas de cada producto pueden variar seg\u00fan el pa\u00eds de adquisici\u00f3n del mismo, por lo que la siguiente descripci\u00f3n no debe ser interpretada como un compromiso contractual.<\/p>\n<\/div>\n","protected":false},"excerpt":{"rendered":"<p>Color de Referencia El iPhone 15 de 128GB, llevando la innovaci\u00f3n a un nuevo nivel. Con un dise\u00f1o elegante y prestaciones de vanguardia, este dispositivo redefine lo que es posible en un tel\u00e9fono inteligente. Caracter\u00edsticas: PANTALLA: OLED 6,1&#8243; Super Retina XDR 2.556 x 1.179 px (460 ppp) Hasta 2.000 nits True Tone, HDR PROCESADOR: Apple [&hellip;]<\/p>\n","protected":false},"featured_media":14535,"comment_status":"open","ping_status":"closed","template":"","meta":{"_acf_changed":false},"pwb-brand":[372],"product_brand":[],"product_cat":[339,195],"product_tag":[430],"class_list":{"0":"post-14534","1":"product","2":"type-product","3":"status-publish","4":"has-post-thumbnail","6":"pwb-brand-iphone","7":"product_cat-tecnologia-celulares","8":"product_cat-tecnologia","9":"product_tag-oferta","11":"first","12":"outofstock","13":"shipping-taxable","14":"purchasable","15":"product-type-simple"},"acf":[],"brands":[{"id":372,"name":"IPHONE","slug":"iphone"}],"_links":{"self":[{"href":"https:\/\/triplex.com.bo\/index.php\/wp-json\/wp\/v2\/product\/14534","targetHints":{"allow":["GET"]}}],"collection":[{"href":"https:\/\/triplex.com.bo\/index.php\/wp-json\/wp\/v2\/product"}],"about":[{"href":"https:\/\/triplex.com.bo\/index.php\/wp-json\/wp\/v2\/types\/product"}],"replies":[{"embeddable":true,"href":"https:\/\/triplex.com.bo\/index.php\/wp-json\/wp\/v2\/comments?post=14534"}],"wp:featuredmedia":[{"embeddable":true,"href":"https:\/\/triplex.com.bo\/index.php\/wp-json\/wp\/v2\/media\/14535"}],"wp:attachment":[{"href":"https:\/\/triplex.com.bo\/index.php\/wp-json\/wp\/v2\/media?parent=14534"}],"wp:term":[{"taxonomy":"pwb-brand","embeddable":true,"href":"https:\/\/triplex.com.bo\/index.php\/wp-json\/wp\/v2\/pwb-brand?post=14534"},{"taxonomy":"product_brand","embeddable":true,"href":"https:\/\/triplex.com.bo\/index.php\/wp-json\/wp\/v2\/product_brand?post=14534"},{"taxonomy":"product_cat","embeddable":true,"href":"https:\/\/triplex.com.bo\/index.php\/wp-json\/wp\/v2\/product_cat?post=14534"},{"taxonomy":"product_tag","embeddable":true,"href":"https:\/\/triplex.com.bo\/index.php\/wp-json\/wp\/v2\/product_tag?post=14534"}],"curies":[{"name":"wp","href":"https:\/\/api.w.org\/{rel}","templated":true}]}}