{"id":14513,"date":"2024-01-15T19:32:22","date_gmt":"2024-01-15T19:32:22","guid":{"rendered":"https:\/\/triplex.com.bo\/?post_type=product&#038;p=14513"},"modified":"2025-11-10T15:47:49","modified_gmt":"2025-11-10T19:47:49","slug":"celular-iphone-14-256gb","status":"publish","type":"product","link":"https:\/\/triplex.com.bo\/index.php\/product\/celular-iphone-14-256gb\/","title":{"rendered":"CELULAR APPLE IPHONE14 256GB"},"content":{"rendered":"<p>Color de Referencia<br \/>\nLa pantalla del iPhone 14 tiene esquinas redondeadas que siguen el elegante dise\u00f1o curvo del tel\u00e9fono, y las esquinas se encuentran dentro de un rect\u00e1ngulo est\u00e1ndar. Si se mide en forma de rect\u00e1ngulo est\u00e1ndar, la pantalla tiene 6.06 pulgadas en diagonal (el \u00e1rea real de visualizaci\u00f3n es menor). Sistema de dos c\u00e1maras<br \/>\nGran angular de 12 MP: 26 mm, apertura de \u0192\/1.5, estabilizaci\u00f3n \u00f3ptica de imagen por desplazamiento de sensor, lente de siete elementos, 100% Focus Pixels<br \/>\nUltra gran angular de 12 MP: 13 mm, apertura de \u0192\/2.4 y \u00e1ngulo de visi\u00f3n de 120\u00b0, lente de cinco elementos<br \/>\nZoom \u00f3ptico de 2x para alejar; zoom digital de hasta 5x<br \/>\nCubierta del lente de cristal de zafiro<br \/>\nFlash True Tone<br \/>\nPhotonic Engine<br \/>\nDeep Fusion<br \/>\nHDR Inteligente 4<br \/>\nModo Retrato con bokeh avanzado y Control de Profundidad<br \/>\nIluminaci\u00f3n de Retrato con seis efectos (Luz Natural, Luz de Estudio Fotogr\u00e1fico, Luz al Contorno, Reflector, Reflector B y N, Clave Alta en B y N)<br \/>\nModo Noche<br \/>\nFotos panor\u00e1micas (hasta 63 MP)<br \/>\nEstilos Fotogr\u00e1ficos<br \/>\nAmplia gama de colores en fotos y Live Photos<br \/>\nCorrecci\u00f3n de lente (c\u00e1mara ultra gran angular)<br \/>\nCorrecci\u00f3n avanzada de ojos rojos<br \/>\nEstabilizaci\u00f3n autom\u00e1tica de imagen<br \/>\nModo R\u00e1faga<br \/>\nGeoetiquetado de fotos<br \/>\nCaptura de imagen en formatos HEIF y JPEG<br \/>\nGrabaci\u00f3n de video<br \/>\nGrabaci\u00f3n de video 4K a 24 cps, 25 cps, 30 cps o 60 cps<br \/>\nGrabaci\u00f3n de video HD de 1080p a 25 cps, 30 cps o 60 cps<br \/>\nGrabaci\u00f3n de video HD de 720p a 30 cps<br \/>\nModo Cine de hasta 4K HDR a 30 cps<br \/>\nModo Acci\u00f3n de hasta 2.8K a 60 cps<br \/>\nGrabaci\u00f3n de video HDR en Dolby Vision de hasta 4K a 60 cps<br \/>\nVideo en c\u00e1mara lenta de 1080p a 120 cps o 240 cps<br \/>\nVideo en c\u00e1mara r\u00e1pida con estabilizaci\u00f3n<br \/>\nC\u00e1mara r\u00e1pida con modo Noche<br \/>\nVideo QuickTake<br \/>\nEstabilizaci\u00f3n \u00f3ptica de imagen para video por desplazamiento de sensor (c\u00e1mara gran angular)<br \/>\nZoom \u00f3ptico de 2x para alejar<br \/>\nZoom digital de hasta 3x<br \/>\nZoom de audio<br \/>\nFlash True Tone<br \/>\nEstabilizaci\u00f3n cinem\u00e1tica de video (4K, 1080p y 720p)<br \/>\nVideo con autoenfoque continuo<br \/>\nToma fotos de 8 MP mientras graba videos 4K<br \/>\nZoom de reproducci\u00f3n<br \/>\nGrabaci\u00f3n de video en formatos HEVC y H.264<br \/>\nGrabaci\u00f3n est\u00e9reo<br \/>\nC\u00e1mara TrueDepth<br \/>\nC\u00e1mara de 12 MP<br \/>\nApertura de \u0192\/1.9<br \/>\nAutoenfoque con Focus Pixels<br \/>\nLente de seis elementos<br \/>\nRetina Flash<br \/>\nPhotonic Engine<br \/>\nDeep Fusion<br \/>\nHDR Inteligente 4<br \/>\nModo Retrato con bokeh avanzado y Control de Profundidad<br \/>\nIluminaci\u00f3n de Retrato con seis efectos (Luz Natural, Luz de Estudio Fotogr\u00e1fico, Luz al Contorno, Reflector, Reflector B y N, Clave Alta en B y N)<br \/>\nAnimoji y Memoji<br \/>\nModo Noche<br \/>\nEstilos Fotogr\u00e1ficos<br \/>\nAmplia gama de colores en fotos y Live Photos<br \/>\nCorrecci\u00f3n de lente<br \/>\nEstabilizaci\u00f3n autom\u00e1tica de imagen<br \/>\nModo R\u00e1faga<br \/>\nGrabaci\u00f3n de video 4K a 24 cps, 25 cps, 30 cps o 60 cps<br \/>\nGrabaci\u00f3n de video HD de 1080p a 25 cps, 30 cps o 60 cps<br \/>\nModo Cine de hasta 4K HDR a 30 cps<br \/>\nGrabaci\u00f3n de video HDR en Dolby Vision de hasta 4K a 60 cps<br \/>\nVideo en c\u00e1mara lenta de 1080p a 120 cps<br \/>\nVideo en c\u00e1mara r\u00e1pida con estabilizaci\u00f3n<br \/>\nC\u00e1mara r\u00e1pida con modo Noche<br \/>\nVideo QuickTake<br \/>\nEstabilizaci\u00f3n cinem\u00e1tica de video (4K, 1080p y 720p)<br \/>\nFace ID<br \/>\nReconocimiento facial por medio de la c\u00e1mara TrueDepth<br \/>\nSeguridad<br \/>\nEmergencia SOS4<br \/>\nDetecci\u00f3n de Choques<br \/>\nConexi\u00f3n celular e inal\u00e1mbrica<br \/>\nModelo A2882*<\/p>\n<p>5G NR (Bandas n1, n2, n3, n5, n7, n8, n12, n20, n25, n26, n28, n30, n38, n40, n41, n48, n53, n66, n70, n77, n78, n79)<br \/>\nFDD\u2011LTE (Bandas 1, 2, 3, 4, 5, 7, 8, 12, 13, 17, 18, 19, 20, 25, 26, 28, 30, 32, 66)<br \/>\nTD\u2011LTE (Bandas 34, 38, 39, 40, 41, 42, 46, 48, 53)<br \/>\nUMTS\/HSPA+\/DC-HSDPA (850, 900, 1700\/2100, 1900, 2100 MHz)<br \/>\nGSM\/EDGE (850, 900, 1800, 1900 MHz)<br \/>\nModelo A2886*<\/p>\n<p>5G NR (Bandas n1, n2, n3, n5, n7, n8, n12, n20, n25, n26, n28, n30, n38, n40, n41, n48, n53, n66, n70, n77, n78, n79)<br \/>\nFDD\u2011LTE (Bandas 1, 2, 3, 4, 5, 7, 8, 12, 13, 17, 18, 19, 20, 25, 26, 28, 30, 32, 66)<br \/>\nTD\u2011LTE (Bandas 34, 38, 39, 40, 41, 42, 46, 48, 53)<br \/>\nUMTS\/HSPA+\/DC-HSDPA (850, 900, 1700\/2100, 1900, 2100 MHz)<br \/>\nGSM\/EDGE (850, 900, 1800, 1900 MHz)<br \/>\nTodos los modelos<\/p>\n<p>5G (sub-6 GHz) con MIMO 4&#215;45<br \/>\nGigabit LTE con MIMO 4&#215;4 y LAA5<br \/>\nWi\u2011Fi 6 (802.11ax) con MIMO 2&#215;2<br \/>\nBluetooth 5.3<br \/>\nChip de banda ultraancha para la detecci\u00f3n espacial6<br \/>\nNFC con modo de lectura<br \/>\nTarjetas Express con carga de reserva<br \/>\nUbicaci\u00f3n<br \/>\nGPS, GLONASS, Galileo, QZSS y BeiDou<br \/>\nBr\u00fajula digital<br \/>\nWi\u2011Fi<br \/>\nRed celular<br \/>\nMicrolocalizaci\u00f3n iBeacon<br \/>\nLlamadas de video7<br \/>\nLlamadas de video de FaceTime a trav\u00e9s de red celular o Wi-Fi<br \/>\nLlamadas de video de FaceTime HD (1080p) a trav\u00e9s de 5G o Wi-Fi<br \/>\nComparte experiencias como pel\u00edculas, programas de TV, m\u00fasica y apps en una llamada de FaceTime mediante SharePlay<br \/>\nCompartir Pantalla<br \/>\nModo Retrato en llamadas de video de FaceTime<br \/>\nAudio espacial<br \/>\nModos de micr\u00f3fono: Aislamiento de Voz y Espectro Amplio<br \/>\nZoom con la c\u00e1mara trasera<br \/>\nLlamadas de audio7<br \/>\nLlamadas de audio de FaceTime<br \/>\nComparte experiencias como pel\u00edculas, programas de TV, m\u00fasica y apps en una llamada de FaceTime mediante SharePlay<br \/>\nCompartir Pantalla<br \/>\nAudio espacial<br \/>\nModos de micr\u00f3fono: Aislamiento de Voz y Espectro Amplio<br \/>\nReproducci\u00f3n de audio<br \/>\nLos formatos compatibles incluyen AAC, MP3, Apple Lossless, FLAC, Dolby Digital, Dolby Digital Plus y Dolby Atmos<br \/>\nReproducci\u00f3n de audio espacial<br \/>\nVolumen m\u00e1ximo configurable por el usuario<br \/>\nReproducci\u00f3n de video<br \/>\nLos formatos compatibles incluyen HEVC, H.264 y ProRes<br \/>\nHDR con Dolby Vision, HDR10 y HLG<br \/>\nAirPlay para duplicaci\u00f3n de pantalla y reproducci\u00f3n de fotos y videos hasta 4K HDR a trav\u00e9s del Apple TV (segunda generaci\u00f3n o posterior) o de una smart TV compatible con AirPlay 2<br \/>\nCompatibilidad con duplicaci\u00f3n de video y salida de video: hasta 1080p a trav\u00e9s del adaptador de Lightning a AV digital y del adaptador de Lightning a VGA (los adaptadores se venden por separado)8<\/p>\n","protected":false},"excerpt":{"rendered":"<p>CELULAR IPHONE 14 128GB<\/p>\n","protected":false},"featured_media":11828,"comment_status":"open","ping_status":"closed","template":"","meta":{"_acf_changed":false},"pwb-brand":[372],"product_brand":[],"product_cat":[339,195],"product_tag":[],"class_list":{"0":"post-14513","1":"product","2":"type-product","3":"status-publish","4":"has-post-thumbnail","6":"pwb-brand-iphone","7":"product_cat-tecnologia-celulares","8":"product_cat-tecnologia","10":"first","11":"outofstock","12":"shipping-taxable","13":"purchasable","14":"product-type-simple"},"acf":[],"brands":[{"id":372,"name":"IPHONE","slug":"iphone"}],"_links":{"self":[{"href":"https:\/\/triplex.com.bo\/index.php\/wp-json\/wp\/v2\/product\/14513","targetHints":{"allow":["GET"]}}],"collection":[{"href":"https:\/\/triplex.com.bo\/index.php\/wp-json\/wp\/v2\/product"}],"about":[{"href":"https:\/\/triplex.com.bo\/index.php\/wp-json\/wp\/v2\/types\/product"}],"replies":[{"embeddable":true,"href":"https:\/\/triplex.com.bo\/index.php\/wp-json\/wp\/v2\/comments?post=14513"}],"wp:featuredmedia":[{"embeddable":true,"href":"https:\/\/triplex.com.bo\/index.php\/wp-json\/wp\/v2\/media\/11828"}],"wp:attachment":[{"href":"https:\/\/triplex.com.bo\/index.php\/wp-json\/wp\/v2\/media?parent=14513"}],"wp:term":[{"taxonomy":"pwb-brand","embeddable":true,"href":"https:\/\/triplex.com.bo\/index.php\/wp-json\/wp\/v2\/pwb-brand?post=14513"},{"taxonomy":"product_brand","embeddable":true,"href":"https:\/\/triplex.com.bo\/index.php\/wp-json\/wp\/v2\/product_brand?post=14513"},{"taxonomy":"product_cat","embeddable":true,"href":"https:\/\/triplex.com.bo\/index.php\/wp-json\/wp\/v2\/product_cat?post=14513"},{"taxonomy":"product_tag","embeddable":true,"href":"https:\/\/triplex.com.bo\/index.php\/wp-json\/wp\/v2\/product_tag?post=14513"}],"curies":[{"name":"wp","href":"https:\/\/api.w.org\/{rel}","templated":true}]}}