{"id":14351,"date":"2023-12-27T18:48:09","date_gmt":"2023-12-27T18:48:09","guid":{"rendered":"https:\/\/triplex.com.bo\/?post_type=product&#038;p=14351"},"modified":"2025-01-02T16:21:38","modified_gmt":"2025-01-02T20:21:38","slug":"licuadora-600w-cadence-bld701","status":"publish","type":"product","link":"https:\/\/triplex.com.bo\/index.php\/product\/licuadora-600w-cadence-bld701\/","title":{"rendered":"LICUADORA 600W CADENCE BLD701"},"content":{"rendered":"<p>Vers\u00e1til, ideal para preparar bebidas fr\u00edas o calientes, tritura hielo y frutas congeladas, con un nuevo dise\u00f1o y nuevos colores se suma a la Colecci\u00f3n Contraste. <b>\u00a1Haz la receta que quieras y ll\u00e9vala a donde quieras!<\/b><\/p>\n<p><span class=\"titulo\">Compacta<\/span><br \/>\nLa licuadora se puede lavar r\u00e1pidamente y guardar en espacios peque\u00f1os.\u00a0Compacto y totalmente desmontable.<\/p>\n<p><b>Alta Potencia:<\/b>\u00a0600W para una r\u00e1pida preparaci\u00f3n de zumos y batidos.<\/p>\n<p><b>Dimensiones:<\/b>\u00a0Plegable y cabe en cualquier espacio de tu cocina, mide 130x365x130cm y 1,10 Kg.<\/p>\n<p><b>Lleva tu bebida favorita a donde quiera que vayas:<\/b>\u00a02 jarras de 500ml, con tapa para que t\u00fa o tu hijo las lleves al trabajo, al colegio, a caminar o al gimnasio.<\/p>\n<p><b>Seguridad:<\/b>\u00a0Base antideslizante y cierre de seguridad.<\/p>\n<table class=\"group Especificacoes\" cellspacing=\"0\">\n<tbody>\n<tr>\n<th class=\"name-field Tensao\">Voltaje<\/th>\n<td class=\"value-field Tensao\">127V \/ 220V<\/td>\n<\/tr>\n<tr class=\"even\">\n<th class=\"name-field Potencia\">Potencia<\/th>\n<td class=\"value-field Potencia\">600W<\/td>\n<\/tr>\n<tr>\n<th class=\"name-field Consumo\">Consumo<\/th>\n<td class=\"value-field Consumo\">0,6 kilovatios\/hora<\/td>\n<\/tr>\n<tr class=\"even\">\n<th class=\"name-field Dimensoes-LxAxP-\">Dimensiones [AnchoxAltoxLargo]<\/th>\n<td class=\"value-field Dimensoes-LxAxP-\">130x365x130mm<\/td>\n<\/tr>\n<tr>\n<th class=\"name-field Garantia-meses-\">Garant\u00eda (meses)<\/th>\n<td class=\"value-field Garantia-meses-\">12 meses<\/td>\n<\/tr>\n<tr class=\"even\">\n<th class=\"name-field Peso\">Peso<\/th>\n<td class=\"value-field Peso\">1,10 kilos<\/td>\n<\/tr>\n<tr>\n<th class=\"name-field Codigo-de-barras\">c\u00f3digo de barras<\/th>\n<td class=\"value-field Codigo-de-barras\">7898700211689 |\u00a07898700211696<\/td>\n<\/tr>\n<\/tbody>\n<\/table>\n","protected":false},"excerpt":{"rendered":"<p>Vers\u00e1til, ideal para preparar bebidas fr\u00edas o calientes, tritura hielo y frutas congeladas, con un nuevo dise\u00f1o y nuevos colores se suma a la Colecci\u00f3n Contraste. \u00a1Haz la receta que quieras y ll\u00e9vala a donde quieras! Compacta La licuadora se puede lavar r\u00e1pidamente y guardar en espacios peque\u00f1os.\u00a0Compacto y totalmente desmontable. Alta Potencia:\u00a0600W para una [&hellip;]<\/p>\n","protected":false},"featured_media":14352,"comment_status":"open","ping_status":"closed","template":"","meta":{"_acf_changed":false},"pwb-brand":[362],"product_brand":[],"product_cat":[157,165],"product_tag":[],"class_list":{"0":"post-14351","1":"product","2":"type-product","3":"status-publish","4":"has-post-thumbnail","6":"pwb-brand-candence","7":"product_cat-electromenor","8":"product_cat-electromenor-licuadoras","10":"first","11":"instock","12":"shipping-taxable","13":"purchasable","14":"product-type-simple"},"acf":[],"brands":[{"id":362,"name":"CANDENCE","slug":"candence"}],"_links":{"self":[{"href":"https:\/\/triplex.com.bo\/index.php\/wp-json\/wp\/v2\/product\/14351","targetHints":{"allow":["GET"]}}],"collection":[{"href":"https:\/\/triplex.com.bo\/index.php\/wp-json\/wp\/v2\/product"}],"about":[{"href":"https:\/\/triplex.com.bo\/index.php\/wp-json\/wp\/v2\/types\/product"}],"replies":[{"embeddable":true,"href":"https:\/\/triplex.com.bo\/index.php\/wp-json\/wp\/v2\/comments?post=14351"}],"wp:featuredmedia":[{"embeddable":true,"href":"https:\/\/triplex.com.bo\/index.php\/wp-json\/wp\/v2\/media\/14352"}],"wp:attachment":[{"href":"https:\/\/triplex.com.bo\/index.php\/wp-json\/wp\/v2\/media?parent=14351"}],"wp:term":[{"taxonomy":"pwb-brand","embeddable":true,"href":"https:\/\/triplex.com.bo\/index.php\/wp-json\/wp\/v2\/pwb-brand?post=14351"},{"taxonomy":"product_brand","embeddable":true,"href":"https:\/\/triplex.com.bo\/index.php\/wp-json\/wp\/v2\/product_brand?post=14351"},{"taxonomy":"product_cat","embeddable":true,"href":"https:\/\/triplex.com.bo\/index.php\/wp-json\/wp\/v2\/product_cat?post=14351"},{"taxonomy":"product_tag","embeddable":true,"href":"https:\/\/triplex.com.bo\/index.php\/wp-json\/wp\/v2\/product_tag?post=14351"}],"curies":[{"name":"wp","href":"https:\/\/api.w.org\/{rel}","templated":true}]}}