{"id":14332,"date":"2023-12-27T17:27:47","date_gmt":"2023-12-27T17:27:47","guid":{"rendered":"https:\/\/triplex.com.bo\/?post_type=product&#038;p=14332"},"modified":"2025-12-10T16:17:39","modified_gmt":"2025-12-10T20:17:39","slug":"plancha-babyliss-pro-nano-titanium-4093uz","status":"publish","type":"product","link":"https:\/\/triplex.com.bo\/index.php\/product\/plancha-babyliss-pro-nano-titanium-4093uz\/","title":{"rendered":"PLANCHA BABYLISS PRO NANO TITANIUM"},"content":{"rendered":"<div class=\"AJC0Rz\" data-hook=\"content-wrapper\">\n<p>PLANCHA I\u00d3NICA VENTED<\/p>\n<p>Plancha Profesional Vented para todos los Servicios de Sal\u00f3n<br \/>\nEl ventilado elimina el exceso de calor proporcionando protecci\u00f3n para el cabello.<br \/>\nPara todo tipo de cabello: h\u00famedo o seco.<br \/>\nAlisa y riza.<br \/>\nOfrece un acabado liso y brillante con facilidad.<br \/>\nIdeal para aplicaciones de proceso de queratina.<\/p>\n<ul>\n<li>Placas de Nano Titanium 1 1\/2&#8243; de ancho<\/li>\n<li>Para cabello h\u00famedo o seco<\/li>\n<li>Carcasa especial de Ryton<\/li>\n<li>Calor envolvente<\/li>\n<li>5 niveles de temperatura<\/li>\n<li>Alcanza temperaturas hasta los 450\u00baF<\/li>\n<li>Doble voltaje<\/li>\n<li>Cable giratorio de 360\u00ba<\/li>\n<\/ul>\n<\/div>\n","protected":false},"excerpt":{"rendered":"<p>PLANCHA I\u00d3NICA VENTED Plancha Profesional Vented para todos los Servicios de Sal\u00f3n El ventilado elimina el exceso de calor proporcionando protecci\u00f3n para el cabello. Para todo tipo de cabello: h\u00famedo o seco. Alisa y riza. Ofrece un acabado liso y brillante con facilidad. Ideal para aplicaciones de proceso de queratina. Placas de Nano Titanium 1 [&hellip;]<\/p>\n","protected":false},"featured_media":14334,"comment_status":"open","ping_status":"closed","template":"","meta":{"_acf_changed":false},"pwb-brand":[397],"product_brand":[],"product_cat":[188],"product_tag":[],"class_list":{"0":"post-14332","1":"product","2":"type-product","3":"status-publish","4":"has-post-thumbnail","6":"pwb-brand-babyliss","7":"product_cat-cuidado-personal","9":"first","10":"outofstock","11":"shipping-taxable","12":"purchasable","13":"product-type-simple"},"acf":[],"brands":[{"id":397,"name":"Babyliss","slug":"babyliss"}],"_links":{"self":[{"href":"https:\/\/triplex.com.bo\/index.php\/wp-json\/wp\/v2\/product\/14332","targetHints":{"allow":["GET"]}}],"collection":[{"href":"https:\/\/triplex.com.bo\/index.php\/wp-json\/wp\/v2\/product"}],"about":[{"href":"https:\/\/triplex.com.bo\/index.php\/wp-json\/wp\/v2\/types\/product"}],"replies":[{"embeddable":true,"href":"https:\/\/triplex.com.bo\/index.php\/wp-json\/wp\/v2\/comments?post=14332"}],"wp:featuredmedia":[{"embeddable":true,"href":"https:\/\/triplex.com.bo\/index.php\/wp-json\/wp\/v2\/media\/14334"}],"wp:attachment":[{"href":"https:\/\/triplex.com.bo\/index.php\/wp-json\/wp\/v2\/media?parent=14332"}],"wp:term":[{"taxonomy":"pwb-brand","embeddable":true,"href":"https:\/\/triplex.com.bo\/index.php\/wp-json\/wp\/v2\/pwb-brand?post=14332"},{"taxonomy":"product_brand","embeddable":true,"href":"https:\/\/triplex.com.bo\/index.php\/wp-json\/wp\/v2\/product_brand?post=14332"},{"taxonomy":"product_cat","embeddable":true,"href":"https:\/\/triplex.com.bo\/index.php\/wp-json\/wp\/v2\/product_cat?post=14332"},{"taxonomy":"product_tag","embeddable":true,"href":"https:\/\/triplex.com.bo\/index.php\/wp-json\/wp\/v2\/product_tag?post=14332"}],"curies":[{"name":"wp","href":"https:\/\/api.w.org\/{rel}","templated":true}]}}