{"id":14324,"date":"2023-12-27T16:45:18","date_gmt":"2023-12-27T16:45:18","guid":{"rendered":"https:\/\/triplex.com.bo\/?post_type=product&#038;p=14324"},"modified":"2026-02-21T00:10:15","modified_gmt":"2026-02-21T04:10:15","slug":"rizador-profesional-mira-curl-3-en-1","status":"publish","type":"product","link":"https:\/\/triplex.com.bo\/index.php\/product\/rizador-profesional-mira-curl-3-en-1\/","title":{"rendered":"Rizador Profesional Mira Curl 3 en 1"},"content":{"rendered":"<ul>\n<li>Tecnolog\u00eda de Nano Titanium.<\/li>\n<li>Motor MAX LIFE PRO de alto rendimiento 5,000 horas de uso continuo.<\/li>\n<li>Barril giratorio de 1 pulgada.<\/li>\n<li>3 Ajustes de nivel de temperatura.<\/li>\n<li>4 Ajustes de tiempo.<\/li>\n<li>3 Ajustes de direcci\u00f3n del rizo (izquierda, derecha y alternado).<\/li>\n<li>Calentamiento instant\u00e1neo.<\/li>\n<li>Funciones Smart Tech (apagado autom\u00e1tico, modo de espera y sensor de movimiento).<\/li>\n<\/ul>\n","protected":false},"excerpt":{"rendered":"<p>Tecnolog\u00eda de Nano Titanium. Motor MAX LIFE PRO de alto rendimiento 5,000 horas de uso continuo. Barril giratorio de 1 pulgada. 3 Ajustes de nivel de temperatura. 4 Ajustes de tiempo. 3 Ajustes de direcci\u00f3n del rizo (izquierda, derecha y alternado). Calentamiento instant\u00e1neo. Funciones Smart Tech (apagado autom\u00e1tico, modo de espera y sensor de movimiento).<\/p>\n","protected":false},"featured_media":14327,"comment_status":"open","ping_status":"closed","template":"","meta":{"_acf_changed":false},"pwb-brand":[397],"product_brand":[],"product_cat":[188],"product_tag":[],"class_list":{"0":"post-14324","1":"product","2":"type-product","3":"status-publish","4":"has-post-thumbnail","6":"pwb-brand-babyliss","7":"product_cat-cuidado-personal","9":"first","10":"outofstock","11":"shipping-taxable","12":"purchasable","13":"product-type-simple"},"acf":[],"brands":[{"id":397,"name":"Babyliss","slug":"babyliss"}],"_links":{"self":[{"href":"https:\/\/triplex.com.bo\/index.php\/wp-json\/wp\/v2\/product\/14324","targetHints":{"allow":["GET"]}}],"collection":[{"href":"https:\/\/triplex.com.bo\/index.php\/wp-json\/wp\/v2\/product"}],"about":[{"href":"https:\/\/triplex.com.bo\/index.php\/wp-json\/wp\/v2\/types\/product"}],"replies":[{"embeddable":true,"href":"https:\/\/triplex.com.bo\/index.php\/wp-json\/wp\/v2\/comments?post=14324"}],"wp:featuredmedia":[{"embeddable":true,"href":"https:\/\/triplex.com.bo\/index.php\/wp-json\/wp\/v2\/media\/14327"}],"wp:attachment":[{"href":"https:\/\/triplex.com.bo\/index.php\/wp-json\/wp\/v2\/media?parent=14324"}],"wp:term":[{"taxonomy":"pwb-brand","embeddable":true,"href":"https:\/\/triplex.com.bo\/index.php\/wp-json\/wp\/v2\/pwb-brand?post=14324"},{"taxonomy":"product_brand","embeddable":true,"href":"https:\/\/triplex.com.bo\/index.php\/wp-json\/wp\/v2\/product_brand?post=14324"},{"taxonomy":"product_cat","embeddable":true,"href":"https:\/\/triplex.com.bo\/index.php\/wp-json\/wp\/v2\/product_cat?post=14324"},{"taxonomy":"product_tag","embeddable":true,"href":"https:\/\/triplex.com.bo\/index.php\/wp-json\/wp\/v2\/product_tag?post=14324"}],"curies":[{"name":"wp","href":"https:\/\/api.w.org\/{rel}","templated":true}]}}