{"id":14321,"date":"2023-12-27T16:38:19","date_gmt":"2023-12-27T16:38:19","guid":{"rendered":"https:\/\/triplex.com.bo\/?post_type=product&#038;p=14321"},"modified":"2026-05-05T16:28:48","modified_gmt":"2026-05-05T20:28:48","slug":"almohada-mk-memory-foam-premium-016","status":"publish","type":"product","link":"https:\/\/triplex.com.bo\/index.php\/product\/almohada-mk-memory-foam-premium-016\/","title":{"rendered":"ALMOHADA MK MEMORY FOAM PREMIUM 016"},"content":{"rendered":"<div class=\"woocommerce-product-details__short-description\">\n<p>Almohada Viscoel\u00e1stica con memoria de tecnolog\u00eda Nasa auto-moldeable, termosensible y anti-presi\u00f3n.<\/p>\n<\/div>\n<table class=\"woocommerce-product-attributes shop_attributes\">\n<tbody>\n<tr class=\"woocommerce-product-attributes-item woocommerce-product-attributes-item--attribute_pa_composicion\">\n<th class=\"woocommerce-product-attributes-item__label\">\u00a0COMPOSICI\u00d3N<\/th>\n<td class=\"woocommerce-product-attributes-item__value\">Memory Foam<\/td>\n<\/tr>\n<tr class=\"woocommerce-product-attributes-item woocommerce-product-attributes-item--attribute_pa_tamano\">\n<th class=\"woocommerce-product-attributes-item__label\">\u00a0TAMA\u00d1O<\/th>\n<td class=\"woocommerce-product-attributes-item__value\">50x70x16<\/td>\n<\/tr>\n<tr class=\"woocommerce-product-attributes-item woocommerce-product-attributes-item--attribute_pa_funda\">\n<th class=\"woocommerce-product-attributes-item__label\">\u00a0FUNDA<\/th>\n<td class=\"woocommerce-product-attributes-item__value\">100% Algod\u00f3n<\/td>\n<\/tr>\n<tr class=\"woocommerce-product-attributes-item woocommerce-product-attributes-item--attribute_pa_altura-cm\">\n<th class=\"woocommerce-product-attributes-item__label\">\u00a0ALTURA CM<\/th>\n<td class=\"woocommerce-product-attributes-item__value\">16<\/td>\n<\/tr>\n<tr class=\"woocommerce-product-attributes-item woocommerce-product-attributes-item--attribute_pa_peso-producto-kg\">\n<th class=\"woocommerce-product-attributes-item__label\">\u00a0PESO PRODUCTO KG<\/th>\n<td class=\"woocommerce-product-attributes-item__value\">1<\/td>\n<\/tr>\n<tr class=\"woocommerce-product-attributes-item woocommerce-product-attributes-item--attribute_pa_garantia\">\n<th class=\"woocommerce-product-attributes-item__label\">\u00a0GARANTIA<\/th>\n<td class=\"woocommerce-product-attributes-item__value\">1 a\u00f1o<\/td>\n<\/tr>\n<\/tbody>\n<\/table>\n","protected":false},"excerpt":{"rendered":"<p>Almohada Viscoel\u00e1stica con memoria de tecnolog\u00eda Nasa auto-moldeable, termosensible y anti-presi\u00f3n. \u00a0COMPOSICI\u00d3N Memory Foam \u00a0TAMA\u00d1O 50x70x16 \u00a0FUNDA 100% Algod\u00f3n \u00a0ALTURA CM 16 \u00a0PESO PRODUCTO KG 1 \u00a0GARANTIA 1 a\u00f1o<\/p>\n","protected":false},"featured_media":14322,"comment_status":"open","ping_status":"closed","template":"","meta":{"_acf_changed":false},"pwb-brand":[366],"product_brand":[],"product_cat":[378,147,209],"product_tag":[],"class_list":{"0":"post-14321","1":"product","2":"type-product","3":"status-publish","4":"has-post-thumbnail","6":"pwb-brand-maxiking","7":"product_cat-dormitorio","8":"product_cat-muebles","9":"product_cat-ofertas-especiales","11":"first","12":"instock","13":"sale","14":"shipping-taxable","15":"purchasable","16":"product-type-simple"},"acf":[],"brands":[{"id":366,"name":"MAXIKING","slug":"maxiking"}],"_links":{"self":[{"href":"https:\/\/triplex.com.bo\/index.php\/wp-json\/wp\/v2\/product\/14321","targetHints":{"allow":["GET"]}}],"collection":[{"href":"https:\/\/triplex.com.bo\/index.php\/wp-json\/wp\/v2\/product"}],"about":[{"href":"https:\/\/triplex.com.bo\/index.php\/wp-json\/wp\/v2\/types\/product"}],"replies":[{"embeddable":true,"href":"https:\/\/triplex.com.bo\/index.php\/wp-json\/wp\/v2\/comments?post=14321"}],"wp:featuredmedia":[{"embeddable":true,"href":"https:\/\/triplex.com.bo\/index.php\/wp-json\/wp\/v2\/media\/14322"}],"wp:attachment":[{"href":"https:\/\/triplex.com.bo\/index.php\/wp-json\/wp\/v2\/media?parent=14321"}],"wp:term":[{"taxonomy":"pwb-brand","embeddable":true,"href":"https:\/\/triplex.com.bo\/index.php\/wp-json\/wp\/v2\/pwb-brand?post=14321"},{"taxonomy":"product_brand","embeddable":true,"href":"https:\/\/triplex.com.bo\/index.php\/wp-json\/wp\/v2\/product_brand?post=14321"},{"taxonomy":"product_cat","embeddable":true,"href":"https:\/\/triplex.com.bo\/index.php\/wp-json\/wp\/v2\/product_cat?post=14321"},{"taxonomy":"product_tag","embeddable":true,"href":"https:\/\/triplex.com.bo\/index.php\/wp-json\/wp\/v2\/product_tag?post=14321"}],"curies":[{"name":"wp","href":"https:\/\/api.w.org\/{rel}","templated":true}]}}