{"id":14302,"date":"2023-12-27T13:50:35","date_gmt":"2023-12-27T13:50:35","guid":{"rendered":"https:\/\/triplex.com.bo\/?post_type=product&#038;p=14302"},"modified":"2024-09-25T09:00:55","modified_gmt":"2024-09-25T13:00:55","slug":"ventilador-oster-de-pie-ovtr880","status":"publish","type":"product","link":"https:\/\/triplex.com.bo\/index.php\/product\/ventilador-oster-de-pie-ovtr880\/","title":{"rendered":"VENTILADOR OSTER DE PIE OVTR880"},"content":{"rendered":"<h2>Caracter\u00edsticas<\/h2>\n<ul>\n<li><span class=\"VIiyi\" lang=\"es\" xml:lang=\"es\"><span class=\"JLqJ4b ChMk0b\">El nuevo ventilador de columna de Oster es m\u00e1s potente, con altura ajustable, tiene sofisticaci\u00f3n y termina en cada detalle.<\/span><\/span><\/li>\n<li><span class=\"VIiyi\" lang=\"es\" xml:lang=\"es\"><span class=\"JLqJ4b ChMk0b\">Mucha m\u00e1s potencia: hay 126 vatios de potencia que producen vientos m\u00e1s fuertes y fr\u00edos.<\/span><span class=\"JLqJ4b\">\u00a0<\/span><span class=\"JLqJ4b ChMk0b\">max Cool: las rejillas de ventilador de Oster se proyectan hacia adelante, creando el Max Cool: un \u00e1rea de viento m\u00e1xima.<\/span><span class=\"JLqJ4b\">\u00a0<\/span><span class=\"JLqJ4b ChMk0b\">3 velocidades: el ventilador de columna Oster tiene 3 opciones de velocidad para que usted elija la m\u00e1s c\u00f3moda para su entorno.<\/span><\/span><\/li>\n<li>Potencia: 126W<\/li>\n<li>Modo: Max Cool.<\/li>\n<li>Contiene 3 velocidades.<\/li>\n<li>Altura regulable.<\/li>\n<\/ul>\n","protected":false},"excerpt":{"rendered":"<p>Caracter\u00edsticas El nuevo ventilador de columna de Oster es m\u00e1s potente, con altura ajustable, tiene sofisticaci\u00f3n y termina en cada detalle. Mucha m\u00e1s potencia: hay 126 vatios de potencia que producen vientos m\u00e1s fuertes y fr\u00edos.\u00a0max Cool: las rejillas de ventilador de Oster se proyectan hacia adelante, creando el Max Cool: un \u00e1rea de viento [&hellip;]<\/p>\n","protected":false},"featured_media":14303,"comment_status":"open","ping_status":"closed","template":"","meta":{"_acf_changed":false},"pwb-brand":[235],"product_brand":[],"product_cat":[154,139],"product_tag":[],"class_list":{"0":"post-14302","1":"product","2":"type-product","3":"status-publish","4":"has-post-thumbnail","6":"pwb-brand-oster","7":"product_cat-climatizacion-ventiladores-calentadores","8":"product_cat-climatizacion","10":"first","11":"outofstock","12":"shipping-taxable","13":"purchasable","14":"product-type-simple"},"acf":[],"brands":[{"id":235,"name":"OSTER","slug":"oster"}],"_links":{"self":[{"href":"https:\/\/triplex.com.bo\/index.php\/wp-json\/wp\/v2\/product\/14302","targetHints":{"allow":["GET"]}}],"collection":[{"href":"https:\/\/triplex.com.bo\/index.php\/wp-json\/wp\/v2\/product"}],"about":[{"href":"https:\/\/triplex.com.bo\/index.php\/wp-json\/wp\/v2\/types\/product"}],"replies":[{"embeddable":true,"href":"https:\/\/triplex.com.bo\/index.php\/wp-json\/wp\/v2\/comments?post=14302"}],"wp:featuredmedia":[{"embeddable":true,"href":"https:\/\/triplex.com.bo\/index.php\/wp-json\/wp\/v2\/media\/14303"}],"wp:attachment":[{"href":"https:\/\/triplex.com.bo\/index.php\/wp-json\/wp\/v2\/media?parent=14302"}],"wp:term":[{"taxonomy":"pwb-brand","embeddable":true,"href":"https:\/\/triplex.com.bo\/index.php\/wp-json\/wp\/v2\/pwb-brand?post=14302"},{"taxonomy":"product_brand","embeddable":true,"href":"https:\/\/triplex.com.bo\/index.php\/wp-json\/wp\/v2\/product_brand?post=14302"},{"taxonomy":"product_cat","embeddable":true,"href":"https:\/\/triplex.com.bo\/index.php\/wp-json\/wp\/v2\/product_cat?post=14302"},{"taxonomy":"product_tag","embeddable":true,"href":"https:\/\/triplex.com.bo\/index.php\/wp-json\/wp\/v2\/product_tag?post=14302"}],"curies":[{"name":"wp","href":"https:\/\/api.w.org\/{rel}","templated":true}]}}