{"id":14263,"date":"2023-12-14T18:51:25","date_gmt":"2023-12-14T18:51:25","guid":{"rendered":"https:\/\/triplex.com.bo\/?post_type=product&#038;p=14263"},"modified":"2025-03-24T15:23:58","modified_gmt":"2025-03-24T19:23:58","slug":"bic-mnr-scorpion-29-pulgadas","status":"publish","type":"product","link":"https:\/\/triplex.com.bo\/index.php\/product\/bic-mnr-scorpion-29-pulgadas\/","title":{"rendered":"BICICLETA MNR SCORPION 29&#8243;"},"content":{"rendered":"<div class=\"vc_tta-panel-heading\">\n<h4 class=\"vc_tta-panel-title\"><a href=\"https:\/\/www.monark.com.pe\/producto\/bicicleta-scorpion-aro-29\/#ts-acc-706409454\" data-vc-accordion=\"\" data-vc-container=\".vc_tta-container\"><span class=\"vc_tta-title-text\">Especificaciones t\u00e9cnicas<\/span><i class=\"vc_tta-controls-icon vc_tta-controls-icon-plus\"><\/i><\/a><\/h4>\n<\/div>\n<div class=\"vc_tta-panel-body\">\n<div class=\"product-content\">\n<ul>\n<li>Modelo: MNR SCORPION 29\u2033.<\/li>\n<li>Material Marco: Acero.<\/li>\n<li>Medida del Aro: 29\u2033.<\/li>\n<li>Material del Aro: Aluminio, doble pared.<\/li>\n<li>Material del Tim\u00f3n: Acero.<\/li>\n<li>Material de los Pedales: Resina de pl\u00e1stico con reflector.<\/li>\n<li>Tipo de Frenos: Disco delantero y Posterior V-Brake.<\/li>\n<li>Suspensi\u00f3n: Delantera.<\/li>\n<li>Velocidades: 18 velocidades.<\/li>\n<li>Palanca de Cambios: Shimano Revoshift.<\/li>\n<li>Descarrilador: Shimano Tourney TZ.<\/li>\n<li>Desviador: Shimano Tourney TZ.<\/li>\n<li>Pi\u00f1on: 6 coronas.<\/li>\n<li>Asiento: Ergon\u00f3mico.<\/li>\n<li>Llantas: 29 x 2.10.<\/li>\n<li>Medida de la Caja (cm): 144x20x75 cm.<\/li>\n<li>Medida del producto Armado (cm): 182 x 71 x 105 cm.<\/li>\n<li>Peso Neto \/ Peso Bruto (Kg): 19 \/ 21 Kg.<\/li>\n<\/ul>\n<\/div>\n<\/div>\n","protected":false},"excerpt":{"rendered":"<p>Especificaciones t\u00e9cnicas Modelo: MNR SCORPION 29\u2033. Material Marco: Acero. Medida del Aro: 29\u2033. Material del Aro: Aluminio, doble pared. Material del Tim\u00f3n: Acero. Material de los Pedales: Resina de pl\u00e1stico con reflector. Tipo de Frenos: Disco delantero y Posterior V-Brake. Suspensi\u00f3n: Delantera. Velocidades: 18 velocidades. Palanca de Cambios: Shimano Revoshift. Descarrilador: Shimano Tourney TZ. Desviador: [&hellip;]<\/p>\n","protected":false},"featured_media":14265,"comment_status":"open","ping_status":"closed","template":"","meta":{"_acf_changed":false},"pwb-brand":[413],"product_brand":[],"product_cat":[15],"product_tag":[],"class_list":{"0":"post-14263","1":"product","2":"type-product","3":"status-publish","4":"has-post-thumbnail","6":"pwb-brand-monark","7":"product_cat-bicicletas","9":"first","10":"outofstock","11":"shipping-taxable","12":"purchasable","13":"product-type-simple"},"acf":[],"brands":[{"id":413,"name":"MONARK","slug":"monark"}],"_links":{"self":[{"href":"https:\/\/triplex.com.bo\/index.php\/wp-json\/wp\/v2\/product\/14263","targetHints":{"allow":["GET"]}}],"collection":[{"href":"https:\/\/triplex.com.bo\/index.php\/wp-json\/wp\/v2\/product"}],"about":[{"href":"https:\/\/triplex.com.bo\/index.php\/wp-json\/wp\/v2\/types\/product"}],"replies":[{"embeddable":true,"href":"https:\/\/triplex.com.bo\/index.php\/wp-json\/wp\/v2\/comments?post=14263"}],"wp:featuredmedia":[{"embeddable":true,"href":"https:\/\/triplex.com.bo\/index.php\/wp-json\/wp\/v2\/media\/14265"}],"wp:attachment":[{"href":"https:\/\/triplex.com.bo\/index.php\/wp-json\/wp\/v2\/media?parent=14263"}],"wp:term":[{"taxonomy":"pwb-brand","embeddable":true,"href":"https:\/\/triplex.com.bo\/index.php\/wp-json\/wp\/v2\/pwb-brand?post=14263"},{"taxonomy":"product_brand","embeddable":true,"href":"https:\/\/triplex.com.bo\/index.php\/wp-json\/wp\/v2\/product_brand?post=14263"},{"taxonomy":"product_cat","embeddable":true,"href":"https:\/\/triplex.com.bo\/index.php\/wp-json\/wp\/v2\/product_cat?post=14263"},{"taxonomy":"product_tag","embeddable":true,"href":"https:\/\/triplex.com.bo\/index.php\/wp-json\/wp\/v2\/product_tag?post=14263"}],"curies":[{"name":"wp","href":"https:\/\/api.w.org\/{rel}","templated":true}]}}