{"id":14254,"date":"2023-12-14T18:36:23","date_gmt":"2023-12-14T18:36:23","guid":{"rendered":"https:\/\/triplex.com.bo\/?post_type=product&#038;p=14254"},"modified":"2026-01-07T16:11:24","modified_gmt":"2026-01-07T20:11:24","slug":"bic-mnr-scorpion-27-5-pulgadas","status":"publish","type":"product","link":"https:\/\/triplex.com.bo\/index.php\/product\/bic-mnr-scorpion-27-5-pulgadas\/","title":{"rendered":"BICICLETA MNR SCORPION 27.5&#8243;"},"content":{"rendered":"<div class=\"vc_tta-panel-heading\">\n<h4 class=\"vc_tta-panel-title\"><a href=\"https:\/\/www.monark.com.pe\/producto\/bicicleta-scorpion\/#ts-acc-1307647748\" data-vc-accordion=\"\" data-vc-container=\".vc_tta-container\"><span class=\"vc_tta-title-text\">Especificaciones t\u00e9cnicas<\/span><i class=\"vc_tta-controls-icon vc_tta-controls-icon-plus\"><\/i><\/a><\/h4>\n<\/div>\n<div class=\"vc_tta-panel-body\">\n<div class=\"product-content\">\n<ul>\n<li>Modelo: MNR SCORPION 27.5\u2033.<\/li>\n<li>Material Marco: Acero.<\/li>\n<li>Medida del Aro: 27.5\u2033.<\/li>\n<li>Material del Aro: Aluminio, doble pared.<\/li>\n<li>Material del Tim\u00f3n: Acero.<\/li>\n<li>Material de los Pedales: Resina de pl\u00e1stico con reflector.<\/li>\n<li>Tipo de Frenos: Disco delantero y Posterior V-Brake.<\/li>\n<li>Material de la palanca de Freno: Pl\u00e1stico .<\/li>\n<li>Suspensi\u00f3n: Delantera.<\/li>\n<li>Velocidades: 18 velocidades.<\/li>\n<li>Palanca de Cambios: Shimano Revoshift.<\/li>\n<li>Descarrilador: Shimano Tourney .<\/li>\n<li>Desviador: Shimano Tourney .<\/li>\n<li>Pi\u00f1on: 6 coronas.<\/li>\n<li>Parador: Central, Acero.<\/li>\n<li>Asiento: Ergon\u00f3mico.<\/li>\n<li>Llantas: 27.5\u00d72.10.<\/li>\n<li>Medida de la Caja (cm): 143x20x73 cm.<\/li>\n<li>Medida del producto Armado (cm): 176x67x110 cm.<\/li>\n<li>Peso Neto \/ Peso Bruto (Kg): 18\/21 Kg.<\/li>\n<\/ul>\n<\/div>\n<\/div>\n","protected":false},"excerpt":{"rendered":"<p>Especificaciones t\u00e9cnicas Modelo: MNR SCORPION 27.5\u2033. Material Marco: Acero. Medida del Aro: 27.5\u2033. Material del Aro: Aluminio, doble pared. Material del Tim\u00f3n: Acero. Material de los Pedales: Resina de pl\u00e1stico con reflector. Tipo de Frenos: Disco delantero y Posterior V-Brake. Material de la palanca de Freno: Pl\u00e1stico . Suspensi\u00f3n: Delantera. Velocidades: 18 velocidades. Palanca de [&hellip;]<\/p>\n","protected":false},"featured_media":14258,"comment_status":"open","ping_status":"closed","template":"","meta":{"_acf_changed":false},"pwb-brand":[413],"product_brand":[],"product_cat":[15],"product_tag":[],"class_list":{"0":"post-14254","1":"product","2":"type-product","3":"status-publish","4":"has-post-thumbnail","6":"pwb-brand-monark","7":"product_cat-bicicletas","9":"first","10":"outofstock","11":"shipping-taxable","12":"purchasable","13":"product-type-simple"},"acf":[],"brands":[{"id":413,"name":"MONARK","slug":"monark"}],"_links":{"self":[{"href":"https:\/\/triplex.com.bo\/index.php\/wp-json\/wp\/v2\/product\/14254","targetHints":{"allow":["GET"]}}],"collection":[{"href":"https:\/\/triplex.com.bo\/index.php\/wp-json\/wp\/v2\/product"}],"about":[{"href":"https:\/\/triplex.com.bo\/index.php\/wp-json\/wp\/v2\/types\/product"}],"replies":[{"embeddable":true,"href":"https:\/\/triplex.com.bo\/index.php\/wp-json\/wp\/v2\/comments?post=14254"}],"wp:featuredmedia":[{"embeddable":true,"href":"https:\/\/triplex.com.bo\/index.php\/wp-json\/wp\/v2\/media\/14258"}],"wp:attachment":[{"href":"https:\/\/triplex.com.bo\/index.php\/wp-json\/wp\/v2\/media?parent=14254"}],"wp:term":[{"taxonomy":"pwb-brand","embeddable":true,"href":"https:\/\/triplex.com.bo\/index.php\/wp-json\/wp\/v2\/pwb-brand?post=14254"},{"taxonomy":"product_brand","embeddable":true,"href":"https:\/\/triplex.com.bo\/index.php\/wp-json\/wp\/v2\/product_brand?post=14254"},{"taxonomy":"product_cat","embeddable":true,"href":"https:\/\/triplex.com.bo\/index.php\/wp-json\/wp\/v2\/product_cat?post=14254"},{"taxonomy":"product_tag","embeddable":true,"href":"https:\/\/triplex.com.bo\/index.php\/wp-json\/wp\/v2\/product_tag?post=14254"}],"curies":[{"name":"wp","href":"https:\/\/api.w.org\/{rel}","templated":true}]}}