{"id":14171,"date":"2023-11-29T18:03:28","date_gmt":"2023-11-29T18:03:28","guid":{"rendered":"https:\/\/triplex.com.bo\/?post_type=product&#038;p=14171"},"modified":"2026-01-07T15:29:04","modified_gmt":"2026-01-07T19:29:04","slug":"tv-65-lg-nano-cell","status":"publish","type":"product","link":"https:\/\/triplex.com.bo\/index.php\/product\/tv-65-lg-nano-cell\/","title":{"rendered":"TV 65&#8243; LG NANO CELL"},"content":{"rendered":"<div class=\"c-compare-selling__group-head title\">\n<div class=\"cmp-title\" data-cmp-data-layer=\"\">\n<h3 class=\"cmp-title__text\">Todas las especificaciones<\/h3>\n<\/div>\n<\/div>\n<div class=\"c-compare-selling__spec\">\n<div class=\"c-compare-selling__table\">\n<div class=\"c-compare-selling__table-head text\"><strong><span class=\"cmp-text\" data-cmp-data-layer=\"\">PANTALLA<\/span><\/strong><\/div>\n<div class=\"c-compare-selling__spec-list\">\n<dl class=\"text c-compare-selling__item\">\n<dt class=\"cmp-text c-compare-selling__spec-name\">Tama\u00f1o de la pantalla<\/dt>\n<dd class=\"cmp-text c-compare-selling__spec-desc\">65 pulgadas<\/dd>\n<\/dl>\n<dl class=\"text c-compare-selling__item\">\n<dt class=\"cmp-text c-compare-selling__spec-name\">Resoluci\u00f3n<\/dt>\n<dd class=\"cmp-text c-compare-selling__spec-desc\">4K HDR<\/dd>\n<\/dl>\n<dl class=\"text c-compare-selling__item\">\n<dt class=\"cmp-text c-compare-selling__spec-name\">Tecnolog\u00eda<\/dt>\n<dd class=\"cmp-text c-compare-selling__spec-desc\">LED<\/dd>\n<\/dl>\n<dl class=\"text c-compare-selling__item\">\n<dt class=\"cmp-text c-compare-selling__spec-name\">Tipo de Pantalla<\/dt>\n<dd class=\"cmp-text c-compare-selling__spec-desc\">Plana<\/dd>\n<\/dl>\n<dl class=\"text c-compare-selling__item\">\n<dt class=\"cmp-text c-compare-selling__spec-name\">Resoluci\u00f3n Pantalla (px)<\/dt>\n<dd class=\"cmp-text c-compare-selling__spec-desc\">3840 x 2160<\/dd>\n<\/dl>\n<\/div>\n<\/div>\n<div class=\"c-compare-selling__table\">\n<div class=\"c-compare-selling__table-head text\"><strong><span class=\"cmp-text\" data-cmp-data-layer=\"\">SMART TV<\/span><\/strong><\/div>\n<div class=\"c-compare-selling__spec-list\">\n<dl class=\"text c-compare-selling__item\">\n<dt class=\"cmp-text c-compare-selling__spec-name\">Smart TV<\/dt>\n<dd class=\"cmp-text c-compare-selling__spec-desc\">S\u00ed<\/dd>\n<\/dl>\n<dl class=\"text c-compare-selling__item\">\n<dt class=\"cmp-text c-compare-selling__spec-name\">Procesador<\/dt>\n<dd class=\"cmp-text c-compare-selling__spec-desc\">Procesador \u03b15 de 4\u00aa generaci\u00f3n 4K<\/dd>\n<\/dl>\n<dl class=\"text c-compare-selling__item\">\n<dt class=\"cmp-text c-compare-selling__spec-name\">Navegador<\/dt>\n<dd class=\"cmp-text c-compare-selling__spec-desc\">S\u00ed<\/dd>\n<\/dl>\n<dl class=\"text c-compare-selling__item\">\n<dt class=\"cmp-text c-compare-selling__spec-name\">Sistema operativo<\/dt>\n<dd class=\"cmp-text c-compare-selling__spec-desc\">webOS Smart TV AI ThinQ<\/dd>\n<\/dl>\n<\/div>\n<\/div>\n<div class=\"c-compare-selling__table\">\n<div class=\"c-compare-selling__table-head text\"><strong><span class=\"cmp-text\" data-cmp-data-layer=\"\">VIDEO(CALIDAD DE IMAGEN)<\/span><\/strong><\/div>\n<div class=\"c-compare-selling__spec-list\">\n<dl class=\"text c-compare-selling__item\">\n<dt class=\"cmp-text c-compare-selling__spec-name\">Tasa de refresco nativa<\/dt>\n<dd class=\"cmp-text c-compare-selling__spec-desc\">60 Hz<\/dd>\n<\/dl>\n<\/div>\n<\/div>\n<div class=\"c-compare-selling__table\">\n<div class=\"c-compare-selling__table-head text\"><strong><span class=\"cmp-text\" data-cmp-data-layer=\"\">AUDIO<\/span><\/strong><\/div>\n<div class=\"c-compare-selling__spec-list\">\n<dl class=\"text c-compare-selling__item\">\n<dt class=\"cmp-text c-compare-selling__spec-name\">Sistema de sonido<\/dt>\n<dd class=\"cmp-text c-compare-selling__spec-desc\">Al sound<\/dd>\n<\/dl>\n<\/div>\n<\/div>\n<div class=\"c-compare-selling__table\">\n<div class=\"c-compare-selling__table-head text\"><strong><span class=\"cmp-text\" data-cmp-data-layer=\"\">GARANT\u00cdA<\/span><\/strong><\/div>\n<div class=\"c-compare-selling__spec-list\">\n<dl class=\"text c-compare-selling__item\">\n<dt class=\"cmp-text c-compare-selling__spec-name\">Garant\u00eda del proveedor<\/dt>\n<dd class=\"cmp-text c-compare-selling__spec-desc\">12 meses<\/dd>\n<\/dl>\n<\/div>\n<\/div>\n<div class=\"c-compare-selling__table\">\n<div class=\"c-compare-selling__table-head text\"><strong><span class=\"cmp-text\" data-cmp-data-layer=\"\">POTENCIA<\/span><\/strong><\/div>\n<div class=\"c-compare-selling__spec-list\">\n<dl class=\"text c-compare-selling__item\">\n<dt class=\"cmp-text c-compare-selling__spec-name\">Potencia de los parlantes<\/dt>\n<dd class=\"cmp-text c-compare-selling__spec-desc\">20W<\/dd>\n<\/dl>\n<dl class=\"text c-compare-selling__item\">\n<dt class=\"cmp-text c-compare-selling__spec-name\">Eficiencia Energ\u00e9tica<\/dt>\n<dd class=\"cmp-text c-compare-selling__spec-desc\">No requiere Certificaci\u00f3n<\/dd>\n<\/dl>\n<\/div>\n<\/div>\n<div class=\"c-compare-selling__table\">\n<div class=\"c-compare-selling__table-head text\"><strong><span class=\"cmp-text\" data-cmp-data-layer=\"\">CARACTER\u00cdSTICAS ADICIONALES<\/span><\/strong><\/div>\n<div class=\"c-compare-selling__spec-list\">\n<dl class=\"text c-compare-selling__item\">\n<dt class=\"cmp-text c-compare-selling__spec-name\">Sintonizador digital<\/dt>\n<dd class=\"cmp-text c-compare-selling__spec-desc\">(Pendiente)<\/dd>\n<\/dl>\n<dl class=\"text c-compare-selling__item\">\n<dt class=\"cmp-text c-compare-selling__spec-name\">Contraste<\/dt>\n<dd class=\"cmp-text c-compare-selling__spec-desc\">(Pendiente)<\/dd>\n<\/dl>\n<dl class=\"text c-compare-selling__item\">\n<dt class=\"cmp-text c-compare-selling__spec-name\">Informaci\u00f3n adicional<\/dt>\n<dd class=\"cmp-text c-compare-selling__spec-desc\">Incluye Magic Remote (control por voz y movimiento)<\/dd>\n<\/dl>\n<dl class=\"text c-compare-selling__item\">\n<dt class=\"cmp-text c-compare-selling__spec-name\">Color<\/dt>\n<dd class=\"cmp-text c-compare-selling__spec-desc\">Negro [ 1 ]<\/dd>\n<\/dl>\n<dl class=\"text c-compare-selling__item\">\n<dt class=\"cmp-text c-compare-selling__spec-name\">WiFi direct<\/dt>\n<dd class=\"cmp-text c-compare-selling__spec-desc\">S\u00ed<\/dd>\n<\/dl>\n<dl class=\"text c-compare-selling__item\">\n<dt class=\"cmp-text c-compare-selling__spec-name\">Control por movimiento<\/dt>\n<dd class=\"cmp-text c-compare-selling__spec-desc\">S\u00ed<\/dd>\n<\/dl>\n<dl class=\"text c-compare-selling__item\">\n<dt class=\"cmp-text c-compare-selling__spec-name\">Control por voz<\/dt>\n<dd class=\"cmp-text c-compare-selling__spec-desc\">S\u00ed, con Magic Remote<\/dd>\n<\/dl>\n<dl class=\"text c-compare-selling__item\">\n<dt class=\"cmp-text c-compare-selling__spec-name\">Aplicaciones destacadas<\/dt>\n<dd class=\"cmp-text c-compare-selling__spec-desc\">Youtube, Netflix, HBO Go, Apple TV, Disney, Spotify, Movistar Play, Zapping TV<\/dd>\n<\/dl>\n<dl class=\"text c-compare-selling__item\">\n<dt class=\"cmp-text c-compare-selling__spec-name\">N\u00famero de certificaci\u00f3n<\/dt>\n<dd class=\"cmp-text c-compare-selling__spec-desc\">No requiere Certificaci\u00f3n<\/dd>\n<\/dl>\n<dl class=\"text c-compare-selling__item\">\n<dt class=\"cmp-text c-compare-selling__spec-name\">Consumo<\/dt>\n<dd class=\"cmp-text c-compare-selling__spec-desc\">No requiere Certificaci\u00f3n<\/dd>\n<\/dl>\n<dl class=\"text c-compare-selling__item\">\n<dt class=\"cmp-text c-compare-selling__spec-name\">Precauciones<\/dt>\n<dd class=\"cmp-text c-compare-selling__spec-desc\">Distancia recomendada entre pantalla y espectador: 2,10 mts<\/dd>\n<\/dl>\n<dl class=\"text c-compare-selling__item\">\n<dt class=\"cmp-text c-compare-selling__spec-name\">Potencia<\/dt>\n<dd class=\"cmp-text c-compare-selling__spec-desc\">Pendiente<\/dd>\n<\/dl>\n<dl class=\"text c-compare-selling__item\">\n<dt class=\"cmp-text c-compare-selling__spec-name\">Uso<\/dt>\n<dd class=\"cmp-text c-compare-selling__spec-desc\">Dom\u00e9stico<\/dd>\n<\/dl>\n<\/div>\n<\/div>\n<div class=\"c-compare-selling__table\">\n<div class=\"c-compare-selling__table-head text\"><strong><span class=\"cmp-text\" data-cmp-data-layer=\"\">CONECTIVIDAD<\/span><\/strong><\/div>\n<div class=\"c-compare-selling__spec-list\">\n<dl class=\"text c-compare-selling__item\">\n<dt class=\"cmp-text c-compare-selling__spec-name\">Conexi\u00f3n Bluetooth<\/dt>\n<dd class=\"cmp-text c-compare-selling__spec-desc\">V 5.0<\/dd>\n<\/dl>\n<dl class=\"text c-compare-selling__item\">\n<dt class=\"cmp-text c-compare-selling__spec-name\">Entradas USB<\/dt>\n<dd class=\"cmp-text c-compare-selling__spec-desc\">2 V2.0<\/dd>\n<\/dl>\n<dl class=\"text c-compare-selling__item\">\n<dt class=\"cmp-text c-compare-selling__spec-name\">Entradas VGA<\/dt>\n<dd class=\"cmp-text c-compare-selling__spec-desc\">Sin entradas<\/dd>\n<\/dl>\n<dl class=\"text c-compare-selling__item\">\n<dt class=\"cmp-text c-compare-selling__spec-name\">Entradas auxiliares de 3.5 mm<\/dt>\n<dd class=\"cmp-text c-compare-selling__spec-desc\">No incluye<\/dd>\n<\/dl>\n<dl class=\"text c-compare-selling__item\">\n<dt class=\"cmp-text c-compare-selling__spec-name\">Entrada Internet<\/dt>\n<dd class=\"cmp-text c-compare-selling__spec-desc\">S\u00ed<\/dd>\n<\/dl>\n<dl class=\"text c-compare-selling__item\">\n<dt class=\"cmp-text c-compare-selling__spec-name\">Conexi\u00f3n WiFi<\/dt>\n<dd class=\"cmp-text c-compare-selling__spec-desc\">S\u00ed<\/dd>\n<\/dl>\n<dl class=\"text c-compare-selling__item\">\n<dt class=\"cmp-text c-compare-selling__spec-name\">HDR<\/dt>\n<dd class=\"cmp-text c-compare-selling__spec-desc\">S\u00ed<\/dd>\n<\/dl>\n<dl class=\"text c-compare-selling__item\">\n<dt class=\"cmp-text c-compare-selling__spec-name\">Montable<\/dt>\n<dd class=\"cmp-text c-compare-selling__spec-desc\">S\u00ed<\/dd>\n<\/dl>\n<dl class=\"text c-compare-selling__item\">\n<dt class=\"cmp-text c-compare-selling__spec-name\">Est\u00e1ndar Vesa<\/dt>\n<dd class=\"cmp-text c-compare-selling__spec-desc\">OLW480B<\/dd>\n<\/dl>\n<dl class=\"text c-compare-selling__item\">\n<dt class=\"cmp-text c-compare-selling__spec-name\">Alimentaci\u00f3n<\/dt>\n<dd class=\"cmp-text c-compare-selling__spec-desc\">AC 100~240V 50-60Hz<\/dd>\n<\/dl>\n<\/div>\n<\/div>\n<div class=\"c-compare-selling__table\">\n<div class=\"c-compare-selling__table-head text\"><strong><span class=\"cmp-text\" data-cmp-data-layer=\"\">DIMENSIONES\/PESO<\/span><\/strong><\/div>\n<div class=\"c-compare-selling__spec-list\">\n<dl class=\"text c-compare-selling__item\">\n<dt class=\"cmp-text c-compare-selling__spec-name\">Peso con base (kg)<\/dt>\n<dd class=\"cmp-text c-compare-selling__spec-desc\">22.9<\/dd>\n<\/dl>\n<dl class=\"text c-compare-selling__item\">\n<dt class=\"cmp-text c-compare-selling__spec-name\">Peso sin base (kg)<\/dt>\n<dd class=\"cmp-text c-compare-selling__spec-desc\">22.6<\/dd>\n<\/dl>\n<dl class=\"text c-compare-selling__item\">\n<dt class=\"cmp-text c-compare-selling__spec-name\">Profundiad con base (cm)<\/dt>\n<dd class=\"cmp-text c-compare-selling__spec-desc\">27.1<\/dd>\n<\/dl>\n<dl class=\"text c-compare-selling__item\">\n<dt class=\"cmp-text c-compare-selling__spec-name\">Profundidad sin base(cm)<\/dt>\n<dd class=\"cmp-text c-compare-selling__spec-desc\">5.84<\/dd>\n<\/dl>\n<dl class=\"text c-compare-selling__item\">\n<dt class=\"cmp-text c-compare-selling__spec-name\">Ancho (cm)<\/dt>\n<dd class=\"cmp-text c-compare-selling__spec-desc\">145.4<\/dd>\n<\/dl>\n<dl class=\"text c-compare-selling__item\">\n<dt class=\"cmp-text c-compare-selling__spec-name\">Alto con base<\/dt>\n<dd class=\"cmp-text c-compare-selling__spec-desc\">90<\/dd>\n<\/dl>\n<dl class=\"text c-compare-selling__item\">\n<dt class=\"cmp-text c-compare-selling__spec-name\">Alto sin base<\/dt>\n<dd class=\"cmp-text c-compare-selling__spec-desc\">83.8<\/dd>\n<\/dl>\n<dl class=\"text c-compare-selling__item\">\n<dt class=\"cmp-text c-compare-selling__spec-name\">Tama\u00f1o diagonal de pantalla en cm<\/dt>\n<dd class=\"cmp-text c-compare-selling__spec-desc\">127<\/dd>\n<\/dl>\n<\/div>\n<\/div>\n<div class=\"c-compare-selling__table\">\n<div class=\"c-compare-selling__table-head text\"><strong><span class=\"cmp-text\" data-cmp-data-layer=\"\">ACCESORIOS<\/span><\/strong><\/div>\n<div class=\"c-compare-selling__spec-list\">\n<dl class=\"text c-compare-selling__item\">\n<dt class=\"cmp-text c-compare-selling__spec-name\">Control remoto incluido<\/dt>\n<dd class=\"cmp-text c-compare-selling__spec-desc\">S\u00ed<\/dd>\n<\/dl>\n<dl class=\"text c-compare-selling__item\">\n<dt class=\"cmp-text c-compare-selling__spec-name\">Importante<\/dt>\n<dd class=\"cmp-text c-compare-selling__spec-desc\">Los servicios \u201cGoogle Assistant\u201d and Alexa no se encuentran disponibles localmente.<br \/>\nEl dise\u00f1o del control remoto (incluidos los botones) sigue un est\u00e1ndar internacional. Los servicios de terceros, servicios OTT siguen contratos locales y var\u00edan seg\u00fan el pa\u00eds y regi\u00f3n.<\/dd>\n<\/dl>\n<dl class=\"text c-compare-selling__item\">\n<dt class=\"cmp-text c-compare-selling__spec-name\">Accesorios incluidos<\/dt>\n<dd class=\"cmp-text c-compare-selling__spec-desc\">Control Remoto, Manual, Cable de alimentaci\u00f3n, pilas para el control remoto.<\/dd>\n<\/dl>\n<\/div>\n<\/div>\n<\/div>\n","protected":false},"excerpt":{"rendered":"<h5 class=\"cmp-text\">LG NanoCell 65&#8243; NANO75 4K Smart TV con AI ThinQ(Inteligencia Artficial), \u03b15 Gen4 AI Processor<\/h5>\n","protected":false},"featured_media":14161,"comment_status":"open","ping_status":"closed","template":"","meta":{"_acf_changed":false},"pwb-brand":[370],"product_brand":[],"product_cat":[178,284],"product_tag":[],"class_list":{"0":"post-14171","1":"product","2":"type-product","3":"status-publish","4":"has-post-thumbnail","6":"pwb-brand-lg","7":"product_cat-tv-y-video-televisores","8":"product_cat-tv","10":"first","11":"outofstock","12":"shipping-taxable","13":"purchasable","14":"product-type-simple"},"acf":[],"brands":[{"id":370,"name":"LG","slug":"lg"}],"_links":{"self":[{"href":"https:\/\/triplex.com.bo\/index.php\/wp-json\/wp\/v2\/product\/14171","targetHints":{"allow":["GET"]}}],"collection":[{"href":"https:\/\/triplex.com.bo\/index.php\/wp-json\/wp\/v2\/product"}],"about":[{"href":"https:\/\/triplex.com.bo\/index.php\/wp-json\/wp\/v2\/types\/product"}],"replies":[{"embeddable":true,"href":"https:\/\/triplex.com.bo\/index.php\/wp-json\/wp\/v2\/comments?post=14171"}],"wp:featuredmedia":[{"embeddable":true,"href":"https:\/\/triplex.com.bo\/index.php\/wp-json\/wp\/v2\/media\/14161"}],"wp:attachment":[{"href":"https:\/\/triplex.com.bo\/index.php\/wp-json\/wp\/v2\/media?parent=14171"}],"wp:term":[{"taxonomy":"pwb-brand","embeddable":true,"href":"https:\/\/triplex.com.bo\/index.php\/wp-json\/wp\/v2\/pwb-brand?post=14171"},{"taxonomy":"product_brand","embeddable":true,"href":"https:\/\/triplex.com.bo\/index.php\/wp-json\/wp\/v2\/product_brand?post=14171"},{"taxonomy":"product_cat","embeddable":true,"href":"https:\/\/triplex.com.bo\/index.php\/wp-json\/wp\/v2\/product_cat?post=14171"},{"taxonomy":"product_tag","embeddable":true,"href":"https:\/\/triplex.com.bo\/index.php\/wp-json\/wp\/v2\/product_tag?post=14171"}],"curies":[{"name":"wp","href":"https:\/\/api.w.org\/{rel}","templated":true}]}}