{"id":14104,"date":"2023-11-24T16:19:31","date_gmt":"2023-11-24T16:19:31","guid":{"rendered":"https:\/\/triplex.com.bo\/?post_type=product&#038;p=14104"},"modified":"2025-03-24T11:51:28","modified_gmt":"2025-03-24T15:51:28","slug":"frigobar-blanco-93ltrs-pride","status":"publish","type":"product","link":"https:\/\/triplex.com.bo\/index.php\/product\/frigobar-blanco-93ltrs-pride\/","title":{"rendered":"FRIGOBAR 93 LTS PRIDE INOX"},"content":{"rendered":"<p>Tama\u00f1o ideal para espacios peque\u00f1os. Practicidad para guardar bebidas y comida. Multiahorro energ\u00e9tico, para que gastes menos.<\/p>\n<ul>\n<li class=\"p1\">Color Blanco.<\/li>\n<li class=\"p1\">Eficiencia energ\u00e9tica categor\u00eda \u201cA\u201d.<\/li>\n<li class=\"p1\">Nevera para congelados.<\/li>\n<li class=\"p1\">3 parrillas de vidrio templado que evitan el mal olor y f\u00e1cil limpieza.<\/li>\n<li class=\"p1\">Caj\u00f3n legumbrero.<\/li>\n<li class=\"p1\">2 anaqueles en puerta.<\/li>\n<li class=\"p1\">1 anaquel para botellas.<\/li>\n<li class=\"p1\">Luz interior.<\/li>\n<\/ul>\n","protected":false},"excerpt":{"rendered":"<p>Tama\u00f1o ideal para espacios peque\u00f1os. Practicidad para guardar bebidas y comida. Multiahorro energ\u00e9tico, para que gastes menos. Color Blanco. Eficiencia energ\u00e9tica categor\u00eda \u201cA\u201d. Nevera para congelados. 3 parrillas de vidrio templado que evitan el mal olor y f\u00e1cil limpieza. Caj\u00f3n legumbrero. 2 anaqueles en puerta. 1 anaquel para botellas. Luz interior.<\/p>\n","protected":false},"featured_media":15478,"comment_status":"open","ping_status":"closed","template":"","meta":{"_acf_changed":false},"pwb-brand":[228],"product_brand":[],"product_cat":[175,142],"product_tag":[],"class_list":{"0":"post-14104","1":"product","2":"type-product","3":"status-publish","4":"has-post-thumbnail","6":"pwb-brand-pride","7":"product_cat-refrigeradores-frigobares","8":"product_cat-refrigeradores","10":"first","11":"outofstock","12":"shipping-taxable","13":"purchasable","14":"product-type-simple"},"acf":[],"brands":[{"id":228,"name":"PRIDE","slug":"pride"}],"_links":{"self":[{"href":"https:\/\/triplex.com.bo\/index.php\/wp-json\/wp\/v2\/product\/14104","targetHints":{"allow":["GET"]}}],"collection":[{"href":"https:\/\/triplex.com.bo\/index.php\/wp-json\/wp\/v2\/product"}],"about":[{"href":"https:\/\/triplex.com.bo\/index.php\/wp-json\/wp\/v2\/types\/product"}],"replies":[{"embeddable":true,"href":"https:\/\/triplex.com.bo\/index.php\/wp-json\/wp\/v2\/comments?post=14104"}],"wp:featuredmedia":[{"embeddable":true,"href":"https:\/\/triplex.com.bo\/index.php\/wp-json\/wp\/v2\/media\/15478"}],"wp:attachment":[{"href":"https:\/\/triplex.com.bo\/index.php\/wp-json\/wp\/v2\/media?parent=14104"}],"wp:term":[{"taxonomy":"pwb-brand","embeddable":true,"href":"https:\/\/triplex.com.bo\/index.php\/wp-json\/wp\/v2\/pwb-brand?post=14104"},{"taxonomy":"product_brand","embeddable":true,"href":"https:\/\/triplex.com.bo\/index.php\/wp-json\/wp\/v2\/product_brand?post=14104"},{"taxonomy":"product_cat","embeddable":true,"href":"https:\/\/triplex.com.bo\/index.php\/wp-json\/wp\/v2\/product_cat?post=14104"},{"taxonomy":"product_tag","embeddable":true,"href":"https:\/\/triplex.com.bo\/index.php\/wp-json\/wp\/v2\/product_tag?post=14104"}],"curies":[{"name":"wp","href":"https:\/\/api.w.org\/{rel}","templated":true}]}}