{"id":14087,"date":"2023-11-17T14:35:13","date_gmt":"2023-11-17T14:35:13","guid":{"rendered":"https:\/\/triplex.com.bo\/?post_type=product&#038;p=14087"},"modified":"2025-04-30T09:35:11","modified_gmt":"2025-04-30T13:35:11","slug":"horno-22lts-con-freidora-de-aire-oster","status":"publish","type":"product","link":"https:\/\/triplex.com.bo\/index.php\/product\/horno-22lts-con-freidora-de-aire-oster\/","title":{"rendered":"HORNO 22LTS CON FREIDORA DE AIRE OSTER"},"content":{"rendered":"<p>Logra resultados crujientes y con 99.5% menos grasa con el Horno con freidora de aire Oster\u00ae de 22L. Es f\u00e1cil de usar, conveniente y no tienes que pasar horas en la cocina. La funci\u00f3n de fre\u00edr con aire te permite crear una variedad de comidas deliciosas y saludables en menos tiempo. Ahora cuenta con revestimiento interior antiadherente para una f\u00e1cil limpieza.<\/p>\n<ul>\n<li>Capacidad de 22L, ideal para pizzas de 30,48 cm (12 pulgadas), asados, pasteles y cazuelas<\/li>\n<li>Recubrimiento interior antiadherente para una f\u00e1cil limpieza<\/li>\n<li>Cocina 20% m\u00e1s r\u00e1pido que los hornos tradicionales<\/li>\n<li>La funci\u00f3n de fre\u00edr con aire usa 99,5% menos aceite que las freidoras tradicionales<\/li>\n<li>Control de temperatura ajustable hasta 230\u00b0 C (450\u00b0 F)<\/li>\n<li>Temporizador de 60 minutos con apagado autom\u00e1tico<\/li>\n<li>5 funciones: fre\u00edr con aire, hornear, tostar, asar, y turbo convecci\u00f3n<\/li>\n<li>Incluye bandeja de malla para fre\u00edr con aire y bandeja de migas extra\u00edble para una f\u00e1cil limpieza<\/li>\n<\/ul>\n","protected":false},"excerpt":{"rendered":"<p>Preparar alimentos con resultados como los de un restaurante es simple con el Horno con freidora de aire Oster\u00ae de 22L y 5 funciones. Ahora cuenta con revestimiento interior antiadherente para una f\u00e1cil limpieza. Es f\u00e1cil de usar, conveniente y no tienes que pasar horas en la cocina.<\/p>\n","protected":false},"featured_media":14088,"comment_status":"open","ping_status":"closed","template":"","meta":{"_acf_changed":false},"pwb-brand":[235],"product_brand":[],"product_cat":[179,144],"product_tag":[],"class_list":{"0":"post-14087","1":"product","2":"type-product","3":"status-publish","4":"has-post-thumbnail","6":"pwb-brand-oster","7":"product_cat-hornos-microondas-mesa","8":"product_cat-hornos-microondas","10":"first","11":"outofstock","12":"shipping-taxable","13":"purchasable","14":"product-type-simple"},"acf":[],"brands":[{"id":235,"name":"OSTER","slug":"oster"}],"_links":{"self":[{"href":"https:\/\/triplex.com.bo\/index.php\/wp-json\/wp\/v2\/product\/14087","targetHints":{"allow":["GET"]}}],"collection":[{"href":"https:\/\/triplex.com.bo\/index.php\/wp-json\/wp\/v2\/product"}],"about":[{"href":"https:\/\/triplex.com.bo\/index.php\/wp-json\/wp\/v2\/types\/product"}],"replies":[{"embeddable":true,"href":"https:\/\/triplex.com.bo\/index.php\/wp-json\/wp\/v2\/comments?post=14087"}],"wp:featuredmedia":[{"embeddable":true,"href":"https:\/\/triplex.com.bo\/index.php\/wp-json\/wp\/v2\/media\/14088"}],"wp:attachment":[{"href":"https:\/\/triplex.com.bo\/index.php\/wp-json\/wp\/v2\/media?parent=14087"}],"wp:term":[{"taxonomy":"pwb-brand","embeddable":true,"href":"https:\/\/triplex.com.bo\/index.php\/wp-json\/wp\/v2\/pwb-brand?post=14087"},{"taxonomy":"product_brand","embeddable":true,"href":"https:\/\/triplex.com.bo\/index.php\/wp-json\/wp\/v2\/product_brand?post=14087"},{"taxonomy":"product_cat","embeddable":true,"href":"https:\/\/triplex.com.bo\/index.php\/wp-json\/wp\/v2\/product_cat?post=14087"},{"taxonomy":"product_tag","embeddable":true,"href":"https:\/\/triplex.com.bo\/index.php\/wp-json\/wp\/v2\/product_tag?post=14087"}],"curies":[{"name":"wp","href":"https:\/\/api.w.org\/{rel}","templated":true}]}}