{"id":14015,"date":"2023-11-06T11:30:39","date_gmt":"2023-11-06T11:30:39","guid":{"rendered":"https:\/\/triplex.com.bo\/?post_type=product&#038;p=14015"},"modified":"2024-01-16T19:16:33","modified_gmt":"2024-01-16T19:16:33","slug":"celular-iphone-15-128gb","status":"publish","type":"product","link":"https:\/\/triplex.com.bo\/index.php\/product\/celular-iphone-15-128gb\/","title":{"rendered":"CELULAR APPLE iPhone 15 128GB"},"content":{"rendered":"<p>Color de Referencia<\/p>\n<p>La pantalla del iPhone\u00a015 tiene esquinas redondeadas que siguen el elegante dise\u00f1o curvo del tel\u00e9fono, y las esquinas se encuentran dentro de un rect\u00e1ngulo est\u00e1ndar. Si se mide en forma de rect\u00e1ngulo est\u00e1ndar, la pantalla tiene 6.12\u00a0pulgadas en diagonal (el \u00e1rea real de visualizaci\u00f3n es\u00a0menor).<\/p>\n<ul class=\"techspecs-list\" role=\"list\">\n<li role=\"listitem\">Pantalla Super\u00a0Retina\u00a0XDR<\/li>\n<li role=\"listitem\">Pantalla OLED de 6.1 pulgadas (diagonal) sin\u00a0marco<\/li>\n<li role=\"listitem\">Resoluci\u00f3n de 2556\u00a0x\u00a01179 pixeles a 460\u00a0ppi<\/li>\n<\/ul>\n<ul class=\"techspecs-list\" role=\"list\">\n<li role=\"listitem\">Dynamic\u00a0Island<\/li>\n<li role=\"listitem\">Pantalla HDR<\/li>\n<li role=\"listitem\">True\u00a0Tone<\/li>\n<li role=\"listitem\">Amplia gama de colores (P3)<\/li>\n<li role=\"listitem\">Toque con respuesta h\u00e1ptica<\/li>\n<li role=\"listitem\">Relaci\u00f3n de contraste 2,000,000:1 (normal)<\/li>\n<li role=\"listitem\">Brillo m\u00e1ximo de 1,000\u00a0nits (normal); pico de brillo de 1,600 nits (HDR); pico de brillo de 2,000 nits (en\u00a0exteriores)<\/li>\n<li role=\"listitem\">Revestimiento oleof\u00f3bico resistente a\u00a0huellas dactilares<\/li>\n<li role=\"listitem\">Compatibilidad para mostrar varios\u00a0idiomas y caracteres\u00a0simult\u00e1neamente<\/li>\n<\/ul>\n<div class=\"techspecs-rowheader\" role=\"rowheader\">Resistencia a\u00a0las salpicaduras, al agua y al\u00a0polvo<\/div>\n<div class=\"techspecs-column\" role=\"cell\" aria-colspan=\"2\">\n<p>Clasificaci\u00f3n IP68 (hasta 30 minutos a una profundidad m\u00e1xima de 6\u00a0metros) seg\u00fan la norma IEC\u00a060529<\/p>\n<\/div>\n<ul class=\"techspecs-list\" role=\"list\">\n<li role=\"listitem\"><strong>Sistema avanzado de dos\u00a0c\u00e1maras<\/strong><\/li>\n<li role=\"listitem\">Gran angular de 48\u00a0MP: 26\u00a0mm, apertura de \u0192\/1.6, estabilizaci\u00f3n \u00f3ptica de imagen por desplazamiento de sensor, 100% Focus Pixels, admite fotos en superalta resoluci\u00f3n (24\u00a0MP y 48\u00a0MP)<\/li>\n<li role=\"listitem\">Ultra gran angular de 12\u00a0MP: 13\u00a0mm, apertura de \u0192\/2.4 y \u00e1ngulo de visi\u00f3n de\u00a0120\u00b0<\/li>\n<li role=\"listitem\">Teleobjetivo de 2x de 12\u00a0MP (por medio del sensor quad pixel): 52\u00a0mm, apertura de \u0192\/1.6, estabilizaci\u00f3n \u00f3ptica de imagen por desplazamiento de sensor, 100% Focus Pixels<\/li>\n<li role=\"listitem\">Zoom \u00f3ptico de 2x para acercar, zoom \u00f3ptico de 2x para alejar; rango de zoom \u00f3ptico de\u00a04x<\/li>\n<li role=\"listitem\">Zoom digital de hasta\u00a010x<\/li>\n<li role=\"listitem\">Cubierta del lente de cristal de zafiro<\/li>\n<li role=\"listitem\">Flash True\u00a0Tone<\/li>\n<li role=\"listitem\">Photonic Engine<\/li>\n<li role=\"listitem\">Deep\u00a0Fusion<\/li>\n<li role=\"listitem\">HDR Inteligente\u00a05<\/li>\n<li role=\"listitem\">Retratos de \u00faltima generaci\u00f3n con Control de Enfoque y Control de\u00a0Profundidad<\/li>\n<li role=\"listitem\">Iluminaci\u00f3n de Retrato con seis efectos<\/li>\n<li role=\"listitem\">Modo Noche<\/li>\n<li role=\"listitem\">Fotos panor\u00e1micas (hasta 63\u00a0MP)<\/li>\n<li role=\"listitem\">Estilos Fotogr\u00e1ficos<\/li>\n<li role=\"listitem\">Amplia gama de colores en fotos y Live\u00a0Photos<\/li>\n<li role=\"listitem\">Correcci\u00f3n de lente (c\u00e1mara ultra gran\u00a0angular)<\/li>\n<li role=\"listitem\">Correcci\u00f3n avanzada de ojos rojos<\/li>\n<li role=\"listitem\">Estabilizaci\u00f3n autom\u00e1tica de\u00a0imagen<\/li>\n<li role=\"listitem\">Modo R\u00e1faga<\/li>\n<li role=\"listitem\">Geoetiquetado de\u00a0fotos<\/li>\n<li role=\"listitem\">Captura de imagen en formatos HEIF y\u00a0JPEG<\/li>\n<\/ul>\n<div class=\"techspecs-rowheader\" role=\"rowheader\">Grabaci\u00f3n de\u00a0video<\/div>\n<div class=\"techspecs-column\" role=\"cell\" aria-colspan=\"2\">\n<ul class=\"techspecs-list\" role=\"list\">\n<li role=\"listitem\">Grabaci\u00f3n de video 4K a 24\u00a0cps, 25\u00a0cps, 30\u00a0cps o\u00a060\u00a0cps<\/li>\n<li role=\"listitem\">Grabaci\u00f3n de video HD de 1080p a 25\u00a0cps, 30\u00a0cps o\u00a060\u00a0cps<\/li>\n<li role=\"listitem\">Grabaci\u00f3n de video HD de 720p a 30\u00a0cps<\/li>\n<li role=\"listitem\">Modo Cine de hasta 4K HDR a 30\u00a0cps<\/li>\n<li role=\"listitem\">Modo Acci\u00f3n de hasta 2.8K a 60\u00a0cps<\/li>\n<li role=\"listitem\">Grabaci\u00f3n de video HDR en Dolby\u00a0Vision de hasta 4K a\u00a060\u00a0cps<\/li>\n<li role=\"listitem\">Video en c\u00e1mara lenta de 1080p a 120\u00a0cps o\u00a0240\u00a0cps<\/li>\n<li role=\"listitem\">Video en c\u00e1mara r\u00e1pida con\u00a0estabilizaci\u00f3n<\/li>\n<li role=\"listitem\">C\u00e1mara r\u00e1pida con modo Noche<\/li>\n<li role=\"listitem\">Video QuickTake<\/li>\n<li role=\"listitem\">Estabilizaci\u00f3n \u00f3ptica de imagen para video por desplazamiento de sensor (c\u00e1mara gran angular)<\/li>\n<li role=\"listitem\">Zoom digital de hasta\u00a06x<\/li>\n<li role=\"listitem\">Zoom de audio<\/li>\n<li role=\"listitem\">Flash True\u00a0Tone<\/li>\n<li role=\"listitem\">Estabilizaci\u00f3n cinem\u00e1tica de video (4K, 1080p y\u00a0720p)<\/li>\n<li role=\"listitem\">Video con autoenfoque continuo<\/li>\n<li role=\"listitem\">Toma fotos de 8\u00a0MP mientras graba videos\u00a04K<\/li>\n<li role=\"listitem\">Zoom de reproducci\u00f3n<\/li>\n<li role=\"listitem\">Grabaci\u00f3n de video en formatos HEVC y\u00a0H.264<\/li>\n<li role=\"listitem\">Grabaci\u00f3n est\u00e9reo<\/li>\n<\/ul>\n<\/div>\n","protected":false},"excerpt":{"rendered":"<p>Color de Referencia La pantalla del iPhone\u00a015 tiene esquinas redondeadas que siguen el elegante dise\u00f1o curvo del tel\u00e9fono, y las esquinas se encuentran dentro de un rect\u00e1ngulo est\u00e1ndar. Si se mide en forma de rect\u00e1ngulo est\u00e1ndar, la pantalla tiene 6.12\u00a0pulgadas en diagonal (el \u00e1rea real de visualizaci\u00f3n es\u00a0menor). Pantalla Super\u00a0Retina\u00a0XDR Pantalla OLED de 6.1 pulgadas [&hellip;]<\/p>\n","protected":false},"featured_media":14533,"comment_status":"open","ping_status":"closed","template":"","meta":{"_acf_changed":false},"pwb-brand":[372],"product_brand":[],"product_cat":[339,195],"product_tag":[],"class_list":{"0":"post-14015","1":"product","2":"type-product","3":"status-publish","4":"has-post-thumbnail","6":"pwb-brand-iphone","7":"product_cat-tecnologia-celulares","8":"product_cat-tecnologia","10":"first","11":"instock","12":"shipping-taxable","13":"purchasable","14":"product-type-simple"},"acf":[],"brands":[{"id":372,"name":"IPHONE","slug":"iphone"}],"_links":{"self":[{"href":"https:\/\/triplex.com.bo\/index.php\/wp-json\/wp\/v2\/product\/14015","targetHints":{"allow":["GET"]}}],"collection":[{"href":"https:\/\/triplex.com.bo\/index.php\/wp-json\/wp\/v2\/product"}],"about":[{"href":"https:\/\/triplex.com.bo\/index.php\/wp-json\/wp\/v2\/types\/product"}],"replies":[{"embeddable":true,"href":"https:\/\/triplex.com.bo\/index.php\/wp-json\/wp\/v2\/comments?post=14015"}],"wp:featuredmedia":[{"embeddable":true,"href":"https:\/\/triplex.com.bo\/index.php\/wp-json\/wp\/v2\/media\/14533"}],"wp:attachment":[{"href":"https:\/\/triplex.com.bo\/index.php\/wp-json\/wp\/v2\/media?parent=14015"}],"wp:term":[{"taxonomy":"pwb-brand","embeddable":true,"href":"https:\/\/triplex.com.bo\/index.php\/wp-json\/wp\/v2\/pwb-brand?post=14015"},{"taxonomy":"product_brand","embeddable":true,"href":"https:\/\/triplex.com.bo\/index.php\/wp-json\/wp\/v2\/product_brand?post=14015"},{"taxonomy":"product_cat","embeddable":true,"href":"https:\/\/triplex.com.bo\/index.php\/wp-json\/wp\/v2\/product_cat?post=14015"},{"taxonomy":"product_tag","embeddable":true,"href":"https:\/\/triplex.com.bo\/index.php\/wp-json\/wp\/v2\/product_tag?post=14015"}],"curies":[{"name":"wp","href":"https:\/\/api.w.org\/{rel}","templated":true}]}}