{"id":13977,"date":"2023-10-17T20:17:10","date_gmt":"2023-10-17T20:17:10","guid":{"rendered":"https:\/\/triplex.com.bo\/?post_type=product&#038;p=13977"},"modified":"2025-06-30T10:52:32","modified_gmt":"2025-06-30T14:52:32","slug":"horno-45ltrs-oster-gris","status":"publish","type":"product","link":"https:\/\/triplex.com.bo\/index.php\/product\/horno-45ltrs-oster-gris\/","title":{"rendered":"HORNO 45 LTS OSTER GRIS"},"content":{"rendered":"<p>Cocinar con un horno de mesa con funci\u00f3n de convecic\u00f3n es muy conveniente. La tecnolog\u00eda de convecci\u00f3n te permite cocinar m\u00e1s r\u00e1pido y uniformemente, por la manera que distribuye<\/p>\n<ul>\n<li>Horno dise\u00f1ado para resultados r\u00e1pidos y deliciosos<\/li>\n<li>Capacidad 45 litros<\/li>\n<li>Horno con tecnolog\u00eda de convecci\u00f3n, para una cocci\u00f3n m\u00e1s r\u00e1pida y uniforme.<\/li>\n<li>Luz interior, para observar los alimentos durante su preparaci\u00f3n.<\/li>\n<li>Temporizador hasta 120 minutos, con apagado autom\u00e1tico.<\/li>\n<li>Funciones: Asar, Hornear, Tostar y Calentar.<\/li>\n<li>Potencia: 2000 watts<\/li>\n<\/ul>\n<p>&nbsp;<\/p>\n<table class=\"group Caracteristicas\" cellspacing=\"0\">\n<tbody>\n<tr>\n<th class=\"name-field Peso\">Peso<\/th>\n<td class=\"value-field Peso\">10,4 kg<\/td>\n<\/tr>\n<tr class=\"even\">\n<th class=\"name-field Medidas-Alto-x-Ancho-X-Largo-\">Medidas (Alto x Ancho X Largo)<\/th>\n<td class=\"value-field Medidas-Alto-x-Ancho-X-Largo-\">42 x 60.8 x 45.5 cm<\/td>\n<\/tr>\n<tr>\n<th class=\"name-field Potencia-en-watts\">Potencia en watts<\/th>\n<td class=\"value-field Potencia-en-watts\">2000<\/td>\n<\/tr>\n<tr class=\"even\">\n<th class=\"name-field Capacidad-en-litros\">Capacidad en litros<\/th>\n<td class=\"value-field Capacidad-en-litros\">45 litros<\/td>\n<\/tr>\n<tr>\n<th class=\"name-field Funciones\">Funci\u00f3nes<\/th>\n<td class=\"value-field Funciones\">4<\/td>\n<\/tr>\n<tr class=\"even\">\n<th class=\"name-field Funcion-de-Conveccion\">Funci\u00f3n de Convecci\u00f3n<\/th>\n<td class=\"value-field Funcion-de-Conveccion\">S\u00ed<\/td>\n<\/tr>\n<tr>\n<th class=\"name-field Funcion-de-freidora-de-aire\">Funci\u00f3n de freidora de aire<\/th>\n<td class=\"value-field Funcion-de-freidora-de-aire\">No<\/td>\n<\/tr>\n<tr class=\"even\">\n<th class=\"name-field Panel-digital-o-manual\">Panel digital o manual<\/th>\n<td class=\"value-field Panel-digital-o-manual\">Manual<\/td>\n<\/tr>\n<tr>\n<th class=\"name-field Control-de-Temperatura-Temperatura-maxima\">Control de Temperatura\/Temperatura m\u00e1xima<\/th>\n<td class=\"value-field Control-de-Temperatura-Temperatura-maxima\">250\u00b0C \/ 500\u00b0 F<\/td>\n<\/tr>\n<tr class=\"even\">\n<th class=\"name-field Temporizador-Tiempo-maximo\">Temporizador\/Tiempo m\u00e1ximo<\/th>\n<td class=\"value-field Temporizador-Tiempo-maximo\">120 min<\/td>\n<\/tr>\n<tr>\n<th class=\"name-field Tipo-de-montaje\">Tipo de montaje<\/th>\n<td class=\"value-field Tipo-de-montaje\">De mesa<\/td>\n<\/tr>\n<\/tbody>\n<\/table>\n","protected":false},"excerpt":{"rendered":"<p>El horno de convecci\u00f3n Oster\u00ae est\u00e1 dise\u00f1ado con tecnolog\u00eda de convecci\u00f3n que distribuye el calor de manera r\u00e1pida y uniforme, asegur\u00e1ndote excelentes resultados en menos tiempo.<\/p>\n","protected":false},"featured_media":13979,"comment_status":"open","ping_status":"closed","template":"","meta":{"_acf_changed":false},"pwb-brand":[235],"product_brand":[],"product_cat":[179,144],"product_tag":[],"class_list":{"0":"post-13977","1":"product","2":"type-product","3":"status-publish","4":"has-post-thumbnail","6":"pwb-brand-oster","7":"product_cat-hornos-microondas-mesa","8":"product_cat-hornos-microondas","10":"first","11":"outofstock","12":"shipping-taxable","13":"purchasable","14":"product-type-simple"},"acf":[],"brands":[{"id":235,"name":"OSTER","slug":"oster"}],"_links":{"self":[{"href":"https:\/\/triplex.com.bo\/index.php\/wp-json\/wp\/v2\/product\/13977","targetHints":{"allow":["GET"]}}],"collection":[{"href":"https:\/\/triplex.com.bo\/index.php\/wp-json\/wp\/v2\/product"}],"about":[{"href":"https:\/\/triplex.com.bo\/index.php\/wp-json\/wp\/v2\/types\/product"}],"replies":[{"embeddable":true,"href":"https:\/\/triplex.com.bo\/index.php\/wp-json\/wp\/v2\/comments?post=13977"}],"wp:featuredmedia":[{"embeddable":true,"href":"https:\/\/triplex.com.bo\/index.php\/wp-json\/wp\/v2\/media\/13979"}],"wp:attachment":[{"href":"https:\/\/triplex.com.bo\/index.php\/wp-json\/wp\/v2\/media?parent=13977"}],"wp:term":[{"taxonomy":"pwb-brand","embeddable":true,"href":"https:\/\/triplex.com.bo\/index.php\/wp-json\/wp\/v2\/pwb-brand?post=13977"},{"taxonomy":"product_brand","embeddable":true,"href":"https:\/\/triplex.com.bo\/index.php\/wp-json\/wp\/v2\/product_brand?post=13977"},{"taxonomy":"product_cat","embeddable":true,"href":"https:\/\/triplex.com.bo\/index.php\/wp-json\/wp\/v2\/product_cat?post=13977"},{"taxonomy":"product_tag","embeddable":true,"href":"https:\/\/triplex.com.bo\/index.php\/wp-json\/wp\/v2\/product_tag?post=13977"}],"curies":[{"name":"wp","href":"https:\/\/api.w.org\/{rel}","templated":true}]}}