{"id":13862,"date":"2023-09-05T15:26:41","date_gmt":"2023-09-05T15:26:41","guid":{"rendered":"https:\/\/triplex.com.bo\/?post_type=product&#038;p=13862"},"modified":"2025-06-30T15:33:05","modified_gmt":"2025-06-30T19:33:05","slug":"sandwichera-oster-negra-ckstsm400","status":"publish","type":"product","link":"https:\/\/triplex.com.bo\/index.php\/product\/sandwichera-oster-negra-ckstsm400\/","title":{"rendered":"SANDWICHERA OSTER NEGRA"},"content":{"rendered":"<p>El nuevo fabricante de s\u00e1ndwiches de \u00faltima generaci\u00f3n, dise\u00f1ado para mejorar la experiencia del usuario, adem\u00e1s de ser un hermoso elemento de cocina. Extra estable con una base robusta, que permite guardar el cable de alimentaci\u00f3n debajo de \u00e9l.<\/p>\n<p>DISE\u00d1O MODERNO<br \/>\nComo electrodom\u00e9stico vers\u00e1til para el hogar, la m\u00e1quina de s\u00e1ndwich se utiliza muchas veces a lo largo del d\u00eda de las personas. Dise\u00f1ado para ser un \u00fatil y contempor\u00e1neo utensilio de cocina, los consumidores pueden estar orgullosos de mantenerlo siempre en la encimera de la cocina.<\/p>\n<p>SISTEMA DE CIERRE ROBUSTO<br \/>\nPor lo general, las m\u00e1quinas de s\u00e1ndwich tienen un simple clip para cerrarlas. Este electrodom\u00e9stico cuenta con un s\u00f3lido sistema de cierre. Un clip resistente que se cierra de manera r\u00e1pida y sencilla al bajar la tapa, comprimiendo f\u00e1cilmente los alimentos en su interior.<\/p>\n<p>BOT\u00d3N DE ENCENDIDO\/APAGADO<br \/>\nEl bot\u00f3n de encendido\/apagado permite que la m\u00e1quina de s\u00e1ndwich se encienda y apague sin tener que conectar y desconectar el cable de alimentaci\u00f3n cada vez. Adem\u00e1s de ser m\u00e1s accesible para el uso diario, puede ser una buena soluci\u00f3n para que los ni\u00f1os mayores preparen sus propios bocadillos sin tener que lidiar con los enchufes.<\/p>\n<p>PLACAS PROFUNDAS<br \/>\nLas placas de esta m\u00e1quina de s\u00e1ndwich son 2 veces m\u00e1s profundas que las est\u00e1ndar. Con esto, los consumidores pueden preparar s\u00e1ndwiches con m\u00e1s relleno y rebanadas de pan m\u00e1s gruesas, o incluso diferentes recetas, como tortillas, huevos fritos o revueltos, quesadillas, arepas, panqueques, brownies&#8230; Con tantas posibilidades, este producto permite vivir experiencias completamente nuevas.<\/p>\n","protected":false},"excerpt":{"rendered":"<p>SANDWICHERA OSTER NEGRA CKSTSM400<\/p>\n","protected":false},"featured_media":13865,"comment_status":"open","ping_status":"closed","template":"","meta":{"_acf_changed":false},"pwb-brand":[235],"product_brand":[],"product_cat":[157,170],"product_tag":[],"class_list":{"0":"post-13862","1":"product","2":"type-product","3":"status-publish","4":"has-post-thumbnail","6":"pwb-brand-oster","7":"product_cat-electromenor","8":"product_cat-electromenor-sandwicheras-wafleras","10":"first","11":"outofstock","12":"shipping-taxable","13":"purchasable","14":"product-type-simple"},"acf":[],"brands":[{"id":235,"name":"OSTER","slug":"oster"}],"_links":{"self":[{"href":"https:\/\/triplex.com.bo\/index.php\/wp-json\/wp\/v2\/product\/13862","targetHints":{"allow":["GET"]}}],"collection":[{"href":"https:\/\/triplex.com.bo\/index.php\/wp-json\/wp\/v2\/product"}],"about":[{"href":"https:\/\/triplex.com.bo\/index.php\/wp-json\/wp\/v2\/types\/product"}],"replies":[{"embeddable":true,"href":"https:\/\/triplex.com.bo\/index.php\/wp-json\/wp\/v2\/comments?post=13862"}],"wp:featuredmedia":[{"embeddable":true,"href":"https:\/\/triplex.com.bo\/index.php\/wp-json\/wp\/v2\/media\/13865"}],"wp:attachment":[{"href":"https:\/\/triplex.com.bo\/index.php\/wp-json\/wp\/v2\/media?parent=13862"}],"wp:term":[{"taxonomy":"pwb-brand","embeddable":true,"href":"https:\/\/triplex.com.bo\/index.php\/wp-json\/wp\/v2\/pwb-brand?post=13862"},{"taxonomy":"product_brand","embeddable":true,"href":"https:\/\/triplex.com.bo\/index.php\/wp-json\/wp\/v2\/product_brand?post=13862"},{"taxonomy":"product_cat","embeddable":true,"href":"https:\/\/triplex.com.bo\/index.php\/wp-json\/wp\/v2\/product_cat?post=13862"},{"taxonomy":"product_tag","embeddable":true,"href":"https:\/\/triplex.com.bo\/index.php\/wp-json\/wp\/v2\/product_tag?post=13862"}],"curies":[{"name":"wp","href":"https:\/\/api.w.org\/{rel}","templated":true}]}}