{"id":13698,"date":"2023-08-15T19:30:21","date_gmt":"2023-08-15T19:30:21","guid":{"rendered":"https:\/\/triplex.com.bo\/?post_type=product&#038;p=13698"},"modified":"2026-01-06T11:02:06","modified_gmt":"2026-01-06T15:02:06","slug":"horno-10-ltrs-oster-rojo-tssttv10ltr","status":"publish","type":"product","link":"https:\/\/triplex.com.bo\/index.php\/product\/horno-10-ltrs-oster-rojo-tssttv10ltr\/","title":{"rendered":"HORNO 10 LTS ROJO OSTER"},"content":{"rendered":"<p>El horno tostador de tama\u00f1o compacto que te permite preparar una amplia variedad de deliciosas comidas y bocadillos.<\/p>\n<p>Capacidad para 4 rebanadas\/10 litros<br \/>\nControl de temperatura completamente ajustable de 90\u00b0C a 230\u00b0C (194\u00b0F a 450\u00b0F) para una amplia variedad de usos<br \/>\nRejilla ajustable a dos posiciones con una bandeja para hornear<br \/>\nFunciones para hornear, asar, tostar y recalentar que le permiten crear comidas y refrigerios con facilidad<br \/>\n\u00datil cron\u00f3metro de 30 minutos que apaga el horno autom\u00e1ticamente para mayor seguridad<br \/>\nMedidas<br \/>\n20 x 36.5 x 31 cm<\/p>\n","protected":false},"excerpt":{"rendered":"<p>HORNO 10 LTRS OSTER ROJO TSSTTV10LTR<\/p>\n","protected":false},"featured_media":13852,"comment_status":"open","ping_status":"closed","template":"","meta":{"_acf_changed":false},"pwb-brand":[235],"product_brand":[],"product_cat":[179,144],"product_tag":[],"class_list":{"0":"post-13698","1":"product","2":"type-product","3":"status-publish","4":"has-post-thumbnail","6":"pwb-brand-oster","7":"product_cat-hornos-microondas-mesa","8":"product_cat-hornos-microondas","10":"first","11":"instock","12":"shipping-taxable","13":"purchasable","14":"product-type-simple"},"acf":[],"brands":[{"id":235,"name":"OSTER","slug":"oster"}],"_links":{"self":[{"href":"https:\/\/triplex.com.bo\/index.php\/wp-json\/wp\/v2\/product\/13698","targetHints":{"allow":["GET"]}}],"collection":[{"href":"https:\/\/triplex.com.bo\/index.php\/wp-json\/wp\/v2\/product"}],"about":[{"href":"https:\/\/triplex.com.bo\/index.php\/wp-json\/wp\/v2\/types\/product"}],"replies":[{"embeddable":true,"href":"https:\/\/triplex.com.bo\/index.php\/wp-json\/wp\/v2\/comments?post=13698"}],"wp:featuredmedia":[{"embeddable":true,"href":"https:\/\/triplex.com.bo\/index.php\/wp-json\/wp\/v2\/media\/13852"}],"wp:attachment":[{"href":"https:\/\/triplex.com.bo\/index.php\/wp-json\/wp\/v2\/media?parent=13698"}],"wp:term":[{"taxonomy":"pwb-brand","embeddable":true,"href":"https:\/\/triplex.com.bo\/index.php\/wp-json\/wp\/v2\/pwb-brand?post=13698"},{"taxonomy":"product_brand","embeddable":true,"href":"https:\/\/triplex.com.bo\/index.php\/wp-json\/wp\/v2\/product_brand?post=13698"},{"taxonomy":"product_cat","embeddable":true,"href":"https:\/\/triplex.com.bo\/index.php\/wp-json\/wp\/v2\/product_cat?post=13698"},{"taxonomy":"product_tag","embeddable":true,"href":"https:\/\/triplex.com.bo\/index.php\/wp-json\/wp\/v2\/product_tag?post=13698"}],"curies":[{"name":"wp","href":"https:\/\/api.w.org\/{rel}","templated":true}]}}