{"id":13607,"date":"2023-07-26T14:10:32","date_gmt":"2023-07-26T14:10:32","guid":{"rendered":"https:\/\/triplex.com.bo\/?post_type=product&#038;p=13607"},"modified":"2026-01-07T22:03:50","modified_gmt":"2026-01-08T02:03:50","slug":"hielera-ice-max","status":"publish","type":"product","link":"https:\/\/triplex.com.bo\/index.php\/product\/hielera-ice-max\/","title":{"rendered":"HIELERA ICE MAX"},"content":{"rendered":"<ul>\n<li>La cubitera Ice Max Electrolux te permite almacenar hielo de una forma innovadora y a la vez pr\u00e1ctica en tu congelador y\/o frigor\u00edfico.<\/li>\n<li>Tiene una apertura exclusiva que permite reponer el agua f\u00e1cilmente y sin salpicaduras, manteniendo uniforme la cantidad de hielo en los 20 cubitos disponibles. Adem\u00e1s de una tapa acr\u00edlica con sellado total que protege el hielo de olores y sabores.<\/li>\n<li>Y para aumentar la practicidad de tu d\u00eda a d\u00eda, la base es flexible y est\u00e1 fabricada en silicona, lo que facilita la extracci\u00f3n de los cubitos.<\/li>\n<\/ul>\n","protected":false},"excerpt":{"rendered":"<p>Forma Hielo R\u00e1pido Refrigerador Ice Max Electrolux A18536702<\/p>\n","protected":false},"featured_media":13608,"comment_status":"open","ping_status":"closed","template":"","meta":{"_acf_changed":false},"pwb-brand":[207],"product_brand":[],"product_cat":[277],"product_tag":[],"class_list":{"0":"post-13607","1":"product","2":"type-product","3":"status-publish","4":"has-post-thumbnail","6":"pwb-brand-electrolux","7":"product_cat-accesorios","9":"first","10":"instock","11":"shipping-taxable","12":"purchasable","13":"product-type-simple"},"acf":[],"brands":[{"id":207,"name":"Electrolux","slug":"electrolux"}],"_links":{"self":[{"href":"https:\/\/triplex.com.bo\/index.php\/wp-json\/wp\/v2\/product\/13607","targetHints":{"allow":["GET"]}}],"collection":[{"href":"https:\/\/triplex.com.bo\/index.php\/wp-json\/wp\/v2\/product"}],"about":[{"href":"https:\/\/triplex.com.bo\/index.php\/wp-json\/wp\/v2\/types\/product"}],"replies":[{"embeddable":true,"href":"https:\/\/triplex.com.bo\/index.php\/wp-json\/wp\/v2\/comments?post=13607"}],"wp:featuredmedia":[{"embeddable":true,"href":"https:\/\/triplex.com.bo\/index.php\/wp-json\/wp\/v2\/media\/13608"}],"wp:attachment":[{"href":"https:\/\/triplex.com.bo\/index.php\/wp-json\/wp\/v2\/media?parent=13607"}],"wp:term":[{"taxonomy":"pwb-brand","embeddable":true,"href":"https:\/\/triplex.com.bo\/index.php\/wp-json\/wp\/v2\/pwb-brand?post=13607"},{"taxonomy":"product_brand","embeddable":true,"href":"https:\/\/triplex.com.bo\/index.php\/wp-json\/wp\/v2\/product_brand?post=13607"},{"taxonomy":"product_cat","embeddable":true,"href":"https:\/\/triplex.com.bo\/index.php\/wp-json\/wp\/v2\/product_cat?post=13607"},{"taxonomy":"product_tag","embeddable":true,"href":"https:\/\/triplex.com.bo\/index.php\/wp-json\/wp\/v2\/product_tag?post=13607"}],"curies":[{"name":"wp","href":"https:\/\/api.w.org\/{rel}","templated":true}]}}