{"id":13605,"date":"2023-07-26T14:03:04","date_gmt":"2023-07-26T14:03:04","guid":{"rendered":"https:\/\/triplex.com.bo\/?post_type=product&#038;p=13605"},"modified":"2023-07-26T14:05:10","modified_gmt":"2023-07-26T14:05:10","slug":"bolsas-para-aspiradora-son10onetrio","status":"publish","type":"product","link":"https:\/\/triplex.com.bo\/index.php\/product\/bolsas-para-aspiradora-son10onetrio\/","title":{"rendered":"BOLSAS PARA ASPIRADORA SON10,ONE,TRIO"},"content":{"rendered":"<p>Las bolsas desechables Electrolux son biodegradables y no da\u00f1an el medio ambiente. Son higi\u00e9nicos y est\u00e1n dise\u00f1ados con 2 niveles de filtraci\u00f3n, lo que evita que el polvo se escape y da\u00f1e el motor. F\u00e1cil de instalar y desechar. El \u00fanico que garantiza la calidad Electrolux en tu hogar Respetuoso con el medio ambiente: Las bolsas desechables originales Electrolux son biodegradables Higi\u00e9nico: No es necesario que entre en contacto con el polvo, simplemente retira la bolsa y t\u00edrala directamente a la basura Protecci\u00f3n del motor: Las bolsas desechables originales de Electrolux est\u00e1n desarrolladas con 2 niveles de filtraci\u00f3n, que evitan que el polvo ?se escape? y da\u00f1ar el motor Pr\u00e1ctico: La bolsa desechable Electrolux es f\u00e1cil de instalar y desechar (\u00a1La bolsa desechable Original Electrolux es la \u00fanica que garantiza calidad para que el producto no se da\u00f1e!) Pieza Nueva y Original del Fabricante \u2013 Electrolux<\/p>\n","protected":false},"excerpt":{"rendered":"<p>Electrolux Aplicado Modelos: GO INGENIO MAX TRIO ONE SONIC TRIO TWENTY Ficha T\u00e9cnica Ancho: 16CM Alto: 1,3CM Fondo: 18CM Peso: 0,84KG<\/p>\n","protected":false},"featured_media":13606,"comment_status":"open","ping_status":"closed","template":"","meta":{"_acf_changed":false},"pwb-brand":[207],"product_brand":[],"product_cat":[277],"product_tag":[],"class_list":{"0":"post-13605","1":"product","2":"type-product","3":"status-publish","4":"has-post-thumbnail","6":"pwb-brand-electrolux","7":"product_cat-accesorios","9":"first","10":"instock","11":"shipping-taxable","12":"purchasable","13":"product-type-simple"},"acf":[],"brands":[{"id":207,"name":"Electrolux","slug":"electrolux"}],"_links":{"self":[{"href":"https:\/\/triplex.com.bo\/index.php\/wp-json\/wp\/v2\/product\/13605","targetHints":{"allow":["GET"]}}],"collection":[{"href":"https:\/\/triplex.com.bo\/index.php\/wp-json\/wp\/v2\/product"}],"about":[{"href":"https:\/\/triplex.com.bo\/index.php\/wp-json\/wp\/v2\/types\/product"}],"replies":[{"embeddable":true,"href":"https:\/\/triplex.com.bo\/index.php\/wp-json\/wp\/v2\/comments?post=13605"}],"wp:featuredmedia":[{"embeddable":true,"href":"https:\/\/triplex.com.bo\/index.php\/wp-json\/wp\/v2\/media\/13606"}],"wp:attachment":[{"href":"https:\/\/triplex.com.bo\/index.php\/wp-json\/wp\/v2\/media?parent=13605"}],"wp:term":[{"taxonomy":"pwb-brand","embeddable":true,"href":"https:\/\/triplex.com.bo\/index.php\/wp-json\/wp\/v2\/pwb-brand?post=13605"},{"taxonomy":"product_brand","embeddable":true,"href":"https:\/\/triplex.com.bo\/index.php\/wp-json\/wp\/v2\/product_brand?post=13605"},{"taxonomy":"product_cat","embeddable":true,"href":"https:\/\/triplex.com.bo\/index.php\/wp-json\/wp\/v2\/product_cat?post=13605"},{"taxonomy":"product_tag","embeddable":true,"href":"https:\/\/triplex.com.bo\/index.php\/wp-json\/wp\/v2\/product_tag?post=13605"}],"curies":[{"name":"wp","href":"https:\/\/api.w.org\/{rel}","templated":true}]}}