{"id":13600,"date":"2023-07-26T13:56:13","date_gmt":"2023-07-26T13:56:13","guid":{"rendered":"https:\/\/triplex.com.bo\/?post_type=product&#038;p=13600"},"modified":"2023-07-26T13:57:30","modified_gmt":"2023-07-26T13:57:30","slug":"bolsa-para-aspiradoras-gt30-a20","status":"publish","type":"product","link":"https:\/\/triplex.com.bo\/index.php\/product\/bolsa-para-aspiradoras-gt30-a20\/","title":{"rendered":"BOLSA PARA ASPIRADORAS GT30, A20"},"content":{"rendered":"<p>Las bolsas desechables de Electrolux son biodegradables y no da\u00f1an el medio ambiente. Son higi\u00e9nicos y est\u00e1n dise\u00f1ados con 2 niveles de filtraci\u00f3n, que evitan que el polvo se escape y da\u00f1e el motor. F\u00e1cil de instalar y desechar. El \u00fanico que garantiza la calidad Electrolux en tu hogar. \u2013 Atenci\u00f3n: bolsa desechable compatible solo con los modelos de aspiradora A20, A20L, A20S, GT300, GT30N producidos despu\u00e9s de 2010. \u2013 Reemplazo recomendado de cada bolsa cada 2 meses, totalizando 6 meses por kit.<\/p>\n","protected":false},"excerpt":{"rendered":"<p>ELECTROLUX PORT\u00c1TILES &#8211; BOLSA DE VAC\u00cdO KIT03 A20810501 CSE20<\/p>\n","protected":false},"featured_media":13601,"comment_status":"open","ping_status":"closed","template":"","meta":{"_acf_changed":false},"pwb-brand":[207],"product_brand":[],"product_cat":[277],"product_tag":[],"class_list":{"0":"post-13600","1":"product","2":"type-product","3":"status-publish","4":"has-post-thumbnail","6":"pwb-brand-electrolux","7":"product_cat-accesorios","9":"first","10":"instock","11":"shipping-taxable","12":"purchasable","13":"product-type-simple"},"acf":[],"brands":[{"id":207,"name":"Electrolux","slug":"electrolux"}],"_links":{"self":[{"href":"https:\/\/triplex.com.bo\/index.php\/wp-json\/wp\/v2\/product\/13600","targetHints":{"allow":["GET"]}}],"collection":[{"href":"https:\/\/triplex.com.bo\/index.php\/wp-json\/wp\/v2\/product"}],"about":[{"href":"https:\/\/triplex.com.bo\/index.php\/wp-json\/wp\/v2\/types\/product"}],"replies":[{"embeddable":true,"href":"https:\/\/triplex.com.bo\/index.php\/wp-json\/wp\/v2\/comments?post=13600"}],"wp:featuredmedia":[{"embeddable":true,"href":"https:\/\/triplex.com.bo\/index.php\/wp-json\/wp\/v2\/media\/13601"}],"wp:attachment":[{"href":"https:\/\/triplex.com.bo\/index.php\/wp-json\/wp\/v2\/media?parent=13600"}],"wp:term":[{"taxonomy":"pwb-brand","embeddable":true,"href":"https:\/\/triplex.com.bo\/index.php\/wp-json\/wp\/v2\/pwb-brand?post=13600"},{"taxonomy":"product_brand","embeddable":true,"href":"https:\/\/triplex.com.bo\/index.php\/wp-json\/wp\/v2\/product_brand?post=13600"},{"taxonomy":"product_cat","embeddable":true,"href":"https:\/\/triplex.com.bo\/index.php\/wp-json\/wp\/v2\/product_cat?post=13600"},{"taxonomy":"product_tag","embeddable":true,"href":"https:\/\/triplex.com.bo\/index.php\/wp-json\/wp\/v2\/product_tag?post=13600"}],"curies":[{"name":"wp","href":"https:\/\/api.w.org\/{rel}","templated":true}]}}