{"id":13597,"date":"2023-07-26T13:52:49","date_gmt":"2023-07-26T13:52:49","guid":{"rendered":"https:\/\/triplex.com.bo\/?post_type=product&#038;p=13597"},"modified":"2025-11-07T20:59:45","modified_gmt":"2025-11-08T00:59:45","slug":"bolsas-para-aspiradoras-a10a13gt20flexs","status":"publish","type":"product","link":"https:\/\/triplex.com.bo\/index.php\/product\/bolsas-para-aspiradoras-a10a13gt20flexs\/","title":{"rendered":"BOLSAS PARA ASPIRADORAS A10,A13,GT20,FLEXS"},"content":{"rendered":"<p>PORT\u00c1TILES ELECTROLUX \u2013 KIT BOLSA DE VAC\u00cdO 3 A20810201 CSE10<br \/>\nLas bolsas desechables de Electrolux son biodegradables y no da\u00f1an el medio ambiente. Son higi\u00e9nicos y est\u00e1n dise\u00f1ados con 2 niveles de filtraci\u00f3n, lo que evita que el polvo se escape y da\u00f1e el motor. F\u00e1cil de instalar y desechar. El \u00fanico que garantiza la calidad Electrolux en tu hogar.<\/p>\n","protected":false},"excerpt":{"rendered":"<p>Las bolsas desechables de Electrolux son biodegradables y no da\u00f1an el medio ambiente. Son higi\u00e9nicos y est\u00e1n dise\u00f1ados con 2 niveles de filtraci\u00f3n, lo que evita que el polvo se escape y da\u00f1e el motor. F\u00e1cil de instalar y desechar. El \u00fanico que garantiza la calidad Electrolux en tu hogar.<\/p>\n","protected":false},"featured_media":13598,"comment_status":"open","ping_status":"closed","template":"","meta":{"_acf_changed":false},"pwb-brand":[207],"product_brand":[],"product_cat":[277],"product_tag":[],"class_list":{"0":"post-13597","1":"product","2":"type-product","3":"status-publish","4":"has-post-thumbnail","6":"pwb-brand-electrolux","7":"product_cat-accesorios","9":"first","10":"instock","11":"shipping-taxable","12":"purchasable","13":"product-type-simple"},"acf":[],"brands":[{"id":207,"name":"Electrolux","slug":"electrolux"}],"_links":{"self":[{"href":"https:\/\/triplex.com.bo\/index.php\/wp-json\/wp\/v2\/product\/13597","targetHints":{"allow":["GET"]}}],"collection":[{"href":"https:\/\/triplex.com.bo\/index.php\/wp-json\/wp\/v2\/product"}],"about":[{"href":"https:\/\/triplex.com.bo\/index.php\/wp-json\/wp\/v2\/types\/product"}],"replies":[{"embeddable":true,"href":"https:\/\/triplex.com.bo\/index.php\/wp-json\/wp\/v2\/comments?post=13597"}],"wp:featuredmedia":[{"embeddable":true,"href":"https:\/\/triplex.com.bo\/index.php\/wp-json\/wp\/v2\/media\/13598"}],"wp:attachment":[{"href":"https:\/\/triplex.com.bo\/index.php\/wp-json\/wp\/v2\/media?parent=13597"}],"wp:term":[{"taxonomy":"pwb-brand","embeddable":true,"href":"https:\/\/triplex.com.bo\/index.php\/wp-json\/wp\/v2\/pwb-brand?post=13597"},{"taxonomy":"product_brand","embeddable":true,"href":"https:\/\/triplex.com.bo\/index.php\/wp-json\/wp\/v2\/product_brand?post=13597"},{"taxonomy":"product_cat","embeddable":true,"href":"https:\/\/triplex.com.bo\/index.php\/wp-json\/wp\/v2\/product_cat?post=13597"},{"taxonomy":"product_tag","embeddable":true,"href":"https:\/\/triplex.com.bo\/index.php\/wp-json\/wp\/v2\/product_tag?post=13597"}],"curies":[{"name":"wp","href":"https:\/\/api.w.org\/{rel}","templated":true}]}}