{"id":13580,"date":"2023-07-25T20:34:24","date_gmt":"2023-07-25T20:34:24","guid":{"rendered":"https:\/\/triplex.com.bo\/?post_type=product&#038;p=13580"},"modified":"2024-11-15T20:03:47","modified_gmt":"2024-11-16T00:03:47","slug":"potes-de-vidrio-con-tapa-de-bambu-4-unids","status":"publish","type":"product","link":"https:\/\/triplex.com.bo\/index.php\/product\/potes-de-vidrio-con-tapa-de-bambu-4-unids\/","title":{"rendered":"POTES DE VIDRIO CON TAPA DE BAMB\u00da 4 UNIDS"},"content":{"rendered":"<p>En el d\u00eda a d\u00eda, tener los utensilios adecuados para cada ocasi\u00f3n siempre marca una gran diferencia en tu cocina, por eso vale la pena echarle un vistazo al juego de ollas A21392801 de Electrolux. Se trata de un juego con forma cil\u00edndrica y una tapa con cierre herm\u00e9tico, lo que garantiza que los alimentos se mantengan frescos durante mucho m\u00e1s tiempo. Viene con 4 botes de cristal con una capacidad de 500ml, 1,1L, 1,3L y 2L. Adem\u00e1s, cuentan con una tapa de bamb\u00fa que sin duda dejar\u00e1 tu cocina con un encanto especial, adem\u00e1s de una mayor organizaci\u00f3n.<\/p>\n","protected":false},"excerpt":{"rendered":"<p>\u00bfPara qu\u00e9 es este producto?<br \/>\n\u00a1Estos Potes de vidrio Hermeticos garantizan la m\u00e1xima organizaci\u00f3n, tienen un cierre herm\u00e9tico, contienen practicidad y seguridad para almacenar sus alimentos!<\/p>\n","protected":false},"featured_media":13581,"comment_status":"open","ping_status":"closed","template":"","meta":{"_acf_changed":false},"pwb-brand":[207],"product_brand":[],"product_cat":[277],"product_tag":[],"class_list":{"0":"post-13580","1":"product","2":"type-product","3":"status-publish","4":"has-post-thumbnail","6":"pwb-brand-electrolux","7":"product_cat-accesorios","9":"first","10":"instock","11":"shipping-taxable","12":"purchasable","13":"product-type-simple"},"acf":[],"brands":[{"id":207,"name":"Electrolux","slug":"electrolux"}],"_links":{"self":[{"href":"https:\/\/triplex.com.bo\/index.php\/wp-json\/wp\/v2\/product\/13580","targetHints":{"allow":["GET"]}}],"collection":[{"href":"https:\/\/triplex.com.bo\/index.php\/wp-json\/wp\/v2\/product"}],"about":[{"href":"https:\/\/triplex.com.bo\/index.php\/wp-json\/wp\/v2\/types\/product"}],"replies":[{"embeddable":true,"href":"https:\/\/triplex.com.bo\/index.php\/wp-json\/wp\/v2\/comments?post=13580"}],"wp:featuredmedia":[{"embeddable":true,"href":"https:\/\/triplex.com.bo\/index.php\/wp-json\/wp\/v2\/media\/13581"}],"wp:attachment":[{"href":"https:\/\/triplex.com.bo\/index.php\/wp-json\/wp\/v2\/media?parent=13580"}],"wp:term":[{"taxonomy":"pwb-brand","embeddable":true,"href":"https:\/\/triplex.com.bo\/index.php\/wp-json\/wp\/v2\/pwb-brand?post=13580"},{"taxonomy":"product_brand","embeddable":true,"href":"https:\/\/triplex.com.bo\/index.php\/wp-json\/wp\/v2\/product_brand?post=13580"},{"taxonomy":"product_cat","embeddable":true,"href":"https:\/\/triplex.com.bo\/index.php\/wp-json\/wp\/v2\/product_cat?post=13580"},{"taxonomy":"product_tag","embeddable":true,"href":"https:\/\/triplex.com.bo\/index.php\/wp-json\/wp\/v2\/product_tag?post=13580"}],"curies":[{"name":"wp","href":"https:\/\/api.w.org\/{rel}","templated":true}]}}