{"id":13577,"date":"2023-07-25T20:26:38","date_gmt":"2023-07-25T20:26:38","guid":{"rendered":"https:\/\/triplex.com.bo\/?post_type=product&#038;p=13577"},"modified":"2026-01-07T23:11:02","modified_gmt":"2026-01-08T03:11:02","slug":"recipientes-plasticos-por-8-unidades-electrolux-a23119201","status":"publish","type":"product","link":"https:\/\/triplex.com.bo\/index.php\/product\/recipientes-plasticos-por-8-unidades-electrolux-a23119201\/","title":{"rendered":"Recipientes pl\u00e1sticos por 8 unidades Electrolux A23119201"},"content":{"rendered":"<p>Organizaci\u00f3n: Formas inteligentes con tama\u00f1os funcionales y apilables para una f\u00e1cil organizaci\u00f3n<br \/>\nCierre perfecto: El cierre herm\u00e9tico ayuda a mantener los alimentos frescos por m\u00e1s tiempo.<br \/>\nSentido pr\u00e1ctico: Se pueden utilizar en el congelador, frigor\u00edfico, lavavajillas y microondas (-20\u00baC a 120\u00baC).<br \/>\nCalidad: Adem\u00e1s de resistentes, las ollas est\u00e1n fabricadas en polipropileno, apto para almacenar alimentos, y libre de BPA*<br \/>\n\u2022 Composici\u00f3n: Polipropileno<br \/>\n\u2022 Color: transparente<br \/>\n\u2022 Fabricante: Electrolux<br \/>\nTama\u00f1os dos potes:<br \/>\n95mmx95mmx47mm<br \/>\n118mmx118mmx58mm<br \/>\n118mmx118mmx68mm<br \/>\n118mmx118mmx132mm<br \/>\n118mmx118mmx197mm<br \/>\n127mmx90mmx67mm<br \/>\n148mmx106mmx78mm<br \/>\n175mmx125mmx93mm<\/p>\n","protected":false},"excerpt":{"rendered":"<p>\u00bfPara qu\u00e9 es este producto?<br \/>\n\u00a1Estas ollas garantizan la m\u00e1xima organizaci\u00f3n, tienen un cierre herm\u00e9tico, contienen practicidad y seguridad para almacenar sus alimentos!<\/p>\n","protected":false},"featured_media":13578,"comment_status":"open","ping_status":"closed","template":"","meta":{"_acf_changed":false},"pwb-brand":[207],"product_brand":[],"product_cat":[277],"product_tag":[],"class_list":{"0":"post-13577","1":"product","2":"type-product","3":"status-publish","4":"has-post-thumbnail","6":"pwb-brand-electrolux","7":"product_cat-accesorios","9":"first","10":"outofstock","11":"shipping-taxable","12":"purchasable","13":"product-type-simple"},"acf":[],"brands":[{"id":207,"name":"Electrolux","slug":"electrolux"}],"_links":{"self":[{"href":"https:\/\/triplex.com.bo\/index.php\/wp-json\/wp\/v2\/product\/13577","targetHints":{"allow":["GET"]}}],"collection":[{"href":"https:\/\/triplex.com.bo\/index.php\/wp-json\/wp\/v2\/product"}],"about":[{"href":"https:\/\/triplex.com.bo\/index.php\/wp-json\/wp\/v2\/types\/product"}],"replies":[{"embeddable":true,"href":"https:\/\/triplex.com.bo\/index.php\/wp-json\/wp\/v2\/comments?post=13577"}],"wp:featuredmedia":[{"embeddable":true,"href":"https:\/\/triplex.com.bo\/index.php\/wp-json\/wp\/v2\/media\/13578"}],"wp:attachment":[{"href":"https:\/\/triplex.com.bo\/index.php\/wp-json\/wp\/v2\/media?parent=13577"}],"wp:term":[{"taxonomy":"pwb-brand","embeddable":true,"href":"https:\/\/triplex.com.bo\/index.php\/wp-json\/wp\/v2\/pwb-brand?post=13577"},{"taxonomy":"product_brand","embeddable":true,"href":"https:\/\/triplex.com.bo\/index.php\/wp-json\/wp\/v2\/product_brand?post=13577"},{"taxonomy":"product_cat","embeddable":true,"href":"https:\/\/triplex.com.bo\/index.php\/wp-json\/wp\/v2\/product_cat?post=13577"},{"taxonomy":"product_tag","embeddable":true,"href":"https:\/\/triplex.com.bo\/index.php\/wp-json\/wp\/v2\/product_tag?post=13577"}],"curies":[{"name":"wp","href":"https:\/\/api.w.org\/{rel}","templated":true}]}}