{"id":13288,"date":"2023-06-14T17:14:43","date_gmt":"2023-06-14T17:14:43","guid":{"rendered":"https:\/\/triplex.com.bo\/?post_type=product&#038;p=13288"},"modified":"2025-03-24T12:08:00","modified_gmt":"2025-03-24T16:08:00","slug":"samsung-a14-128gb-6gb-ram","status":"publish","type":"product","link":"https:\/\/triplex.com.bo\/index.php\/product\/samsung-a14-128gb-6gb-ram\/","title":{"rendered":"SAMSUNG A14-128GB 6GB RAM"},"content":{"rendered":"<p>Ampl\u00eda tu vista a la pantalla Infinity-V de 6.6 pulgadas en Galaxy A14 y mira lo que te has estado perdiendo. Experimenta todo lo que te gusta en colores vivos de alta definici\u00f3n y reales con la tecnolog\u00eda de pantalla FHD+.<\/p>\n<p>M\u00faltiples formas de capturar tu mundo con la c\u00e1mara de triple lente<\/p>\n<p>Los momentos queridos de la vida, capturados y salvados<br \/>\nGalaxy A14 es para todos tus momentos favoritos. La c\u00e1mara principal de 50 MP captura magn\u00edficas fotos de paisaje, la c\u00e1mara de profundidad a\u00f1ade dimensiones impresionantes, la c\u00e1mara macro obtiene detalles finos y la c\u00e1mara frontal toma fabulosas selfies.<\/p>\n<p>Elimina tus preocupaciones con una bater\u00eda de 2 d\u00edas<br \/>\nQu\u00e9date con tu Galaxy A14 5G desde el amanecer hasta la noche para trabajar o jugar. La bater\u00eda de 5,000 mAh (t\u00edpica) alimenta tu tel\u00e9fono hasta 2 d\u00edas.<\/p>\n","protected":false},"excerpt":{"rendered":"<p>SAMSUNG A14-128GB 6GB RAM<\/p>\n","protected":false},"featured_media":13289,"comment_status":"open","ping_status":"closed","template":"","meta":{"_acf_changed":false},"pwb-brand":[369],"product_brand":[],"product_cat":[339,195],"product_tag":[],"class_list":{"0":"post-13288","1":"product","2":"type-product","3":"status-publish","4":"has-post-thumbnail","6":"pwb-brand-samsung","7":"product_cat-tecnologia-celulares","8":"product_cat-tecnologia","10":"first","11":"outofstock","12":"shipping-taxable","13":"purchasable","14":"product-type-simple"},"acf":[],"brands":[{"id":369,"name":"SAMSUNG","slug":"samsung"}],"_links":{"self":[{"href":"https:\/\/triplex.com.bo\/index.php\/wp-json\/wp\/v2\/product\/13288","targetHints":{"allow":["GET"]}}],"collection":[{"href":"https:\/\/triplex.com.bo\/index.php\/wp-json\/wp\/v2\/product"}],"about":[{"href":"https:\/\/triplex.com.bo\/index.php\/wp-json\/wp\/v2\/types\/product"}],"replies":[{"embeddable":true,"href":"https:\/\/triplex.com.bo\/index.php\/wp-json\/wp\/v2\/comments?post=13288"}],"wp:featuredmedia":[{"embeddable":true,"href":"https:\/\/triplex.com.bo\/index.php\/wp-json\/wp\/v2\/media\/13289"}],"wp:attachment":[{"href":"https:\/\/triplex.com.bo\/index.php\/wp-json\/wp\/v2\/media?parent=13288"}],"wp:term":[{"taxonomy":"pwb-brand","embeddable":true,"href":"https:\/\/triplex.com.bo\/index.php\/wp-json\/wp\/v2\/pwb-brand?post=13288"},{"taxonomy":"product_brand","embeddable":true,"href":"https:\/\/triplex.com.bo\/index.php\/wp-json\/wp\/v2\/product_brand?post=13288"},{"taxonomy":"product_cat","embeddable":true,"href":"https:\/\/triplex.com.bo\/index.php\/wp-json\/wp\/v2\/product_cat?post=13288"},{"taxonomy":"product_tag","embeddable":true,"href":"https:\/\/triplex.com.bo\/index.php\/wp-json\/wp\/v2\/product_tag?post=13288"}],"curies":[{"name":"wp","href":"https:\/\/api.w.org\/{rel}","templated":true}]}}