{"id":13276,"date":"2023-06-14T16:57:55","date_gmt":"2023-06-14T16:57:55","guid":{"rendered":"https:\/\/triplex.com.bo\/?post_type=product&#038;p=13276"},"modified":"2026-03-04T18:21:39","modified_gmt":"2026-03-04T22:21:39","slug":"tv-lg-86-uhd-4k-smart","status":"publish","type":"product","link":"https:\/\/triplex.com.bo\/index.php\/product\/tv-lg-86-uhd-4k-smart\/","title":{"rendered":"TV LG 86&#8243; UHD 4K SMART"},"content":{"rendered":"<ul>\n<li style=\"font-weight: 400;\">Pantalla LG UHD AI ThinQ 86\u00bb UQ90 4K Smart TV<\/li>\n<li style=\"font-weight: 400;\"><b><strong>Experiencia 4K n\u00edtida<\/strong><\/b><\/li>\n<li style=\"font-weight: 400;\">Los LG UHD TV mejoran su experiencia visual. Disfruta de colores vivos y detalles impresionantes en 4K Real.<\/li>\n<li style=\"font-weight: 400;\"><b><strong>Disfruta de UHD TV a\u00fan m\u00e1s grande<\/strong><\/b><\/li>\n<li style=\"font-weight: 400;\">Experimenta tu contenido favorito de cerca con un LG UHD TV ultra grande.<\/li>\n<li style=\"font-weight: 400;\"><b><strong>El TV que se ajusta perfecto a tu espacio<\/strong><\/b><\/li>\n<li style=\"font-weight: 400;\">LG UHD TV ahora cuenta con un dise\u00f1o m\u00e1s delgado y un m\u00ednimo de bisel que complementa el interior de tu hogar.<\/li>\n<li style=\"font-weight: 400;\"><b><strong>Evolucionando para aportar claridad como ninguna otra.<\/strong><\/b><\/li>\n<li style=\"font-weight: 400;\">El ?7 Gen5 AI Processor 4K eleva la calidad de imagen y sonido mediante la tecnolog\u00eda de aprendizaje profundo.<\/li>\n<li style=\"font-weight: 400;\"><b><strong>Redefine la escala 4K<\/strong><\/b><\/li>\n<li style=\"font-weight: 400;\">Mira contenido que no sea 4K en 4K en pantallas UHD grandes para disfrutar de claridad y precisi\u00f3n en todo momento.<\/li>\n<li style=\"font-weight: 400;\"><b><strong>Inteligencia m\u00e1s all\u00e1 de lo que piensas<\/strong><\/b><\/li>\n<li style=\"font-weight: 400;\">Desde control de voz hasta contenido personalizado, ThinQ AI hace que LG UHD TV sea una experiencia realmente inteligente.<\/li>\n<li style=\"font-weight: 400;\"><b><strong>Inteligencia m\u00e1s all\u00e1 de lo que piensas<\/strong><\/b><\/li>\n<li style=\"font-weight: 400;\">F\u00e1cil control con solo tu voz. Smart Voice Control a trav\u00e9s de Google Assistant, Amazon Alexa, Apple AirPlay y m\u00e1s, hace que controlar tu televisor LG UHD sea m\u00e1s f\u00e1cil y r\u00e1pido que nunca.<\/li>\n<li style=\"font-weight: 400;\"><b><strong>Alerta deportiva<\/strong><\/b><\/li>\n<li style=\"font-weight: 400;\">\u00a1Con Sport Alert, puedes dejar de preocuparte por perderte tus partidos favoritos! Recibe notificaciones antes de todos los partidos m\u00e1s importantes.<\/li>\n<li style=\"font-weight: 400;\"><b><strong>La experiencia del cine en casa<\/strong><\/b><\/li>\n<li style=\"font-weight: 400;\">M\u00edralo en 4K y disfruta de una experiencia visual como la del cine.<\/li>\n<li style=\"font-weight: 400;\"><b><strong>HDR10 Pro<\/strong><\/b><\/li>\n<li style=\"font-weight: 400;\">Con HDR10 Pro, el nivel de brillo se ajusta para mejorar el color y la claridad en cada imagen. D\u00e9jate hipnotizar por lo realista que se ve tu contenido.<\/li>\n<li style=\"font-weight: 400;\"><b><strong>Tus video juegos m\u00e1s \u00e9picos<\/strong><\/b><\/li>\n<li style=\"font-weight: 400;\">Disfruta de una fant\u00e1stica experiencia de juego con Cloud Game, Game Dashboard &amp; Optimizer y HGiG.<\/li>\n<li style=\"font-weight: 400;\"><b><strong>Tablero de juegos y optimizador<\/strong><\/b><\/li>\n<li style=\"font-weight: 400;\">Encuentra todas las configuraciones que necesitas para un juego \u00f3ptimo en un solo lugar. Game Dashboard te permite cambiar r\u00e1pidamente la configuraci\u00f3n actual del g\u00e9nero del video juego.<\/li>\n<li style=\"font-weight: 400;\"><b><strong>Aventura ininterrumpida<\/strong><\/b><\/li>\n<li style=\"font-weight: 400;\">No te pierdas ni un momento gracias al desgarro de pantalla minimizado y al retraso reducido. Disfruta de un video juego fluido y alucinante en el LG UHD TV.<\/li>\n<li style=\"font-weight: 400;\"><b><strong>Vea el video sobre c\u00f3mo instalar el soporte de su televisor LG<\/strong><\/b><\/li>\n<li style=\"font-weight: 400;\">Siguiendo estos sencillos pasos podr\u00e1 instalar el soporte de TV f\u00e1cilmente.<\/li>\n<li style=\"font-weight: 400;\"><b><strong>M\u00e1s verde para mejor<\/strong><\/b><\/li>\n<li style=\"font-weight: 400;\">El empaque de LG UHD TV ha sido redise\u00f1ado utilizando impresi\u00f3n de un solo color y una caja reciclable.<\/li>\n<li style=\"font-weight: 400;\"><b><strong>Especificaciones:<\/strong><\/b><\/li>\n<li style=\"font-weight: 400;\">Tipo de pantalla: 4K UHD<\/li>\n<li style=\"font-weight: 400;\">Tama\u00f1o de la pantalla: 86\u00bb<\/li>\n<li style=\"font-weight: 400;\">Resoluci\u00f3n: 4K (3840*2160)<\/li>\n<li style=\"font-weight: 400;\">Color \/ Amplia gama de colores: No<\/li>\n<li style=\"font-weight: 400;\">Millones de colores perfectos: No<\/li>\n<li style=\"font-weight: 400;\">Negro Perfecto: No<\/li>\n<li style=\"font-weight: 400;\">Contraste \/ Dimming: No<\/li>\n<li style=\"font-weight: 400;\">Movimiento verdadero\/frecuencia de actualizaci\u00f3n: Frecuencia de actualizaci\u00f3n 120Hz<\/li>\n<li style=\"font-weight: 400;\">Sistema Operativo: Televisor inteligente webOS<\/li>\n<li style=\"font-weight: 400;\"><u>Imagen:<\/u><\/li>\n<li style=\"font-weight: 400;\">Procesador: Procesador ?7 Gen5 AI 4K<\/li>\n<li style=\"font-weight: 400;\">Imagen AI \/ Pro: Imagen AI Pro<\/li>\n<li style=\"font-weight: 400;\">Mejora de la IA: Mejora de la IA<\/li>\n<li style=\"font-weight: 400;\">Selecci\u00f3n autom\u00e1tica de g\u00e9nero: Si (SDR\/HDR\/Dolby HDR)<\/li>\n<li style=\"font-weight: 400;\">Control de brillo AI: Control de brillo AI<\/li>\n<li style=\"font-weight: 400;\">HDR: HDR activo<\/li>\n<li style=\"font-weight: 400;\">Dolby Vision IQ: NO<\/li>\n<li style=\"font-weight: 400;\">HDR10 Pro: Si<\/li>\n<li style=\"font-weight: 400;\">HLG: Si<\/li>\n<li style=\"font-weight: 400;\">Modo Cineasta: Si<\/li>\n<li style=\"font-weight: 400;\">Mapeo din\u00e1mico de tonos \/ Pro: Mapeo din\u00e1mico de tonos<\/li>\n<li style=\"font-weight: 400;\">HFR 4K: No<\/li>\n<li style=\"font-weight: 400;\">HFR 2K: No<\/li>\n<li style=\"font-weight: 400;\">Pro movimiento: No<\/li>\n<li style=\"font-weight: 400;\">HEVC: 4K a 60p, 10 bits<\/li>\n<li style=\"font-weight: 400;\">Compatible con G-Sync: No<\/li>\n<li style=\"font-weight: 400;\">FreeSync: Si<\/li>\n<li style=\"font-weight: 400;\">Modo HGIG: Modo HGIG<\/li>\n<li style=\"font-weight: 400;\">Optimizador de juegos (VRR\/ALLM\/GameGenre): ALLM\/G\u00e9nerode juego<\/li>\n<li style=\"font-weight: 400;\">Modo de imagen: 9 modos (V\u00edvido, Est\u00e1ndar, Eco, Cine, Deportes, Juego, Cineasta, (ISF)Experto (Habitaci\u00f3n luminosa), (ISF)Experto (Habitaci\u00f3n oscura))<\/li>\n<li style=\"font-weight: 400;\"><u>Audio:<\/u><\/li>\n<li style=\"font-weight: 400;\">Salida de audio: 20W<\/li>\n<li style=\"font-weight: 400;\">Canales: 2.0 canales<\/li>\n<li style=\"font-weight: 400;\">Direcci\u00f3n: Disparo hacia abajo<\/li>\n<li style=\"font-weight: 400;\">Salida de audio simult\u00e1nea: Si<\/li>\n<li style=\"font-weight: 400;\">Atmos Dolby: No<\/li>\n<li style=\"font-weight: 400;\">Sonido AI \/ Pro: AI Sound Pro \/ (mezcla ascendente virtual 5.1.2)<\/li>\n<li style=\"font-weight: 400;\">Afinaci\u00f3n ac\u00fastica de IA: Afinaci\u00f3n ac\u00fastica de IA<\/li>\n<li style=\"font-weight: 400;\">Voz clara: Voz clara Pro<\/li>\n<li style=\"font-weight: 400;\">Preparado para sonido envolvente Bluetooth: Preparado para sonido envolvente Bluetooth<\/li>\n<li style=\"font-weight: 400;\">Altavoces WiSA: Si<\/li>\n<li style=\"font-weight: 400;\">Sincronizaci\u00f3n de sonido LG: Sincronizaci\u00f3n de sonido LG<\/li>\n<li style=\"font-weight: 400;\">Compartir sonido: Sound Share \/ (Dif. Por regi\u00f3n)<\/li>\n<li style=\"font-weight: 400;\">C\u00f3dec de audio: AC4, AC3(Dolby Digital), EAC3, HE-AAC, AAC, MP2, MP3, PCM, WMA, apt-X \/ Varia por regi\u00f3n<\/li>\n<li style=\"font-weight: 400;\">Control de modo de barra de sonido: Si<\/li>\n<li style=\"font-weight: 400;\">Modo de sonido de TV Compartir: Si<\/li>\n<li style=\"font-weight: 400;\"><u>Conectividad:<\/u><\/li>\n<li style=\"font-weight: 400;\">HDMI: 4 (Lado)<\/li>\n<li style=\"font-weight: 400;\">Enlace simple (HDMI CEC): Enlace simple (HDMI CEC)<\/li>\n<li style=\"font-weight: 400;\">eARC \/ ARC (Canal de retorno de audio): eARC (HDMI 2)<\/li>\n<li style=\"font-weight: 400;\">USB: 1 (Lado)<\/li>\n<li style=\"font-weight: 400;\">Y: Si<\/li>\n<li style=\"font-weight: 400;\">Entrada RF: Si<\/li>\n<li style=\"font-weight: 400;\">SPDIF (salida de audio digital \u00f3ptica): Si<\/li>\n<li style=\"font-weight: 400;\">Wifi: Si (802.11ac)<\/li>\n<li style=\"font-weight: 400;\">Bluetooth: S\u00ed (V5.0)<\/li>\n<li style=\"font-weight: 400;\"><u>Consumo de Energ\u00eda:<\/u><\/li>\n<li style=\"font-weight: 400;\">Fuente de alimentaci\u00f3n : CA 100~240V 50-60Hz<\/li>\n<li style=\"font-weight: 400;\">Consumo de energ\u00eda en espera: Bajo 0.5W<\/li>\n<li style=\"font-weight: 400;\">Modo de ahorro de energ\u00eda: Si<\/li>\n<li style=\"font-weight: 400;\">Sensor de iluminancia verde: Si<\/li>\n<li style=\"font-weight: 400;\">Est\u00e1ndar de energ\u00eda: Si<\/li>\n<li style=\"font-weight: 400;\">Modelo: 86UQ9050PSC<\/li>\n<li style=\"font-weight: 400;\">Marca: LG<\/li>\n<li style=\"font-weight: 400;\"><b><strong>Medidas:<\/strong><\/b><\/li>\n<li style=\"font-weight: 400;\">Alto: 116.7 cm<\/li>\n<li style=\"font-weight: 400;\">Ancho: 192.7 cm<\/li>\n<li style=\"font-weight: 400;\">Profundidad: 36.1 cm<\/li>\n<\/ul>\n","protected":false},"excerpt":{"rendered":"<p>TV LG 86&#8243; UHD 4K SMART<\/p>\n","protected":false},"featured_media":18127,"comment_status":"open","ping_status":"closed","template":"","meta":{"_acf_changed":false},"pwb-brand":[370],"product_brand":[],"product_cat":[178,284,137],"product_tag":[430],"class_list":{"0":"post-13276","1":"product","2":"type-product","3":"status-publish","4":"has-post-thumbnail","6":"pwb-brand-lg","7":"product_cat-tv-y-video-televisores","8":"product_cat-tv","9":"product_cat-audio","10":"product_tag-oferta","12":"first","13":"instock","14":"shipping-taxable","15":"purchasable","16":"product-type-simple"},"acf":[],"brands":[{"id":370,"name":"LG","slug":"lg"}],"_links":{"self":[{"href":"https:\/\/triplex.com.bo\/index.php\/wp-json\/wp\/v2\/product\/13276","targetHints":{"allow":["GET"]}}],"collection":[{"href":"https:\/\/triplex.com.bo\/index.php\/wp-json\/wp\/v2\/product"}],"about":[{"href":"https:\/\/triplex.com.bo\/index.php\/wp-json\/wp\/v2\/types\/product"}],"replies":[{"embeddable":true,"href":"https:\/\/triplex.com.bo\/index.php\/wp-json\/wp\/v2\/comments?post=13276"}],"wp:featuredmedia":[{"embeddable":true,"href":"https:\/\/triplex.com.bo\/index.php\/wp-json\/wp\/v2\/media\/18127"}],"wp:attachment":[{"href":"https:\/\/triplex.com.bo\/index.php\/wp-json\/wp\/v2\/media?parent=13276"}],"wp:term":[{"taxonomy":"pwb-brand","embeddable":true,"href":"https:\/\/triplex.com.bo\/index.php\/wp-json\/wp\/v2\/pwb-brand?post=13276"},{"taxonomy":"product_brand","embeddable":true,"href":"https:\/\/triplex.com.bo\/index.php\/wp-json\/wp\/v2\/product_brand?post=13276"},{"taxonomy":"product_cat","embeddable":true,"href":"https:\/\/triplex.com.bo\/index.php\/wp-json\/wp\/v2\/product_cat?post=13276"},{"taxonomy":"product_tag","embeddable":true,"href":"https:\/\/triplex.com.bo\/index.php\/wp-json\/wp\/v2\/product_tag?post=13276"}],"curies":[{"name":"wp","href":"https:\/\/api.w.org\/{rel}","templated":true}]}}