{"id":13264,"date":"2023-06-09T15:23:54","date_gmt":"2023-06-09T15:23:54","guid":{"rendered":"https:\/\/triplex.com.bo\/?post_type=product&#038;p=13264"},"modified":"2025-06-24T15:46:33","modified_gmt":"2025-06-24T19:46:33","slug":"cafetera-prima-latte-touch-oster-bvstem6801m-053","status":"publish","type":"product","link":"https:\/\/triplex.com.bo\/index.php\/product\/cafetera-prima-latte-touch-oster-bvstem6801m-053\/","title":{"rendered":"CAFETERA PRIMA LATTE TOUCH OSTER"},"content":{"rendered":"<p>Si buscas una experiencia superior cuando tomas caf\u00e9 en casa, nuestra Cafetera Oster\u00ae PrimaLatte\u2122 Touch es para ti. Con ella puedes preparar f\u00e1cilmente bebidas especializadas, espresso, cappuccino o latte. Puedes usar caf\u00e9 ya molido o c\u00e1psulas.<br \/>\nEsta cafetera autom\u00e1tica cuenta con una barra de progreso que muestra el tiempo de pre-calentamiento y de preparaci\u00f3n, haciendo que el proceso del colado sea f\u00e1cil e intuitivo. Los 19 bar de presi\u00f3n producen una experiencia de caf\u00e9 apta para los paladares m\u00e1s exigentes.<br \/>\nLa cafetera incluye filtros de espresso sencillo y doble, filtros para sobres E.S.E. y portafiltro para c\u00e1psulas tipo Nespresso Original.<\/p>\n<p>Prepara y personaliza gran variedad de bebidas de caf\u00e9: espressos, cappuccinos, lattes, c\u00e1psulas y m\u00e1s<br \/>\nCompatible con caf\u00e9 espresso molido, sobres E.S.E. (sachects, pods) y c\u00e1psulas Nespresso\u00ae Original<br \/>\n2 veces m\u00e1s crema para una experiencia gourmet en su hogar<br \/>\nDep\u00f3sito de leche con 25% m\u00e1s capacidad** para preparar hasta 10 cappuccinos a la vez<br \/>\nSistema de 19 bar con bomba italiana y temperatura 30% m\u00e1s consistente para asegurar una taza de caf\u00e9 siempre perfecta<br \/>\nBarra indicadora de progreso para precalentamiento y preparaci\u00f3n<br \/>\nPanel t\u00e1ctil con funciones autom\u00e1ticas para espresso, cappuccino, latte y limpieza f\u00e1cil<br \/>\nDep\u00f3sitos de leche y agua removibles y de f\u00e1cil limpieza<br \/>\nBandeja de tazas ajustable para acomodar tazas peque\u00f1as y grandes.<br \/>\nAccesorios: portafolito de c\u00e1psulas Nespresso\u00ae*, filtros de caf\u00e9 para espresso sencillo y doble, cuchara\/aplanador<br \/>\nComparado con modelo Oster\u00ae BVSTEM6603<br \/>\nNespresso\u00ae es una marca registrada de Societ\u00e9 des Produits Nestl\u00e9 S.A. Los productos que llevan esta marca no tienen ninguna relaci\u00f3n con Sunbeam Products, Inc.<br \/>\nNespresso\u00ae no ha endosado esta m\u00e1quina de la marca Oster, o sus accesorios, para su uso con sus c\u00e1psulas de caf\u00e9.<\/p>\n","protected":false},"excerpt":{"rendered":"<p>CAFETERA PRIMA LATTE TOUCH OSTER BVSTEM6801M-053<\/p>\n","protected":false},"featured_media":13265,"comment_status":"open","ping_status":"closed","template":"","meta":{"_acf_changed":false},"pwb-brand":[235],"product_brand":[],"product_cat":[254,157],"product_tag":[],"class_list":{"0":"post-13264","1":"product","2":"type-product","3":"status-publish","4":"has-post-thumbnail","6":"pwb-brand-oster","7":"product_cat-electromenor-cafeteras","8":"product_cat-electromenor","10":"first","11":"outofstock","12":"shipping-taxable","13":"purchasable","14":"product-type-simple"},"acf":[],"brands":[{"id":235,"name":"OSTER","slug":"oster"}],"_links":{"self":[{"href":"https:\/\/triplex.com.bo\/index.php\/wp-json\/wp\/v2\/product\/13264","targetHints":{"allow":["GET"]}}],"collection":[{"href":"https:\/\/triplex.com.bo\/index.php\/wp-json\/wp\/v2\/product"}],"about":[{"href":"https:\/\/triplex.com.bo\/index.php\/wp-json\/wp\/v2\/types\/product"}],"replies":[{"embeddable":true,"href":"https:\/\/triplex.com.bo\/index.php\/wp-json\/wp\/v2\/comments?post=13264"}],"wp:featuredmedia":[{"embeddable":true,"href":"https:\/\/triplex.com.bo\/index.php\/wp-json\/wp\/v2\/media\/13265"}],"wp:attachment":[{"href":"https:\/\/triplex.com.bo\/index.php\/wp-json\/wp\/v2\/media?parent=13264"}],"wp:term":[{"taxonomy":"pwb-brand","embeddable":true,"href":"https:\/\/triplex.com.bo\/index.php\/wp-json\/wp\/v2\/pwb-brand?post=13264"},{"taxonomy":"product_brand","embeddable":true,"href":"https:\/\/triplex.com.bo\/index.php\/wp-json\/wp\/v2\/product_brand?post=13264"},{"taxonomy":"product_cat","embeddable":true,"href":"https:\/\/triplex.com.bo\/index.php\/wp-json\/wp\/v2\/product_cat?post=13264"},{"taxonomy":"product_tag","embeddable":true,"href":"https:\/\/triplex.com.bo\/index.php\/wp-json\/wp\/v2\/product_tag?post=13264"}],"curies":[{"name":"wp","href":"https:\/\/api.w.org\/{rel}","templated":true}]}}