{"id":13262,"date":"2023-06-09T15:20:44","date_gmt":"2023-06-09T15:20:44","guid":{"rendered":"https:\/\/triplex.com.bo\/?post_type=product&#038;p=13262"},"modified":"2025-06-20T11:09:05","modified_gmt":"2025-06-20T15:09:05","slug":"cafetera-12-tazas-oster-bvstdcs12b-053","status":"publish","type":"product","link":"https:\/\/triplex.com.bo\/index.php\/product\/cafetera-12-tazas-oster-bvstdcs12b-053\/","title":{"rendered":"CAFETERA 12 TAZAS OSTER"},"content":{"rendered":"<p>La cafetera Oster\u00ae de 12 tazas con filtro permanente permite disfrutar de una taza de caf\u00e9 reci\u00e9n hecha al momento que desees. Con su funci\u00f3n de pausa y servir, tambi\u00e9n puedes servir una taza de caf\u00e9 durante el proceso de colado, para disfrutar del rico sabor al momento que desees. \u00a1Cuenta con un nuevo dise\u00f1o ideal para tu cocina!<br \/>\nCafetera con capacidad para 12 tazas<br \/>\nFunci\u00f3n de pauta y servir que te permite servirte el caf\u00e9 durante el proceso de colado<br \/>\nLuz indicadora te permite saber si la cafetera est\u00e1 encendida o apagada<br \/>\nLa canasta removible facilita su llenado y limpieza<br \/>\nLas ventanillas dobles muestran la cantidad de agua que se encuentra en el tanque para llenarlo con precisi\u00f3n<br \/>\nIncluye filtro permanente para mayor comodidad<br \/>\n1000 watts de potencia<\/p>\n","protected":false},"excerpt":{"rendered":"<p>CAFETERA 12 TAZAS OSTER BVSTDCS12B-053<\/p>\n","protected":false},"featured_media":13263,"comment_status":"open","ping_status":"closed","template":"","meta":{"_acf_changed":false},"pwb-brand":[235],"product_brand":[],"product_cat":[254,157],"product_tag":[],"class_list":{"0":"post-13262","1":"product","2":"type-product","3":"status-publish","4":"has-post-thumbnail","6":"pwb-brand-oster","7":"product_cat-electromenor-cafeteras","8":"product_cat-electromenor","10":"first","11":"outofstock","12":"shipping-taxable","13":"purchasable","14":"product-type-simple"},"acf":[],"brands":[{"id":235,"name":"OSTER","slug":"oster"}],"_links":{"self":[{"href":"https:\/\/triplex.com.bo\/index.php\/wp-json\/wp\/v2\/product\/13262","targetHints":{"allow":["GET"]}}],"collection":[{"href":"https:\/\/triplex.com.bo\/index.php\/wp-json\/wp\/v2\/product"}],"about":[{"href":"https:\/\/triplex.com.bo\/index.php\/wp-json\/wp\/v2\/types\/product"}],"replies":[{"embeddable":true,"href":"https:\/\/triplex.com.bo\/index.php\/wp-json\/wp\/v2\/comments?post=13262"}],"wp:featuredmedia":[{"embeddable":true,"href":"https:\/\/triplex.com.bo\/index.php\/wp-json\/wp\/v2\/media\/13263"}],"wp:attachment":[{"href":"https:\/\/triplex.com.bo\/index.php\/wp-json\/wp\/v2\/media?parent=13262"}],"wp:term":[{"taxonomy":"pwb-brand","embeddable":true,"href":"https:\/\/triplex.com.bo\/index.php\/wp-json\/wp\/v2\/pwb-brand?post=13262"},{"taxonomy":"product_brand","embeddable":true,"href":"https:\/\/triplex.com.bo\/index.php\/wp-json\/wp\/v2\/product_brand?post=13262"},{"taxonomy":"product_cat","embeddable":true,"href":"https:\/\/triplex.com.bo\/index.php\/wp-json\/wp\/v2\/product_cat?post=13262"},{"taxonomy":"product_tag","embeddable":true,"href":"https:\/\/triplex.com.bo\/index.php\/wp-json\/wp\/v2\/product_tag?post=13262"}],"curies":[{"name":"wp","href":"https:\/\/api.w.org\/{rel}","templated":true}]}}