{"id":13252,"date":"2023-06-01T20:04:54","date_gmt":"2023-06-01T20:04:54","guid":{"rendered":"https:\/\/triplex.com.bo\/?post_type=product&#038;p=13252"},"modified":"2026-03-04T18:22:37","modified_gmt":"2026-03-04T22:22:37","slug":"tv-lg-55-nano-cell-2","status":"publish","type":"product","link":"https:\/\/triplex.com.bo\/index.php\/product\/tv-lg-55-nano-cell-2\/","title":{"rendered":"TV LG 55&#8243; NANO CELL"},"content":{"rendered":"<p>Descripci\u00f3n General<br \/>\nFloreciendo con la esencia del color puro<br \/>\nExperimenta el nuevo color con Colores Puros y Real 4K en LG NanoCell TV.<br \/>\nTecnolog\u00eda de color esencial<br \/>\nLa tecnolog\u00eda LG NanoCell utiliza nanopart\u00edculas para filtrar los colores impuros de las longitudes de onda RGB.<br \/>\n*Im\u00e1genes simuladas para mejorar la comprensi\u00f3n de la caracter\u00edstica.<br \/>\nColor puro remasterizado impulsado por el procesador<br \/>\n4K Procesador Inteligente \u03b15 generaci\u00f3n 5 analiza el contenido original y lo optimiza para mejorar la calidad.<br \/>\nConveniencia personalizada para adaptarse a ti<br \/>\nLG NanoCell TV cuenta con una conveniente interfaz activada por voz que est\u00e1 totalmente personalizada para ti.<br \/>\nEl juego AAA comienza aqu\u00ed<br \/>\nTransforme su experiencia con juegos r\u00e1pidos y fluidos y si\u00e9ntase como si estuviera realmente inmerso en el juego.<br \/>\n*Las asociaciones admitidas pueden variar seg\u00fan el pa\u00eds.<br \/>\n*Game Dashboard &amp; Optimizer para juegos en la nube estar\u00e1 disponible a partir de la segunda mitad de 2022.<br \/>\nContenido sin fin, horas de disfrute<br \/>\nCon acceso directo a los principales servicios de transmisi\u00f3n, seguramente encontrar\u00e1 algo para todos.<br \/>\nSolo una cosa m\u00e1s para amar de NanoCell<br \/>\nEl empaque de LG NanoCell ha sido redise\u00f1ado usando impresi\u00f3n de un solo color y una caja reciclable.<br \/>\n*El contenido de la caja puede variar seg\u00fan el modelo o el pa\u00eds.<\/p>\n","protected":false},"excerpt":{"rendered":"<p>TV LG 55&#8243; NANO CELL<\/p>\n","protected":false},"featured_media":13253,"comment_status":"open","ping_status":"closed","template":"","meta":{"_acf_changed":false},"pwb-brand":[370],"product_brand":[],"product_cat":[178,284,137],"product_tag":[430],"class_list":{"0":"post-13252","1":"product","2":"type-product","3":"status-publish","4":"has-post-thumbnail","6":"pwb-brand-lg","7":"product_cat-tv-y-video-televisores","8":"product_cat-tv","9":"product_cat-audio","10":"product_tag-oferta","12":"first","13":"instock","14":"shipping-taxable","15":"purchasable","16":"product-type-simple"},"acf":[],"brands":[{"id":370,"name":"LG","slug":"lg"}],"_links":{"self":[{"href":"https:\/\/triplex.com.bo\/index.php\/wp-json\/wp\/v2\/product\/13252","targetHints":{"allow":["GET"]}}],"collection":[{"href":"https:\/\/triplex.com.bo\/index.php\/wp-json\/wp\/v2\/product"}],"about":[{"href":"https:\/\/triplex.com.bo\/index.php\/wp-json\/wp\/v2\/types\/product"}],"replies":[{"embeddable":true,"href":"https:\/\/triplex.com.bo\/index.php\/wp-json\/wp\/v2\/comments?post=13252"}],"wp:featuredmedia":[{"embeddable":true,"href":"https:\/\/triplex.com.bo\/index.php\/wp-json\/wp\/v2\/media\/13253"}],"wp:attachment":[{"href":"https:\/\/triplex.com.bo\/index.php\/wp-json\/wp\/v2\/media?parent=13252"}],"wp:term":[{"taxonomy":"pwb-brand","embeddable":true,"href":"https:\/\/triplex.com.bo\/index.php\/wp-json\/wp\/v2\/pwb-brand?post=13252"},{"taxonomy":"product_brand","embeddable":true,"href":"https:\/\/triplex.com.bo\/index.php\/wp-json\/wp\/v2\/product_brand?post=13252"},{"taxonomy":"product_cat","embeddable":true,"href":"https:\/\/triplex.com.bo\/index.php\/wp-json\/wp\/v2\/product_cat?post=13252"},{"taxonomy":"product_tag","embeddable":true,"href":"https:\/\/triplex.com.bo\/index.php\/wp-json\/wp\/v2\/product_tag?post=13252"}],"curies":[{"name":"wp","href":"https:\/\/api.w.org\/{rel}","templated":true}]}}