{"id":13250,"date":"2023-06-01T19:56:23","date_gmt":"2023-06-01T19:56:23","guid":{"rendered":"https:\/\/triplex.com.bo\/?post_type=product&#038;p=13250"},"modified":"2025-01-20T14:57:36","modified_gmt":"2025-01-20T18:57:36","slug":"tv-lg-50","status":"publish","type":"product","link":"https:\/\/triplex.com.bo\/index.php\/product\/tv-lg-50\/","title":{"rendered":"TV LG 50&#8243;"},"content":{"rendered":"<ul>\n<li>LG UHD ThinQ AI 50\u00bb UQ8050 4K Smart TV, 4K SmartProcessor ?5 Generation 5, Magic Remote<\/li>\n<li>Crystal 4K Experiencia de gran nitidez<\/li>\n<li>Los televisores UHD de LG mejoran tu experiencia visual.Disfruta de colores vivos y detalles impresionantes con un 4K real.<\/li>\n<li>Descubre la televisi\u00f3n UHD como nunca antes la hab\u00edasvisto<\/li>\n<li>Vive de cerca tus contenidos favoritos con un televisorultra grande UHD 4K<\/li>\n<li>Se adapta f\u00e1cilmente a cada espacio<\/li>\n<li>LG UHD TV cuenta con un dise\u00f1o delgado y menos biselcomplementando con armon\u00eda el interior de tu hogar.<\/li>\n<li>Mejora tu experiencia visual<\/li>\n<li>El procesador ?5 Gen5 AI mejora el televisor LG UHD parabrindarte una experiencia inmersiva.<\/li>\n<li>Nueva definici\u00f3n del 4K<\/li>\n<li>Observa contenidos escalados a 4K en una gran pantalla, emoci\u00f3natecon la claridad y la precisi\u00f3n en cada momento.<\/li>\n<li>Inteligente m\u00e1s all\u00e1 de lo que piensas<\/li>\n<li>Desde el control por voz hasta los contenidospersonalizados, ThinQ AI convierte el televisor UHD de LG en una experienciarealmente inteligente.<\/li>\n<li>Inteligente m\u00e1s all\u00e1 de lo que piensas<\/li>\n<li>F\u00e1cil control con solo su voz. El control de vozinteligente a trav\u00e9s del Asistente de Google, Amazon Alexa, Apple AirPlay ym\u00e1s, hace que controlar su televisor LG UHD sea m\u00e1s f\u00e1cil y r\u00e1pido que nunca.<\/li>\n<li>Mi perfil<\/li>\n<li>Disfruta iniciando sesi\u00f3n en tu propia cuenta ydescubriendo el contenido recomendado solo para ti, cada uno en casa tendr\u00e1 supropia cuenta.<\/li>\n<li>Alerta deportes<\/li>\n<li>\u00a1Con la alerta deportes, puede dejar de preocuparse porperderse sus partidos favoritos! Reciba notificaciones antes y durante todoslos partidos m\u00e1s importantes.<\/li>\n<li>Vive el cine en casa<\/li>\n<li>Disfruta en 4K y vive una experiencia visual como la delcine.<\/li>\n<li>HDR10 Pro<\/li>\n<li>Con HDR10 Pro, el nivel de brillo se ajusta para mejorarel color y la claridad en cada imagen. D\u00e9jese hipnotizar por lo realista que seve su contenido.<\/li>\n<li>Prep\u00e1rate para jugar de forma \u00e9pica<\/li>\n<li>Con\u00e9ctese a sus servicios de suscripci\u00f3n de paramantenerse al d\u00eda con sus programas. Disfruta de una fant\u00e1stica experiencia dejuego, el panel de control para juegos, el optimizador de juegos y HGiG, ser\u00e1naliados perfectos.<\/li>\n<li>Panel de control de juegos y optimizador<\/li>\n<li>Encuentre todas las configuraciones que necesita para unjuego \u00f3ptimo en un solo lugar. El panel de control para juegos le permitecambiar r\u00e1pidamente la configuraci\u00f3n actual del g\u00e9nero del juego.<\/li>\n<li>Especificaciones:<\/li>\n<li>Calidad De Imagen:<\/li>\n<li>Tipo de procesador: 4K Procesador Inteligente ?5generaci\u00f3n 5<\/li>\n<li>Versi\u00f3n del Procesador: a5<\/li>\n<li>Cantidad de N\u00facleos del Procesador: Quad<\/li>\n<li>HDR: HDR activo<\/li>\n<li>Resoluci\u00f3n: 3840&#215;2160<\/li>\n<li>HDR10 Pro: S\u00ed<\/li>\n<li>Modo Cineasta: S\u00ed<\/li>\n<li>Compatible con G-Sync: NO<\/li>\n<li>Respuesta instant\u00e1nea de juego (VRR\/ALLM): ALLM<\/li>\n<li>Gigahertz del Procesador: 1,0 GHz<\/li>\n<li>A\u00f1o de Lanzamiento del Procesador: 2022<\/li>\n<li>Tipo de pantalla: 4K UHD<\/li>\n<li>Tasa de Refresco: 60 Hz<\/li>\n<li>Escalador AI: Escalador 4K<\/li>\n<li>Control de brillo AI: S\u00ed<\/li>\n<li>HLG: S\u00ed<\/li>\n<li>Mapeo din\u00e1mico de tonos: Mapeo din\u00e1mico de tonos<\/li>\n<li>HEVC: 4K 60p, 10 bits<\/li>\n<li>Modo HGIG: S\u00ed<\/li>\n<li>Sonido:<\/li>\n<li>Tecnolog\u00eda de Audio: Ultra Surround<\/li>\n<li>Canales: 2.0 CH 20W<\/li>\n<li>Direcci\u00f3n: Hacia abajo<\/li>\n<li>Salida de audio simult\u00e1nea: S\u00ed<\/li>\n<li>Sonido AI \/ Pro: Sonido AI<\/li>\n<li>Afinaci\u00f3n ac\u00fastica AI: S\u00ed<\/li>\n<li>Clear Voice: Clear Voice Pro<\/li>\n<li>Bluetooth Surround Ready: S\u00ed<\/li>\n<li>Compartir Sonido: S\u00ed<\/li>\n<li>Smart Tv:<\/li>\n<li>Smart TV: S\u00ed<\/li>\n<li>Sistema Operativo: webOS 22 Smart TV<\/li>\n<li>Inteligencia artificial: S\u00ed LG ThinQ AI<\/li>\n<li>Tipo de control remoto: Magic Remote<\/li>\n<li>Control por voz: S\u00ed<\/li>\n<li>WIFI Incorporado: S\u00ed<\/li>\n<li>Bluetooth: S\u00ed<\/li>\n<li>Home Dashboard: S\u00ed<\/li>\n<li>Apple Homekit: S\u00ed<\/li>\n<li>Airplay2: S\u00ed<\/li>\n<li>Compartir Pantalla: S\u00ed<\/li>\n<li>Conectividad:<\/li>\n<li>HDMI: 3 HDMI<\/li>\n<li>USB: 1 USB<\/li>\n<li>Sintonizador: Sintonizador Digital Incorporado<\/li>\n<li>Entradas Componente: No<\/li>\n<li>Memoria RAM: 1.5GB<\/li>\n<li>Memoria de almacenamiento: 8GB<\/li>\n<li>Versi\u00f3n HDMI: 2.0<\/li>\n<li>Modelo: 50UQ8050PSB<\/li>\n<li>Marca: LG<\/li>\n<li>Medidas:<\/li>\n<li>Medidas TV Sin Base<\/li>\n<li>Alto: 65.1 cm<\/li>\n<li>Ancho: 112.1 cm<\/li>\n<li>Profundidad: 5.71 cm<\/li>\n<li>Medidas TV Con Base<\/li>\n<li>Alto: 71.3 cm<\/li>\n<li>Ancho: 112.1 cm<\/li>\n<li>Profundidad: 23.1 cm<\/li>\n<\/ul>\n","protected":false},"excerpt":{"rendered":"<p>TV LG 50&#8243;<\/p>\n","protected":false},"featured_media":13251,"comment_status":"open","ping_status":"closed","template":"","meta":{"_acf_changed":false},"pwb-brand":[370],"product_brand":[],"product_cat":[178,284],"product_tag":[],"class_list":{"0":"post-13250","1":"product","2":"type-product","3":"status-publish","4":"has-post-thumbnail","6":"pwb-brand-lg","7":"product_cat-tv-y-video-televisores","8":"product_cat-tv","10":"first","11":"outofstock","12":"shipping-taxable","13":"purchasable","14":"product-type-simple"},"acf":[],"brands":[{"id":370,"name":"LG","slug":"lg"}],"_links":{"self":[{"href":"https:\/\/triplex.com.bo\/index.php\/wp-json\/wp\/v2\/product\/13250","targetHints":{"allow":["GET"]}}],"collection":[{"href":"https:\/\/triplex.com.bo\/index.php\/wp-json\/wp\/v2\/product"}],"about":[{"href":"https:\/\/triplex.com.bo\/index.php\/wp-json\/wp\/v2\/types\/product"}],"replies":[{"embeddable":true,"href":"https:\/\/triplex.com.bo\/index.php\/wp-json\/wp\/v2\/comments?post=13250"}],"wp:featuredmedia":[{"embeddable":true,"href":"https:\/\/triplex.com.bo\/index.php\/wp-json\/wp\/v2\/media\/13251"}],"wp:attachment":[{"href":"https:\/\/triplex.com.bo\/index.php\/wp-json\/wp\/v2\/media?parent=13250"}],"wp:term":[{"taxonomy":"pwb-brand","embeddable":true,"href":"https:\/\/triplex.com.bo\/index.php\/wp-json\/wp\/v2\/pwb-brand?post=13250"},{"taxonomy":"product_brand","embeddable":true,"href":"https:\/\/triplex.com.bo\/index.php\/wp-json\/wp\/v2\/product_brand?post=13250"},{"taxonomy":"product_cat","embeddable":true,"href":"https:\/\/triplex.com.bo\/index.php\/wp-json\/wp\/v2\/product_cat?post=13250"},{"taxonomy":"product_tag","embeddable":true,"href":"https:\/\/triplex.com.bo\/index.php\/wp-json\/wp\/v2\/product_tag?post=13250"}],"curies":[{"name":"wp","href":"https:\/\/api.w.org\/{rel}","templated":true}]}}