{"id":13230,"date":"2023-05-26T19:16:34","date_gmt":"2023-05-26T19:16:34","guid":{"rendered":"https:\/\/triplex.com.bo\/?post_type=product&#038;p=13230"},"modified":"2026-03-04T20:42:05","modified_gmt":"2026-03-05T00:42:05","slug":"freidora-de-aire-5ltrs-electrolux-negra","status":"publish","type":"product","link":"https:\/\/triplex.com.bo\/index.php\/product\/freidora-de-aire-5ltrs-electrolux-negra\/","title":{"rendered":"FREIDORA DE AIRE 5LTRS ELECTROLUX NEGRA"},"content":{"rendered":"<p>Prepara comida de forma pr\u00e1ctica y saludable, en la cantidad ideal para toda la familia con el AirFryer Electrolux Family Efficient (EAF50). Optimiza el tiempo de cocci\u00f3n haciendo porciones m\u00e1s grandes de una sola vez, todo esto gracias a su gran capacidad de 5L.<\/p>\n<p>La Freidora de Aire Electrolux tiene una cesta interna de 5L de capacidad total para que puedas compartir deliciosos momentos.<\/p>\n<p>Las 8 recetas preestablecidas en la parte superior del Airfryer indican el tiempo de preparaci\u00f3n y la temperatura. Prepara platos familiares como pan de queso, verduras, pollo y m\u00e1s, con la certeza de un resultado delicioso y para toda la familia. La cesta interna es extra\u00edble y tiene una doble capa de revestimiento antiadherente, lo que ofrece una mayor durabilidad y facilidad de limpieza. Adem\u00e1s, el bowl y la cesta son aptos para lavavajillas.<\/p>\n<p>Ideal para el uso diario, el AirFryer Electrolux Family Efficient est\u00e1 equipado con un temporizador de 60 minutos. Una vez transcurrido el tiempo de preparaci\u00f3n seleccionado, el producto se apaga autom\u00e1ticamente, evitando que los alimentos se pasen del tiempo de cocci\u00f3n deseado. Intuitivo, el AirFryer de 5L ofrece un selector de temperatura que va de 80\u00b0C a 200\u00b0C, para que puedas elegir la opci\u00f3n ideal para las diferentes preparaciones.<\/p>\n<p>Capacidad de 5L: Tiene un contenedor de 5L de capacidad total para preparar recetas que sirvan a toda la familia.<\/p>\n<p>Recetas saludables y f\u00e1ciles de preparar: Al preparar recetas en el AirFryer, se reduce el consumo de aceite. Haz recetas con menos calor\u00edas y grasas.<\/p>\n<p>Panel de 8 recetas preestablecidas: Indica el tiempo y la temperatura de preparaci\u00f3n. Practicidad en la elaboraci\u00f3n de platos conocidos con la certeza de un resultado delicioso.<\/p>\n<p>Duradero y f\u00e1cil de limpiar: Contenedor con doble capa de revestimiento anti-adherente. Adem\u00e1s de ser m\u00e1s resistente, facilita la limpieza al evitar que los ingredientes se peguen al fondo.<\/p>\n<p>Practicidad para tu rutina diaria: Bowl y cesta interior extra\u00edbles y aptos para el lavavajillas.<\/p>\n<p>Seguridad para tu rutina: Temporizador de hasta 60 minutos que se apaga autom\u00e1ticamente al llegar al tiempo seleccionado, evitando que la cocci\u00f3n supere el periodo seleccionado.<\/p>\n<p>Selector de temperatura intuitivo: Seleccione la temperatura deseada. Con un rango de 80\u00b0C a 200\u00b0C, permite alcanzar el punto deseado de varias recetas.<\/p>\n<p>Potencia de 1500W: Hornea o fr\u00ede tus platos favoritos r\u00e1pidamente.<\/p>\n<p>Luz indicadora de funcionamiento: Indica cuando el AirFryer est\u00e1 funcionando o calent\u00e1ndose, ofreciendo m\u00e1s seguridad.<\/p>\n","protected":false},"excerpt":{"rendered":"<p>FREIDORA DE AIRE 5LTRS Electrolux NEGRA<\/p>\n","protected":false},"featured_media":13231,"comment_status":"open","ping_status":"closed","template":"","meta":{"_acf_changed":false},"pwb-brand":[207],"product_brand":[],"product_cat":[157,166,209],"product_tag":[],"class_list":{"0":"post-13230","1":"product","2":"type-product","3":"status-publish","4":"has-post-thumbnail","6":"pwb-brand-electrolux","7":"product_cat-electromenor","8":"product_cat-freidoras","9":"product_cat-ofertas-especiales","11":"first","12":"instock","13":"sale","14":"shipping-taxable","15":"purchasable","16":"product-type-simple"},"acf":[],"brands":[{"id":207,"name":"Electrolux","slug":"electrolux"}],"_links":{"self":[{"href":"https:\/\/triplex.com.bo\/index.php\/wp-json\/wp\/v2\/product\/13230","targetHints":{"allow":["GET"]}}],"collection":[{"href":"https:\/\/triplex.com.bo\/index.php\/wp-json\/wp\/v2\/product"}],"about":[{"href":"https:\/\/triplex.com.bo\/index.php\/wp-json\/wp\/v2\/types\/product"}],"replies":[{"embeddable":true,"href":"https:\/\/triplex.com.bo\/index.php\/wp-json\/wp\/v2\/comments?post=13230"}],"wp:featuredmedia":[{"embeddable":true,"href":"https:\/\/triplex.com.bo\/index.php\/wp-json\/wp\/v2\/media\/13231"}],"wp:attachment":[{"href":"https:\/\/triplex.com.bo\/index.php\/wp-json\/wp\/v2\/media?parent=13230"}],"wp:term":[{"taxonomy":"pwb-brand","embeddable":true,"href":"https:\/\/triplex.com.bo\/index.php\/wp-json\/wp\/v2\/pwb-brand?post=13230"},{"taxonomy":"product_brand","embeddable":true,"href":"https:\/\/triplex.com.bo\/index.php\/wp-json\/wp\/v2\/product_brand?post=13230"},{"taxonomy":"product_cat","embeddable":true,"href":"https:\/\/triplex.com.bo\/index.php\/wp-json\/wp\/v2\/product_cat?post=13230"},{"taxonomy":"product_tag","embeddable":true,"href":"https:\/\/triplex.com.bo\/index.php\/wp-json\/wp\/v2\/product_tag?post=13230"}],"curies":[{"name":"wp","href":"https:\/\/api.w.org\/{rel}","templated":true}]}}